{"id":80,"date":"2025-04-19T17:06:31","date_gmt":"2025-04-19T15:06:31","guid":{"rendered":"http:\/\/relaunch.kanatu.de\/?page_id=80"},"modified":"2025-04-19T17:06:31","modified_gmt":"2025-04-19T15:06:31","slug":"agb","status":"publish","type":"page","link":"https:\/\/kanatu.de\/en\/agb\/","title":{"rendered":"AGB"},"content":{"rendered":"<p>[et_pb_section fb_built=&#8220;1&#8243; _builder_version=&#8220;4.27.4&#8243; _module_preset=&#8220;default&#8220; global_colors_info=&#8220;{}&#8220; theme_builder_area=&#8220;post_content&#8220;][et_pb_row _builder_version=&#8220;4.27.4&#8243; _module_preset=&#8220;default&#8220; global_colors_info=&#8220;{}&#8220; theme_builder_area=&#8220;post_content&#8220;][et_pb_column type=&#8220;4_4&#8243; _builder_version=&#8220;4.27.4&#8243; _module_preset=&#8220;default&#8220; global_colors_info=&#8220;{}&#8220; theme_builder_area=&#8220;post_content&#8220;][et_pb_text _builder_version=&#8220;4.27.4&#8243; _module_preset=&#8220;default&#8220; hover_enabled=&#8220;0&#8243; global_colors_info=&#8220;{}&#8220; theme_builder_area=&#8220;post_content&#8220; sticky_enabled=&#8220;0&#8243;]<\/p>\n<p class=\"u-text u-text-default u-text-1\"><span>Gesch\u00e4ftsbedingungen Kanuverleih\u00a0Kanatu<\/span><\/p>\n<p><span class=\"u-text-palette-2-base\">1.\u00a0Auftrag<\/span><\/p>\n<p>Die Annahme Ihres Auftrags kann pers\u00f6nlich, telefonisch oder schriftlich erfolgen. Im Anschluss erhalten Sie ein schriftliches\u00a0Angebot.<\/p>\n<p><span class=\"u-text-palette-2-base\">2.\u00a0Zahlung<\/span><\/p>\n<p>F\u00fcr die Reservierung von Booten, der Ferienwohnung sowie von vermittelten und durch den Kanuverleih Kanatu reservierten Unterk\u00fcnften m\u00fcssen Sie eine Anzahlung von mindestens 30% des gesamten Mietpreises und bei Klassenfahrten mindestens 10%, nach dem Eingang des schriftlichen Angebots, entrichten. Erst mit dem Erhalt der Anzahlung gilt ihr Auftrag als angenommen und Sie erhalten eine Buchungsbest\u00e4tigung.<\/p>\n<p>Die Zahlung des noch verbleibenden Mietpreises erfolgt bei Bootsreservierungen und bei der Ferienwohnung bei der Entgegennahme der Mietgegenst\u00e4nde\/ bzw. vor Bezug der Wohnung. Bei Bootsreservierungen \u00fcber Christi Himmelfahrt und \u00fcber Pfingsten, bei Klassenfahrten sowie bei vermittelten und durch den Kanuverleih Kanatu reservierten Unterk\u00fcnften wird der noch verbleibende Restbetrag 4 Wochen vor Reisebeginn f\u00e4llig.<\/p>\n<p><span class=\"u-text-palette-2-base\">3.\u00a0R\u00fccktritt<\/span><\/p>\n<p>Ein R\u00fccktritt von der Reise ist jederzeit m\u00f6glich, muss aber schriftlich erkl\u00e4rt werden. Der Zugang der R\u00fccktrittserkl\u00e4rung bei uns ist ma\u00dfgeblich f\u00fcr die daraus entstehenden Kosten:10% des Preises bis 90 Tage vor Reisebeginn<\/p>\n<p>30% des Preises 14 Tage vor Reisebeginn<br \/>50% des Preises 7 Tage vor Reisebeginn<br \/>80% des Preises 5 Tage vor Reisebeginn<br \/>90% des Preises 1 Tag vor Reisebeginn oder bei Nichterscheinen<\/p>\n<p>Bei vorzeitiger Abreise\/ bzw. vorzeitiger R\u00fcckgabe der Mietgegenst\u00e4nde kann der Mietpreis nicht gemindert werden. Wir empfehlen eine Reiser\u00fccktrittsversicherung abzuschlie\u00dfen.<\/p>\n<p><span class=\"u-text-palette-2-base\">4.\u00a0Leistungsumfang<\/span><\/p>\n<p>Wir stellen Ihnen die im Vertrag vereinbarten Gegenst\u00e4nde zur Verf\u00fcgung. Werden weitere Leistungen gew\u00fcnscht m\u00fcssen auch diese vertraglich geregelt werden.<\/p>\n<p><span class=\"u-text-palette-2-base\">5.\u00a0Haftung und gegenseitige Verpflichtung<\/span><\/p>\n<p>Wir werden die vereinbarten Leistungen auftragsgem\u00e4\u00df erbringen. K\u00f6nnen diese Leistungen aus von uns verschuldeten Gr\u00fcnden nicht erbracht werden, haften wir bis zur vollen H\u00f6he des Leistungspreises. Eine weitergehende Haftung, ausgenommen bei vors\u00e4tzlichem Verschulden oder grober Fahrl\u00e4ssigkeit, ist ausgeschlossen.<\/p>\n<p>Nehmen Sie an unseren gef\u00fchrten Touren oder Veranstaltungen teil, erfolgt das auf eigene Gefahr, ebenso wie das Benutzen der von uns gemieteten Gegenst\u00e4nde.<\/p>\n<p>Durch Ihre Auftragserteilung verpflichten Sie sich beim Benutzen der von uns gemieteten Boote, dass alle Benutzer des Bootes \u00fcber ausreichende Schwimmf\u00e4higkeiten verf\u00fcgen und eine ausreichende Schwimmhilfe tragen und nicht im alkoholisiertem oder fahrunt\u00fcchtigem Zustand sind. Insbesondere Kinder unter 8 Jahren oder Personen ohne ausreichende Schwimmf\u00e4higkeiten d\u00fcrfen nur mit geeigneter Schwimmweste bef\u00f6rdert werden.<\/p>\n<p>Durch das Mieten unserer Boote verpflichten Sie sich au\u00dferdem, diese nur bis zur zul\u00e4ssigen H\u00f6chstpersonenzahl und H\u00f6chstzuladung auszulasten und nicht bei Dunkelheit, Nebel, Hochwasser, Sturm, Eis, aufziehendem Gewitter oder Unwetter zu benutzen.<\/p>\n<p>Au\u00dferdem sind Sie verpflichtet die schifffahrtspolizeilichen Vorschriften und geltenden Umwelt- und Naturschutzbestimmungen einzuhalten.<\/p>\n<p>Wir \u00fcbergeben unser Material in technisch einwandfreiem und sauberem Zustand. Boote und Ausr\u00fcstungsgegenst\u00e4nde m\u00fcssen in ebensolchem Zustand zur\u00fcckgegeben werden.<\/p>\n<p>Bei Verlust, Diebstahl oder Besch\u00e4digung der Mietsachen haften Sie in vollem Umfang bis zum Wiederbeschaffungswert der Mietsachen und bis zu dem Zeitpunkt, zu dem Sie die Mietsachen wieder zur\u00fcckgegeben haben. Entsteht durch einen von Ihnen verursachten Schaden an unseren Booten oder Ausr\u00fcstungsgegenst\u00e4nden ein Leistungsausfall an einem weiteren Kunden, so haften Sie als Verursacher f\u00fcr diesen Leistungsausfall.Mit der \u00dcbernahme unseres Materials erkennen Sie diese Gesch\u00e4ftsbedingungen an.<\/p>\n<p><span class=\"u-text-palette-2-base\">Stand: 01.02.2014<\/span><\/p>\n<p>[\/et_pb_text][\/et_pb_column][\/et_pb_row][\/et_pb_section]<\/p>\n","protected":false},"excerpt":{"rendered":"<p>Gesch\u00e4ftsbedingungen Kanuverleih\u00a0Kanatu 1.\u00a0Auftrag Die Annahme Ihres Auftrags kann pers\u00f6nlich, telefonisch oder schriftlich erfolgen. Im Anschluss erhalten Sie ein schriftliches\u00a0Angebot. 2.\u00a0Zahlung F\u00fcr die Reservierung von Booten, der Ferienwohnung sowie von vermittelten und durch den Kanuverleih Kanatu reservierten Unterk\u00fcnften m\u00fcssen Sie eine Anzahlung von mindestens 30% des gesamten Mietpreises und bei Klassenfahrten mindestens 10%, nach dem Eingang [&hellip;]<\/p>\n","protected":false},"author":1,"featured_media":0,"parent":0,"menu_order":0,"comment_status":"closed","ping_status":"closed","template":"","meta":{"_et_pb_use_builder":"on","_et_pb_old_content":"","_et_gb_content_width":"","footnotes":""},"class_list":["post-80","page","type-page","status-publish","hentry"],"yoast_head":"<!-- This site is optimized with the Yoast SEO plugin v27.1.1 - https:\/\/yoast.com\/product\/yoast-seo-wordpress\/ -->\n<title>AGB - Kanatu Priepert<\/title>\n<meta name=\"robots\" content=\"index, follow, max-snippet:-1, max-image-preview:large, max-video-preview:-1\" \/>\n<link rel=\"canonical\" href=\"https:\/\/kanatu.de\/en\/agb\/\" \/>\n<meta property=\"og:locale\" content=\"en_US\" \/>\n<meta property=\"og:type\" content=\"article\" \/>\n<meta property=\"og:title\" content=\"AGB - Kanatu Priepert\" \/>\n<meta property=\"og:description\" content=\"Gesch\u00e4ftsbedingungen Kanuverleih\u00a0Kanatu 1.\u00a0Auftrag Die Annahme Ihres Auftrags kann pers\u00f6nlich, telefonisch oder schriftlich erfolgen. Im Anschluss erhalten Sie ein schriftliches\u00a0Angebot. 2.\u00a0Zahlung F\u00fcr die Reservierung von Booten, der Ferienwohnung sowie von vermittelten und durch den Kanuverleih Kanatu reservierten Unterk\u00fcnften m\u00fcssen Sie eine Anzahlung von mindestens 30% des gesamten Mietpreises und bei Klassenfahrten mindestens 10%, nach dem Eingang [&hellip;]\" \/>\n<meta property=\"og:url\" content=\"https:\/\/kanatu.de\/en\/agb\/\" \/>\n<meta property=\"og:site_name\" content=\"Kanatu Priepert\" \/>\n<meta name=\"twitter:card\" content=\"summary_large_image\" \/>\n<meta name=\"twitter:label1\" content=\"Est. reading time\" \/>\n\t<meta name=\"twitter:data1\" content=\"3 minutes\" \/>\n<script type=\"application\/ld+json\" class=\"yoast-schema-graph\">{\"@context\":\"https:\/\/schema.org\",\"@graph\":[{\"@type\":\"WebPage\",\"@id\":\"https:\/\/kanatu.de\/agb\/\",\"url\":\"https:\/\/kanatu.de\/agb\/\",\"name\":\"AGB - Kanatu Priepert\",\"isPartOf\":{\"@id\":\"https:\/\/kanatu.de\/#website\"},\"datePublished\":\"2025-04-19T15:06:31+00:00\",\"breadcrumb\":{\"@id\":\"https:\/\/kanatu.de\/agb\/#breadcrumb\"},\"inLanguage\":\"en-US\",\"potentialAction\":[{\"@type\":\"ReadAction\",\"target\":[\"https:\/\/kanatu.de\/agb\/\"]}]},{\"@type\":\"BreadcrumbList\",\"@id\":\"https:\/\/kanatu.de\/agb\/#breadcrumb\",\"itemListElement\":[{\"@type\":\"ListItem\",\"position\":1,\"name\":\"Start\",\"item\":\"https:\/\/kanatu.de\/\"},{\"@type\":\"ListItem\",\"position\":2,\"name\":\"AGB\"}]},{\"@type\":\"WebSite\",\"@id\":\"https:\/\/kanatu.de\/#website\",\"url\":\"https:\/\/kanatu.de\/\",\"name\":\"Kanatu Priepert\",\"description\":\"Entdecke die Mecklenburgische Seenplatte auf dem Wasser!\",\"potentialAction\":[{\"@type\":\"SearchAction\",\"target\":{\"@type\":\"EntryPoint\",\"urlTemplate\":\"https:\/\/kanatu.de\/?s={search_term_string}\"},\"query-input\":{\"@type\":\"PropertyValueSpecification\",\"valueRequired\":true,\"valueName\":\"search_term_string\"}}],\"inLanguage\":\"en-US\"}]}<\/script>\n<!-- \/ Yoast SEO plugin. -->","yoast_head_json":{"title":"AGB - Kanatu Priepert","robots":{"index":"index","follow":"follow","max-snippet":"max-snippet:-1","max-image-preview":"max-image-preview:large","max-video-preview":"max-video-preview:-1"},"canonical":"https:\/\/kanatu.de\/en\/agb\/","og_locale":"en_US","og_type":"article","og_title":"AGB - Kanatu Priepert","og_description":"Gesch\u00e4ftsbedingungen Kanuverleih\u00a0Kanatu 1.\u00a0Auftrag Die Annahme Ihres Auftrags kann pers\u00f6nlich, telefonisch oder schriftlich erfolgen. Im Anschluss erhalten Sie ein schriftliches\u00a0Angebot. 2.\u00a0Zahlung F\u00fcr die Reservierung von Booten, der Ferienwohnung sowie von vermittelten und durch den Kanuverleih Kanatu reservierten Unterk\u00fcnften m\u00fcssen Sie eine Anzahlung von mindestens 30% des gesamten Mietpreises und bei Klassenfahrten mindestens 10%, nach dem Eingang [&hellip;]","og_url":"https:\/\/kanatu.de\/en\/agb\/","og_site_name":"Kanatu Priepert","twitter_card":"summary_large_image","twitter_misc":{"Est. reading time":"3 minutes"},"schema":{"@context":"https:\/\/schema.org","@graph":[{"@type":"WebPage","@id":"https:\/\/kanatu.de\/agb\/","url":"https:\/\/kanatu.de\/agb\/","name":"AGB - Kanatu Priepert","isPartOf":{"@id":"https:\/\/kanatu.de\/#website"},"datePublished":"2025-04-19T15:06:31+00:00","breadcrumb":{"@id":"https:\/\/kanatu.de\/agb\/#breadcrumb"},"inLanguage":"en-US","potentialAction":[{"@type":"ReadAction","target":["https:\/\/kanatu.de\/agb\/"]}]},{"@type":"BreadcrumbList","@id":"https:\/\/kanatu.de\/agb\/#breadcrumb","itemListElement":[{"@type":"ListItem","position":1,"name":"Start","item":"https:\/\/kanatu.de\/"},{"@type":"ListItem","position":2,"name":"AGB"}]},{"@type":"WebSite","@id":"https:\/\/kanatu.de\/#website","url":"https:\/\/kanatu.de\/","name":"Kanatu Priepert","description":"Entdecke die Mecklenburgische Seenplatte auf dem Wasser!","potentialAction":[{"@type":"SearchAction","target":{"@type":"EntryPoint","urlTemplate":"https:\/\/kanatu.de\/?s={search_term_string}"},"query-input":{"@type":"PropertyValueSpecification","valueRequired":true,"valueName":"search_term_string"}}],"inLanguage":"en-US"}]}},"_links":{"self":[{"href":"https:\/\/kanatu.de\/en\/wp-json\/wp\/v2\/pages\/80","targetHints":{"allow":["GET"]}}],"collection":[{"href":"https:\/\/kanatu.de\/en\/wp-json\/wp\/v2\/pages"}],"about":[{"href":"https:\/\/kanatu.de\/en\/wp-json\/wp\/v2\/types\/page"}],"author":[{"embeddable":true,"href":"https:\/\/kanatu.de\/en\/wp-json\/wp\/v2\/users\/1"}],"replies":[{"embeddable":true,"href":"https:\/\/kanatu.de\/en\/wp-json\/wp\/v2\/comments?post=80"}],"version-history":[{"count":2,"href":"https:\/\/kanatu.de\/en\/wp-json\/wp\/v2\/pages\/80\/revisions"}],"predecessor-version":[{"id":82,"href":"https:\/\/kanatu.de\/en\/wp-json\/wp\/v2\/pages\/80\/revisions\/82"}],"wp:attachment":[{"href":"https:\/\/kanatu.de\/en\/wp-json\/wp\/v2\/media?parent=80"}],"curies":[{"name":"wp","href":"https:\/\/api.w.org\/{rel}","templated":true}]}}