{"id":71436,"date":"2025-05-18T18:15:14","date_gmt":"2025-05-18T16:15:14","guid":{"rendered":"http:\/\/relaunch.kanatu.de\/?page_id=71436"},"modified":"2026-04-11T22:32:43","modified_gmt":"2026-04-11T20:32:43","slug":"familienfreizeit","status":"publish","type":"page","link":"https:\/\/kanatu.de\/en\/familienfreizeit\/","title":{"rendered":"Family leisure"},"content":{"rendered":"<p>[et_pb_section fb_built=&#8220;1&#8243; custom_padding_last_edited=&#8220;on|tablet&#8220; _builder_version=&#8220;4.27.4&#8243; _module_preset=&#8220;default&#8220; background_image=&#8220;https:\/\/kanatu.de\/wp-content\/uploads\/2025\/05\/familienfreizeit-03.jpeg&#8220; custom_margin=&#8220;0px||0px||false|false&#8220; custom_padding=&#8220;270px||261px||false|false&#8220; custom_padding_tablet=&#8220;160px||170px||false|false&#8220; custom_padding_phone=&#8220;90px||90px||false|false&#8220; global_colors_info=&#8220;{}&#8220;][et_pb_row _builder_version=&#8220;4.21.0&#8243; _module_preset=&#8220;default&#8220; positioning=&#8220;absolute&#8220; position_origin_a=&#8220;bottom_center&#8220; width=&#8220;100%&#8220; max_width=&#8220;100%&#8220; custom_margin=&#8220;0px||0px||false|false&#8220; custom_padding=&#8220;0px||0px||false|false&#8220; global_colors_info=&#8220;{}&#8220;][et_pb_column type=&#8220;4_4&#8243; _builder_version=&#8220;4.21.0&#8243; _module_preset=&#8220;default&#8220; global_colors_info=&#8220;{}&#8220;][et_pb_image src=&#8220;https:\/\/kanatu.de\/wp-content\/uploads\/2025\/04\/hiking-1-sdb-1.png&#8220; force_fullwidth=&#8220;on&#8220; _builder_version=&#8220;4.27.4&#8243; _module_preset=&#8220;default&#8220; custom_margin=&#8220;0px||0px||false|false&#8220; custom_padding=&#8220;0px||0px||false|false&#8220; global_colors_info=&#8220;{}&#8220;][\/et_pb_image][\/et_pb_column][\/et_pb_row][et_pb_row use_custom_gutter=&#8220;on&#8220; gutter_width=&#8220;2&#8243; _builder_version=&#8220;4.27.4&#8243; _module_preset=&#8220;default&#8220; width=&#8220;90%&#8220; max_width=&#8220;1200px&#8220; custom_margin=&#8220;0px||150px||false|false&#8220; custom_padding=&#8220;0px||0px||false|false&#8220; global_colors_info=&#8220;{}&#8220;][et_pb_column type=&#8220;4_4&#8243; _builder_version=&#8220;4.21.0&#8243; _module_preset=&#8220;default&#8220; global_colors_info=&#8220;{}&#8220;][et_pb_blurb title=&#8220;Familienfreizeit&#8220; image_icon_background_color=&#8220;#fe5000&#8243; icon_placement=&#8220;left&#8220; image_icon_width=&#8220;66px&#8220; content_max_width=&#8220;100%&#8220; _builder_version=&#8220;4.27.4&#8243; _module_preset=&#8220;default&#8220; header_font=&#8220;|600|||||||&#8220; header_text_align=&#8220;center&#8220; header_text_color=&#8220;#FFFFFF&#8220; header_font_size=&#8220;55px&#8220; body_font=&#8220;Teko|600||on|||||&#8220; body_text_align=&#8220;left&#8220; body_text_color=&#8220;#FFFFFF&#8220; body_font_size=&#8220;25px&#8220; image_icon_custom_margin=&#8220;8px|9px|0px|0px|false|false&#8220; image_icon_custom_padding=&#8220;12px|12px|12px|12px|false|false&#8220; custom_margin=&#8220;0px||0px||false|false&#8220; custom_margin_tablet=&#8220;0px||30px||false|false&#8220; custom_margin_phone=&#8220;||20px||false|false&#8220; custom_margin_last_edited=&#8220;on|tablet&#8220; custom_padding=&#8220;0px||0px||false|false&#8220; animation_style=&#8220;fade&#8220; animation_duration=&#8220;900ms&#8220; animation_speed_curve=&#8220;ease&#8220; animation=&#8220;off&#8220; header_font_size_tablet=&#8220;45px&#8220; header_font_size_phone=&#8220;30px&#8220; header_font_size_last_edited=&#8220;on|tablet&#8220; custom_css_blurb_title=&#8220;margin-bottom:-9px;||&#8220; custom_css_blurb_content=&#8220;margin:0px;&#8220; header_text_shadow_style=&#8220;preset2&#8243; header_text_shadow_horizontal_length=&#8220;0.1em&#8220; header_text_shadow_color=&#8220;#fe5000&#8243; global_colors_info=&#8220;{}&#8220;][\/et_pb_blurb][\/et_pb_column][\/et_pb_row][\/et_pb_section][et_pb_section fb_built=&#8220;1&#8243; _builder_version=&#8220;4.16&#8243; custom_padding=&#8220;42px|0px|32px|0px|false|false&#8220; global_colors_info=&#8220;{}&#8220;][et_pb_row column_structure=&#8220;2_5,3_5&#8243; use_custom_gutter=&#8220;on&#8220; gutter_width=&#8220;2&#8243; padding_left_right_link_1=&#8220;true&#8220; padding_left_right_link_2=&#8220;true&#8220; padding_left_right_link_3=&#8220;true&#8220; _builder_version=&#8220;4.16&#8243; custom_margin=&#8220;-206px|||&#8220; custom_padding=&#8220;0|0px|75px|0px|false|false&#8220; animation_style=&#8220;slide&#8220; animation_direction=&#8220;left&#8220; animation_duration=&#8220;1350ms&#8220; animation_delay=&#8220;500ms&#8220; global_colors_info=&#8220;{}&#8220;][et_pb_column type=&#8220;2_5&#8243; _builder_version=&#8220;4.16&#8243; background_color=&#8220;#ffffff&#8220; custom_padding=&#8220;|||&#8220; global_colors_info=&#8220;{}&#8220; custom_padding__hover=&#8220;|||&#8220;][et_pb_image src=&#8220;https:\/\/kanatu.de\/wp-content\/uploads\/2026\/03\/Lagerfeuer-scaled.webp&#8220; alt=&#8220;Ein Lagerfeuer brennt in einer Feuerstelle&#8220; title_text=&#8220;Lagerfeuer&#8220; align_tablet=&#8220;center&#8220; align_phone=&#8220;center&#8220; align_last_edited=&#8220;on|desktop&#8220; _builder_version=&#8220;4.27.4&#8243; custom_margin=&#8220;|||&#8220; custom_padding=&#8220;|||&#8220; filter_saturate=&#8220;70%&#8220; filter_contrast=&#8220;127%&#8220; border_width_all=&#8220;10px&#8220; border_color_all=&#8220;#ffffff&#8220; box_shadow_style=&#8220;preset1&#8243; box_shadow_blur=&#8220;54px&#8220; box_shadow_color=&#8220;rgba(0,0,0,0.43)&#8220; global_colors_info=&#8220;{}&#8220;][\/et_pb_image][et_pb_text _builder_version=&#8220;4.27.4&#8243; text_font=&#8220;||||||||&#8220; text_text_color=&#8220;#000000&#8243; text_line_height=&#8220;1.6em&#8220; header_font=&#8220;|||on|||||&#8220; header_text_color=&#8220;#fe5000&#8243; header_font_size=&#8220;27px&#8220; custom_padding=&#8220;22px|25px||25px||true&#8220; hover_enabled=&#8220;0&#8243; global_colors_info=&#8220;{}&#8220; sticky_enabled=&#8220;0&#8243;]<\/p>\n<h1 class=\"u-align-center u-text u-text-body-alt-color u-title u-text-2\">Familienfreizeit mit Kanu und Komfort<\/h1>\n<p class=\"u-text u-text-body-alt-color u-text-3\" style=\"text-align: justify;\">Unser Kanatu-Team und ein\/e erfahrene\/r Tourenbegleiter\/in sorgen f\u00fcr eure\u00a0<strong>Kanutour rund um Priepert<\/strong>. W\u00e4hrend ihr die Natur der Mecklenburgischen Seenplatte vom Wasser aus erkundet, k\u00fcmmern wir uns um Organisation, Einweisung und einen reibungslosen Ablauf. So k\u00f6nnt ihr euch ganz aufs\u00a0<strong>Paddeln, Entspannen und Erleben der Natur konzentrieren<\/strong>!<\/p>\n<p>[\/et_pb_text][et_pb_text _builder_version=&#8220;4.27.4&#8243; _module_preset=&#8220;default&#8220; header_font=&#8220;|||on|||||&#8220; header_text_color=&#8220;#fe5000&#8243; custom_padding=&#8220;||0px|||&#8220; global_colors_info=&#8220;{}&#8220;]<\/p>\n<h2><\/h2>\n<h2><\/h2>\n<h1 style=\"padding-left: 40px;\">Termine:<\/h1>\n<p style=\"padding-left: 40px;\">18.07. &#8211; 25.07.2026<\/p>\n<p style=\"padding-left: 40px;\">25.07. &#8211; 01.08.2026<\/p>\n<p style=\"padding-left: 40px;\">01.08. &#8211; 08.08.2026<\/p>\n<p>[\/et_pb_text][et_pb_text _builder_version=&#8220;4.27.4&#8243; _dynamic_attributes=&#8220;link_option_url&#8220; text_font=&#8220;|700|||||||&#8220; text_text_color=&#8220;#000000&#8243; text_line_height=&#8220;1.6em&#8220; header_font=&#8220;|||on|||||&#8220; header_text_color=&#8220;#fe5000&#8243; header_font_size=&#8220;27px&#8220; custom_padding=&#8220;22px|25px||25px||true&#8220; link_option_url=&#8220;@ET-DC@eyJkeW5hbWljIjp0cnVlLCJjb250ZW50IjoicG9zdF9saW5rX3VybF9wYWdlIiwic2V0dGluZ3MiOnsicG9zdF9pZCI6IjQ0NiJ9fQ==@&#8220; global_colors_info=&#8220;{}&#8220;]<\/p>\n<p class=\"u-align-center u-text u-text-body-alt-color u-title u-text-2\">Angebot anfordern<\/p>\n<p>[\/et_pb_text][et_pb_image src=&#8220;https:\/\/kanatu.de\/wp-content\/uploads\/2025\/04\/hiking-1-sdb-16uprghtblcj.png&#8220; url=&#8220;@ET-DC@eyJkeW5hbWljIjp0cnVlLCJjb250ZW50IjoicG9zdF9saW5rX3VybF9wYWdlIiwic2V0dGluZ3MiOnsicG9zdF9pZCI6IjQ0NiJ9fQ==@&#8220; _builder_version=&#8220;4.27.4&#8243; _dynamic_attributes=&#8220;url&#8220; _module_preset=&#8220;default&#8220; background_color=&#8220;#FFFFFF&#8220; height=&#8220;27px&#8220; height_tablet=&#8220;27px&#8220; height_phone=&#8220;23px&#8220; height_last_edited=&#8220;on|tablet&#8220; custom_margin=&#8220;0px||0px||false|false&#8220; custom_padding=&#8220;0px||25px|31px|false|false&#8220; global_colors_info=&#8220;{}&#8220;][\/et_pb_image][\/et_pb_column][et_pb_column type=&#8220;3_5&#8243; _builder_version=&#8220;4.16&#8243; background_color=&#8220;#ffffff&#8220; custom_padding=&#8220;|||&#8220; global_colors_info=&#8220;{}&#8220; custom_padding__hover=&#8220;|||&#8220;][et_pb_image src=&#8220;https:\/\/kanatu.de\/wp-content\/uploads\/2026\/03\/Familienfreizeit-Paddeln-durch-die-Schwaanhavel-scaled.webp&#8220; alt=&#8220;Kajaks und Kanadier paddeln durch die Schwaanhavel der Mecklenburgischen Seenplatte&#8220; title_text=&#8220;Familienfreizeit Paddeln durch die Schwaanhavel&#8220; align_tablet=&#8220;center&#8220; align_phone=&#8220;center&#8220; align_last_edited=&#8220;on|desktop&#8220; _builder_version=&#8220;4.27.4&#8243; custom_margin=&#8220;|||&#8220; custom_padding=&#8220;|||&#8220; filter_saturate=&#8220;86%&#8220; filter_brightness=&#8220;98%&#8220; filter_contrast=&#8220;90%&#8220; border_width_all=&#8220;10px&#8220; border_color_all=&#8220;#ffffff&#8220; box_shadow_style=&#8220;preset1&#8243; box_shadow_blur=&#8220;54px&#8220; box_shadow_color=&#8220;rgba(0,0,0,0.43)&#8220; global_colors_info=&#8220;{}&#8220;][\/et_pb_image][et_pb_text _builder_version=&#8220;4.27.4&#8243; text_font=&#8220;||||||||&#8220; text_text_color=&#8220;#000000&#8243; text_line_height=&#8220;1.6em&#8220; header_font=&#8220;|||on|||||&#8220; header_text_color=&#8220;#fe5000&#8243; header_font_size=&#8220;27px&#8220; custom_padding=&#8220;22px|25px||25px||true&#8220; hover_enabled=&#8220;0&#8243; global_colors_info=&#8220;{}&#8220; sticky_enabled=&#8220;0&#8243;]<\/p>\n<p style=\"text-align: justify;\">Unsere Touren rund um Priepert sind ideal f\u00fcr\u00a0<strong>Familien mit Kindern ab etwa 5 Jahren<\/strong>. Sportliche H\u00f6chstleistungen sind nicht erforderlich &#8211; ihr seid in der\u00a0<strong>Natur, paddelt gemeinsam und habt Zeit zum Drau\u00dfensein<\/strong> in der wunderbaren Landschaft der Mecklenburgischen Seenplatte. Nat\u00fcrlich kann das Leben in der Natur und das\u00a0<strong>Kanufahren bei Wind und Wetter<\/strong> auch anstrengend sein, aber jeden Tag ist genug Zeit zum\u00a0<strong>Spielen, Ausruhen und<\/strong>\u00a0<strong>Entdecken<\/strong>. An vier Tagen bieten wir ein\u00a0<strong>Aktivprogramm f\u00fcr Kinder<\/strong> an, bei gemischtem Alter sogar mit unterschiedlichem Programm f\u00fcr j\u00fcngere und \u00e4ltere Kinder. Beim Auf- und Abbau unseres Camps und bei gemeinsamen Aufgaben packen alle mit an und erleben Gemeinschaft.<\/p>\n<p>[\/et_pb_text][et_pb_text _builder_version=&#8220;4.27.4&#8243; text_font=&#8220;||||||||&#8220; text_text_color=&#8220;#000000&#8243; text_line_height=&#8220;1.6em&#8220; header_font=&#8220;|||on|||||&#8220; header_text_color=&#8220;#fe5000&#8243; header_font_size=&#8220;27px&#8220; custom_padding=&#8220;22px|25px||25px||true&#8220; hover_enabled=&#8220;0&#8243; global_colors_info=&#8220;{}&#8220; sticky_enabled=&#8220;0&#8243;]<\/p>\n<h4>Verpflegung und Tourenbegleitung\u00a0<\/h4>\n<p>W\u00e4hrend eurer Kanutour rund um Priepert sorgen wir bestens f\u00fcr\u00a0<strong>Verpflegung und kompetente Begleitung<\/strong>. In der Natur der Mecklenburgischen Seenplatte k\u00f6nnt ihr euch ganz dem Paddelerlebnis hingeben.\u00a0<\/p>\n<p>Das\u00a0<strong>Essen wird t\u00e4glich zu den Campingpl\u00e4tzen gebracht<\/strong>. Euch erwartet ein\u00a0<strong>reichhaltiges Fr\u00fchst\u00fccksbuffet<\/strong>, ein\u00a0<strong>Lunchpaket\u00a0<\/strong>f\u00fcr unterwegs und ein\u00a0<strong>frisch zubereitetes warmes Abendessen<\/strong>. Ein\u00a0<strong>Gruppenpavillon mit Tischen und B\u00e4nken<\/strong> dient als Essensplatz und Aufenthaltsraum.\u00a0<\/p>\n<p>Unser\/e\u00a0<strong>Tourenbegleiter\/in<\/strong> steht euch w\u00e4hrend der gesamten Paddeltour helfend zur Seite. Sie geben wertvolle Tipps zur\u00a0<strong>Paddeltechnik<\/strong>, sorgen f\u00fcr eure\u00a0<strong>Sicherheit auf dem Wasser<\/strong> und sind immer mit Rat und Tat f\u00fcr die Gruppe da.\u00a0<\/p>\n<p>[\/et_pb_text][et_pb_text _builder_version=&#8220;4.27.4&#8243; text_font=&#8220;||||||||&#8220; text_text_color=&#8220;#000000&#8243; text_line_height=&#8220;1.6em&#8220; header_font=&#8220;|||on|||||&#8220; header_text_color=&#8220;#fe5000&#8243; header_font_size=&#8220;27px&#8220; custom_padding=&#8220;22px|25px||25px||true&#8220; hover_enabled=&#8220;0&#8243; global_colors_info=&#8220;{}&#8220; sticky_enabled=&#8220;0&#8243;]<\/p>\n<h4>Was Ihr f\u00fcr die Kanutour braucht<\/h4>\n<p>Ihr braucht keine\u00a0<strong>spezielle Outdoor-Ausr\u00fcstung<\/strong>.\u00a0<\/p>\n<p>Wir stellen\u00a0<strong>Kanus, Schwimmwesten, Packtonnen, K\u00fcchenutensilien und Sitzgelegenheiten<\/strong>. Gepaddelt wird in ger\u00e4umigen\u00a0<strong>3er- und 4er-Kanadiern<\/strong>, die genug Platz f\u00fcr Gep\u00e4ck bieten.<\/p>\n<p>Selbst mitbringen solltet ihr\u00a0<strong>Schlafs\u00e4cke, Isomatten, Trinkflaschen und<\/strong>\u00a0<strong>Lunchboxen<\/strong>. Zelte k\u00f6nnen auf Wunsch gegen Geb\u00fchr geliehen werden. Das\u00a0<strong>Hauptgp\u00e4ck wird in einem Anh\u00e4nger von Schlafplatz zu Schlafplatz gebracht<\/strong>, sodass ihr euch auf der Tour ganz dem Paddeln und der Natur widman k\u00f6nnt.<\/p>\n<p>[\/et_pb_text][\/et_pb_column][\/et_pb_row][\/et_pb_section]<\/p>\n","protected":false},"excerpt":{"rendered":"<p>Familienfreizeit mit Kanu und Komfort Unser Kanatu-Team und ein\/e erfahrene\/r Tourenbegleiter\/in sorgen f\u00fcr eure\u00a0Kanutour rund um Priepert. W\u00e4hrend ihr die Natur der Mecklenburgischen Seenplatte vom Wasser aus erkundet, k\u00fcmmern wir uns um Organisation, Einweisung und einen reibungslosen Ablauf. So k\u00f6nnt ihr euch ganz aufs\u00a0Paddeln, Entspannen und Erleben der Natur konzentrieren! Termine: 18.07. &#8211; 25.07.2026 25.07. [&hellip;]<\/p>\n","protected":false},"author":1,"featured_media":0,"parent":0,"menu_order":0,"comment_status":"closed","ping_status":"closed","template":"","meta":{"_et_pb_use_builder":"on","_et_pb_old_content":"","_et_gb_content_width":"","footnotes":""},"class_list":["post-71436","page","type-page","status-publish","hentry"],"yoast_head":"<!-- This site is optimized with the Yoast SEO plugin v27.1.1 - https:\/\/yoast.com\/product\/yoast-seo-wordpress\/ -->\n<title>Familienfreizeit - Kanatu Priepert<\/title>\n<meta name=\"robots\" content=\"index, follow, max-snippet:-1, max-image-preview:large, max-video-preview:-1\" \/>\n<link rel=\"canonical\" href=\"https:\/\/kanatu.de\/en\/familienfreizeit\/\" \/>\n<meta property=\"og:locale\" content=\"en_US\" \/>\n<meta property=\"og:type\" content=\"article\" \/>\n<meta property=\"og:title\" content=\"Familienfreizeit - Kanatu Priepert\" \/>\n<meta property=\"og:description\" content=\"Familienfreizeit mit Kanu und Komfort Unser Kanatu-Team und ein\/e erfahrene\/r Tourenbegleiter\/in sorgen f\u00fcr eure\u00a0Kanutour rund um Priepert. W\u00e4hrend ihr die Natur der Mecklenburgischen Seenplatte vom Wasser aus erkundet, k\u00fcmmern wir uns um Organisation, Einweisung und einen reibungslosen Ablauf. So k\u00f6nnt ihr euch ganz aufs\u00a0Paddeln, Entspannen und Erleben der Natur konzentrieren! Termine: 18.07. - 25.07.2026 25.07. [&hellip;]\" \/>\n<meta property=\"og:url\" content=\"https:\/\/kanatu.de\/en\/familienfreizeit\/\" \/>\n<meta property=\"og:site_name\" content=\"Kanatu Priepert\" \/>\n<meta property=\"article:modified_time\" content=\"2026-04-11T20:32:43+00:00\" \/>\n<meta name=\"twitter:card\" content=\"summary_large_image\" \/>\n<meta name=\"twitter:label1\" content=\"Est. reading time\" \/>\n\t<meta name=\"twitter:data1\" content=\"7 minutes\" \/>\n<script type=\"application\/ld+json\" class=\"yoast-schema-graph\">{\"@context\":\"https:\/\/schema.org\",\"@graph\":[{\"@type\":\"WebPage\",\"@id\":\"https:\/\/kanatu.de\/familienfreizeit\/\",\"url\":\"https:\/\/kanatu.de\/familienfreizeit\/\",\"name\":\"Familienfreizeit - Kanatu Priepert\",\"isPartOf\":{\"@id\":\"https:\/\/kanatu.de\/#website\"},\"datePublished\":\"2025-05-18T16:15:14+00:00\",\"dateModified\":\"2026-04-11T20:32:43+00:00\",\"breadcrumb\":{\"@id\":\"https:\/\/kanatu.de\/familienfreizeit\/#breadcrumb\"},\"inLanguage\":\"en-US\",\"potentialAction\":[{\"@type\":\"ReadAction\",\"target\":[\"https:\/\/kanatu.de\/familienfreizeit\/\"]}]},{\"@type\":\"BreadcrumbList\",\"@id\":\"https:\/\/kanatu.de\/familienfreizeit\/#breadcrumb\",\"itemListElement\":[{\"@type\":\"ListItem\",\"position\":1,\"name\":\"Start\",\"item\":\"https:\/\/kanatu.de\/\"},{\"@type\":\"ListItem\",\"position\":2,\"name\":\"Familienfreizeit\"}]},{\"@type\":\"WebSite\",\"@id\":\"https:\/\/kanatu.de\/#website\",\"url\":\"https:\/\/kanatu.de\/\",\"name\":\"Kanatu Priepert\",\"description\":\"Entdecke die Mecklenburgische Seenplatte auf dem Wasser!\",\"potentialAction\":[{\"@type\":\"SearchAction\",\"target\":{\"@type\":\"EntryPoint\",\"urlTemplate\":\"https:\/\/kanatu.de\/?s={search_term_string}\"},\"query-input\":{\"@type\":\"PropertyValueSpecification\",\"valueRequired\":true,\"valueName\":\"search_term_string\"}}],\"inLanguage\":\"en-US\"}]}<\/script>\n<!-- \/ Yoast SEO plugin. -->","yoast_head_json":{"title":"Familienfreizeit - Kanatu Priepert","robots":{"index":"index","follow":"follow","max-snippet":"max-snippet:-1","max-image-preview":"max-image-preview:large","max-video-preview":"max-video-preview:-1"},"canonical":"https:\/\/kanatu.de\/en\/familienfreizeit\/","og_locale":"en_US","og_type":"article","og_title":"Familienfreizeit - Kanatu Priepert","og_description":"Familienfreizeit mit Kanu und Komfort Unser Kanatu-Team und ein\/e erfahrene\/r Tourenbegleiter\/in sorgen f\u00fcr eure\u00a0Kanutour rund um Priepert. W\u00e4hrend ihr die Natur der Mecklenburgischen Seenplatte vom Wasser aus erkundet, k\u00fcmmern wir uns um Organisation, Einweisung und einen reibungslosen Ablauf. So k\u00f6nnt ihr euch ganz aufs\u00a0Paddeln, Entspannen und Erleben der Natur konzentrieren! Termine: 18.07. - 25.07.2026 25.07. [&hellip;]","og_url":"https:\/\/kanatu.de\/en\/familienfreizeit\/","og_site_name":"Kanatu Priepert","article_modified_time":"2026-04-11T20:32:43+00:00","twitter_card":"summary_large_image","twitter_misc":{"Est. reading time":"7 minutes"},"schema":{"@context":"https:\/\/schema.org","@graph":[{"@type":"WebPage","@id":"https:\/\/kanatu.de\/familienfreizeit\/","url":"https:\/\/kanatu.de\/familienfreizeit\/","name":"Familienfreizeit - Kanatu Priepert","isPartOf":{"@id":"https:\/\/kanatu.de\/#website"},"datePublished":"2025-05-18T16:15:14+00:00","dateModified":"2026-04-11T20:32:43+00:00","breadcrumb":{"@id":"https:\/\/kanatu.de\/familienfreizeit\/#breadcrumb"},"inLanguage":"en-US","potentialAction":[{"@type":"ReadAction","target":["https:\/\/kanatu.de\/familienfreizeit\/"]}]},{"@type":"BreadcrumbList","@id":"https:\/\/kanatu.de\/familienfreizeit\/#breadcrumb","itemListElement":[{"@type":"ListItem","position":1,"name":"Start","item":"https:\/\/kanatu.de\/"},{"@type":"ListItem","position":2,"name":"Familienfreizeit"}]},{"@type":"WebSite","@id":"https:\/\/kanatu.de\/#website","url":"https:\/\/kanatu.de\/","name":"Kanatu Priepert","description":"Entdecke die Mecklenburgische Seenplatte auf dem Wasser!","potentialAction":[{"@type":"SearchAction","target":{"@type":"EntryPoint","urlTemplate":"https:\/\/kanatu.de\/?s={search_term_string}"},"query-input":{"@type":"PropertyValueSpecification","valueRequired":true,"valueName":"search_term_string"}}],"inLanguage":"en-US"}]}},"_links":{"self":[{"href":"https:\/\/kanatu.de\/en\/wp-json\/wp\/v2\/pages\/71436","targetHints":{"allow":["GET"]}}],"collection":[{"href":"https:\/\/kanatu.de\/en\/wp-json\/wp\/v2\/pages"}],"about":[{"href":"https:\/\/kanatu.de\/en\/wp-json\/wp\/v2\/types\/page"}],"author":[{"embeddable":true,"href":"https:\/\/kanatu.de\/en\/wp-json\/wp\/v2\/users\/1"}],"replies":[{"embeddable":true,"href":"https:\/\/kanatu.de\/en\/wp-json\/wp\/v2\/comments?post=71436"}],"version-history":[{"count":16,"href":"https:\/\/kanatu.de\/en\/wp-json\/wp\/v2\/pages\/71436\/revisions"}],"predecessor-version":[{"id":71916,"href":"https:\/\/kanatu.de\/en\/wp-json\/wp\/v2\/pages\/71436\/revisions\/71916"}],"wp:attachment":[{"href":"https:\/\/kanatu.de\/en\/wp-json\/wp\/v2\/media?parent=71436"}],"curies":[{"name":"wp","href":"https:\/\/api.w.org\/{rel}","templated":true}]}}