{"id":71425,"date":"2025-05-18T17:32:44","date_gmt":"2025-05-18T15:32:44","guid":{"rendered":"http:\/\/relaunch.kanatu.de\/?page_id=71425"},"modified":"2026-04-10T23:28:39","modified_gmt":"2026-04-10T21:28:39","slug":"angeln","status":"publish","type":"page","link":"https:\/\/kanatu.de\/en\/angeln\/","title":{"rendered":"fishing"},"content":{"rendered":"<p>[et_pb_section fb_built=&#8220;1&#8243; _builder_version=&#8220;4.16&#8243; background_color=&#8220;#ffffff&#8220; custom_padding=&#8220;80px|0px|80px|0px|true|false&#8220; global_colors_info=&#8220;{}&#8220;][et_pb_row use_custom_gutter=&#8220;on&#8220; gutter_width=&#8220;2&#8243; make_equal=&#8220;on&#8220; _builder_version=&#8220;4.27.4&#8243; custom_padding=&#8220;|0px||0px|false|false&#8220; global_colors_info=&#8220;{}&#8220;][et_pb_column type=&#8220;4_4&#8243; _builder_version=&#8220;4.16&#8243; custom_padding=&#8220;|||&#8220; global_colors_info=&#8220;{}&#8220; custom_padding__hover=&#8220;|||&#8220;][et_pb_text _builder_version=&#8220;4.27.4&#8243; _module_preset=&#8220;default&#8220; header_text_color=&#8220;#fe5000&#8243; global_colors_info=&#8220;{}&#8220;]<\/p>\n<h1 class=\"u-custom-font u-text u-text-palette-2-base u-text-1\">Tipps zum Angeln in der Mecklenburgischen Seenplatte<\/h1>\n<p>[\/et_pb_text][\/et_pb_column][\/et_pb_row][et_pb_row _builder_version=&#8220;4.16&#8243; custom_padding=&#8220;3px|0px|20px|0px|false|false&#8220; global_colors_info=&#8220;{}&#8220;][et_pb_column type=&#8220;4_4&#8243; _builder_version=&#8220;4.16&#8243; custom_padding=&#8220;|||&#8220; global_colors_info=&#8220;{}&#8220; custom_padding__hover=&#8220;|||&#8220;][et_pb_divider color=&#8220;#cfd3d3&#8243; _builder_version=&#8220;4.16&#8243; global_colors_info=&#8220;{}&#8220;][\/et_pb_divider][\/et_pb_column][\/et_pb_row][et_pb_row column_structure=&#8220;3_5,2_5&#8243; make_equal=&#8220;on&#8220; padding_top_bottom_link_2=&#8220;true&#8220; _builder_version=&#8220;4.27.4&#8243; custom_padding=&#8220;0px|0px||0px|false|false&#8220; animation_direction=&#8220;left&#8220; global_colors_info=&#8220;{}&#8220;][et_pb_column type=&#8220;3_5&#8243; _builder_version=&#8220;4.27.4&#8243; background_enable_image=&#8220;off&#8220; custom_padding=&#8220;|||&#8220; global_colors_info=&#8220;{}&#8220; custom_padding__hover=&#8220;|||&#8220;][et_pb_image src=&#8220;https:\/\/kanatu.de\/wp-content\/uploads\/2025\/05\/angeln.jpg&#8220; alt=&#8220;Eine Hand h\u00e4lt eine Angelrute ins Wasser&#8220; title_text=&#8220;Angeln&#8220; show_bottom_space=&#8220;off&#8220; force_fullwidth=&#8220;on&#8220; _builder_version=&#8220;4.27.4&#8243; _module_preset=&#8220;default&#8220; border_radii=&#8220;off|15px|15px||15px&#8220; global_colors_info=&#8220;{}&#8220;][\/et_pb_image][\/et_pb_column][et_pb_column type=&#8220;2_5&#8243; _builder_version=&#8220;4.27.4&#8243; custom_padding=&#8220;30px||70px||false|false&#8220; custom_padding_tablet=&#8220;0px||0px&#8220; custom_padding_phone=&#8220;0px||0px&#8220; custom_padding_last_edited=&#8220;on|tablet&#8220; global_colors_info=&#8220;{}&#8220; custom_padding__hover=&#8220;|||&#8220;][et_pb_text _builder_version=&#8220;4.27.4&#8243; text_font=&#8220;||||||||&#8220; text_text_color=&#8220;#000000&#8243; text_line_height=&#8220;1.8em&#8220; header_font=&#8220;|600||on|||||&#8220; header_text_color=&#8220;#000000&#8243; header_font_size=&#8220;20px&#8220; header_line_height=&#8220;1.2em&#8220; header_2_font=&#8220;Roboto Condensed|700||on|||||&#8220; header_2_text_color=&#8220;#2f2f2f&#8220; header_2_font_size=&#8220;18px&#8220; header_3_font=&#8220;|700|||||||&#8220; header_3_text_color=&#8220;#2f2f2f&#8220; header_3_font_size=&#8220;18px&#8220; header_4_font=&#8220;|700|||||||&#8220; header_4_text_color=&#8220;#2f2f2f&#8220; header_4_font_size=&#8220;20px&#8220; header_4_line_height=&#8220;1.2em&#8220; header_5_font=&#8220;|700|||||||&#8220; header_5_text_color=&#8220;#2f2f2f&#8220; header_5_font_size=&#8220;18px&#8220; header_6_font=&#8220;|700|||||||&#8220; header_6_text_color=&#8220;#2f2f2f&#8220; header_6_font_size=&#8220;18px&#8220; custom_margin=&#8220;|||&#8220; custom_padding=&#8220;3px|||&#8220; global_colors_info=&#8220;{}&#8220;]<\/p>\n<h4 class=\"u-text u-text-default u-text-2\">Angeln in der Mecklenburgischen Seenplatte &#8211; Tipps und Voraussetzungen<\/h4>\n<p>[\/et_pb_text][et_pb_text _builder_version=&#8220;4.27.4&#8243; text_font=&#8220;||||||||&#8220; text_text_color=&#8220;#000000&#8243; text_line_height=&#8220;1.4em&#8220; header_font=&#8220;|600||on|||||&#8220; header_text_color=&#8220;#000000&#8243; header_font_size=&#8220;20px&#8220; header_line_height=&#8220;1.2em&#8220; header_2_font=&#8220;Roboto Condensed|700||on|||||&#8220; header_2_text_color=&#8220;#2f2f2f&#8220; header_2_font_size=&#8220;18px&#8220; header_3_font=&#8220;|700|||||||&#8220; header_3_text_color=&#8220;#2f2f2f&#8220; header_3_font_size=&#8220;18px&#8220; header_4_font=&#8220;|700|||||||&#8220; header_4_text_color=&#8220;#2f2f2f&#8220; header_4_font_size=&#8220;20px&#8220; header_5_font=&#8220;|700|||||||&#8220; header_5_text_color=&#8220;#2f2f2f&#8220; header_5_font_size=&#8220;18px&#8220; header_6_font=&#8220;|700|||||||&#8220; header_6_text_color=&#8220;#2f2f2f&#8220; header_6_font_size=&#8220;18px&#8220; custom_margin=&#8220;|||&#8220; custom_padding=&#8220;3px|||&#8220; hover_enabled=&#8220;0&#8243; global_colors_info=&#8220;{}&#8220; sticky_enabled=&#8220;0&#8243;]<\/p>\n<p>Voraussetzung zum\u00a0Angeln in der\u00a0Mecklenburgischen Seenplatte ist ein g\u00fcltiger Fischereischein und eine Angelerlaubnis f\u00fcr das jeweilige Gew\u00e4sser. Wer keinen Fischereischein hat, erh\u00e4lt in der Touristeninformation einen zeitlich begrenzten Touristen-Fischereischein. F\u00fcr Kinder bis zum vollendeten 14. Lebensjahr gelten besondere Bestimmungen.<\/p>\n<p>[\/et_pb_text][\/et_pb_column][\/et_pb_row][et_pb_row column_structure=&#8220;1_2,1_2&#8243; _builder_version=&#8220;4.27.4&#8243; _module_preset=&#8220;default&#8220; global_colors_info=&#8220;{}&#8220;][et_pb_column type=&#8220;1_2&#8243; _builder_version=&#8220;4.27.4&#8243; _module_preset=&#8220;default&#8220; global_colors_info=&#8220;{}&#8220;][et_pb_text _builder_version=&#8220;4.27.4&#8243; text_font=&#8220;||||||||&#8220; text_text_color=&#8220;#000000&#8243; text_line_height=&#8220;1.4em&#8220; header_font=&#8220;|600||on|||||&#8220; header_text_color=&#8220;#000000&#8243; header_font_size=&#8220;20px&#8220; header_line_height=&#8220;1.2em&#8220; header_2_font=&#8220;Roboto Condensed|700||on|||||&#8220; header_2_text_color=&#8220;#2f2f2f&#8220; header_2_font_size=&#8220;18px&#8220; header_3_font=&#8220;|700|||||||&#8220; header_3_text_color=&#8220;#2f2f2f&#8220; header_3_font_size=&#8220;18px&#8220; header_4_font=&#8220;|700|||||||&#8220; header_4_text_color=&#8220;#2f2f2f&#8220; header_4_font_size=&#8220;20px&#8220; header_5_font=&#8220;|700|||||||&#8220; header_5_text_color=&#8220;#2f2f2f&#8220; header_5_font_size=&#8220;18px&#8220; header_6_font=&#8220;|700|||||||&#8220; header_6_text_color=&#8220;#2f2f2f&#8220; header_6_font_size=&#8220;18px&#8220; custom_margin=&#8220;|||&#8220; custom_padding=&#8220;3px|||&#8220; hover_enabled=&#8220;0&#8243; global_colors_info=&#8220;{}&#8220; sticky_enabled=&#8220;0&#8243;]<\/p>\n<h3 class=\"u-align-left u-text u-text-palette-2-base u-text-5\" style=\"text-align: left;\">Touristen-Fischereischein<\/h3>\n<p style=\"text-align: left;\"><span>Den Touristen-Fischereischein kannst du bei den Touristinformationen in Wesenberg +49(0)39832\/20621 und Mirow +49(0)39833\/269950 kaufen. Dieser ist f\u00fcr 28 aufeinanderfolgende Tage g\u00fcltig.<\/span><\/p>\n<p>[\/et_pb_text][\/et_pb_column][et_pb_column type=&#8220;1_2&#8243; _builder_version=&#8220;4.27.4&#8243; _module_preset=&#8220;default&#8220; global_colors_info=&#8220;{}&#8220;][et_pb_text _builder_version=&#8220;4.27.4&#8243; text_font=&#8220;||||||||&#8220; text_text_color=&#8220;#000000&#8243; text_line_height=&#8220;1.4em&#8220; header_font=&#8220;|600||on|||||&#8220; header_text_color=&#8220;#000000&#8243; header_font_size=&#8220;20px&#8220; header_line_height=&#8220;1.2em&#8220; header_2_font=&#8220;Roboto Condensed|700||on|||||&#8220; header_2_text_color=&#8220;#2f2f2f&#8220; header_2_font_size=&#8220;18px&#8220; header_3_font=&#8220;|700|||||||&#8220; header_3_text_color=&#8220;#2f2f2f&#8220; header_3_font_size=&#8220;18px&#8220; header_4_font=&#8220;|700|||||||&#8220; header_4_text_color=&#8220;#2f2f2f&#8220; header_4_font_size=&#8220;20px&#8220; header_5_font=&#8220;|700|||||||&#8220; header_5_text_color=&#8220;#2f2f2f&#8220; header_5_font_size=&#8220;18px&#8220; header_6_font=&#8220;|700|||||||&#8220; header_6_text_color=&#8220;#2f2f2f&#8220; header_6_font_size=&#8220;18px&#8220; custom_margin=&#8220;|||&#8220; custom_padding=&#8220;3px|||&#8220; global_colors_info=&#8220;{}&#8220;]<\/p>\n<h3 class=\"u-align-left u-text u-text-palette-2-base u-text-7\" style=\"text-align: left;\">Angelerlaubnis<\/h3>\n<p style=\"text-align: left;\"><span>Eine Angelerlaubnis kannst du z.B. beim ortsans\u00e4ssigen Fischer in Ahrensberg, Wesenberg, Canow und Mirow oder auf dem bei Kanatu angrenzenden Campingplatz Havelperle erwerben. Die Bedingungen auf der Angelerlaubnis m\u00fcssen vor dem Angeln durchgelesen und auch eingehalten werden, ebenso wie die Bestimmungen des Fischereigesetzes und der Verordnungen.<\/span><\/p>\n<p>[\/et_pb_text][\/et_pb_column][\/et_pb_row][et_pb_row column_structure=&#8220;1_2,1_2&#8243; _builder_version=&#8220;4.27.4&#8243; _module_preset=&#8220;default&#8220; global_colors_info=&#8220;{}&#8220;][et_pb_column type=&#8220;1_2&#8243; _builder_version=&#8220;4.27.4&#8243; _module_preset=&#8220;default&#8220; global_colors_info=&#8220;{}&#8220;][et_pb_text _builder_version=&#8220;4.27.4&#8243; text_font=&#8220;||||||||&#8220; text_text_color=&#8220;#000000&#8243; text_line_height=&#8220;1.4em&#8220; header_font=&#8220;|600||on|||||&#8220; header_text_color=&#8220;#000000&#8243; header_font_size=&#8220;20px&#8220; header_line_height=&#8220;1.2em&#8220; header_2_font=&#8220;Roboto Condensed|700||on|||||&#8220; header_2_text_color=&#8220;#2f2f2f&#8220; header_2_font_size=&#8220;18px&#8220; header_3_font=&#8220;|700|||||||&#8220; header_3_text_color=&#8220;#2f2f2f&#8220; header_3_font_size=&#8220;18px&#8220; header_4_font=&#8220;|700|||||||&#8220; header_4_text_color=&#8220;#2f2f2f&#8220; header_4_font_size=&#8220;20px&#8220; header_5_font=&#8220;|700|||||||&#8220; header_5_text_color=&#8220;#2f2f2f&#8220; header_5_font_size=&#8220;18px&#8220; header_6_font=&#8220;|700|||||||&#8220; header_6_text_color=&#8220;#2f2f2f&#8220; header_6_font_size=&#8220;18px&#8220; custom_margin=&#8220;|||&#8220; custom_padding=&#8220;3px|||&#8220; global_colors_info=&#8220;{}&#8220;]<\/p>\n<h3 class=\"u-align-left u-text u-text-palette-2-base u-text-1\">Kosten f\u00fcr die Angelerlaubnis (pro Person)<\/h3>\n<ul class=\"u-align-left u-text u-text-2\">\n<li>Monatskarte (G\u00fcltigkeit 28 Tage) 55,00 \u20ac<\/li>\n<li>Wochenkarte (G\u00fcltigkeit 7 Tage) 38,00 \u20ac<\/li>\n<li>Tageskarte (G\u00fcltigkeit 24 Stunden) 13,00 \u20ac<\/li>\n<li>Erm\u00e4\u00dfigung f\u00fcr Jugendliche bis 16 Jahre 50%<\/li>\n<li>Wochenkarte f\u00fcr Kinder bis 10 Jahre mit einer Friedfischangel 7,00 \u20ac<\/li>\n<li>Kontrolliere beim Kauf immer den \u00f6rtlichen Geltungsbereich der Angelerlaubnis.<\/li>\n<\/ul>\n<p>[\/et_pb_text][\/et_pb_column][et_pb_column type=&#8220;1_2&#8243; _builder_version=&#8220;4.27.4&#8243; _module_preset=&#8220;default&#8220; global_colors_info=&#8220;{}&#8220;][et_pb_text _builder_version=&#8220;4.27.4&#8243; text_font=&#8220;||||||||&#8220; text_text_color=&#8220;#000000&#8243; text_line_height=&#8220;1.4em&#8220; header_font=&#8220;|600||on|||||&#8220; header_text_color=&#8220;#000000&#8243; header_font_size=&#8220;20px&#8220; header_line_height=&#8220;1.2em&#8220; header_2_font=&#8220;Roboto Condensed|700||on|||||&#8220; header_2_text_color=&#8220;#2f2f2f&#8220; header_2_font_size=&#8220;18px&#8220; header_3_font=&#8220;|700|||||||&#8220; header_3_text_color=&#8220;#2f2f2f&#8220; header_3_font_size=&#8220;18px&#8220; header_4_font=&#8220;|700|||||||&#8220; header_4_text_color=&#8220;#2f2f2f&#8220; header_4_font_size=&#8220;20px&#8220; header_5_font=&#8220;|700|||||||&#8220; header_5_text_color=&#8220;#2f2f2f&#8220; header_5_font_size=&#8220;18px&#8220; header_6_font=&#8220;|700|||||||&#8220; header_6_text_color=&#8220;#2f2f2f&#8220; header_6_font_size=&#8220;18px&#8220; custom_margin=&#8220;|||&#8220; custom_padding=&#8220;3px|||&#8220; global_colors_info=&#8220;{}&#8220;]<\/p>\n<h3 class=\"u-align-left u-text u-text-palette-2-base u-text-3\">Angeln mit Kindern bis zum vollendeten 14. Lebensjahr<\/h3>\n<p style=\"text-align: justify;\"><span>Wenn du Kinder bis zum vollendeten 14. Lebensjahr beim Angeln dabei hast, k\u00f6nnen diese ohne eigenen Fischereischein aber mit eigener Angelerlaubnis angeln. Kinder d\u00fcrfen unter deiner Aufsicht im inhaltlichen Geltungsbereich deiner Dokumente unter Beachtung der dortigen Beschr\u00e4nkungen mit angeln, wenn du das Kind im Auge beh\u00e4ltst und die Einhaltung der Vorschriften zur Fischerei, sowie des Natur- und Tierschutzes sicherstellst.<\/span><\/p>\n<p>[\/et_pb_text][\/et_pb_column][\/et_pb_row][\/et_pb_section]<\/p>\n","protected":false},"excerpt":{"rendered":"<p>Tipps zum Angeln in der Mecklenburgischen SeenplatteAngeln in der Mecklenburgischen Seenplatte &#8211; Tipps und VoraussetzungenVoraussetzung zum\u00a0Angeln in der\u00a0Mecklenburgischen Seenplatte ist ein g\u00fcltiger Fischereischein und eine Angelerlaubnis f\u00fcr das jeweilige Gew\u00e4sser. Wer keinen Fischereischein hat, erh\u00e4lt in der Touristeninformation einen zeitlich begrenzten Touristen-Fischereischein. F\u00fcr Kinder bis zum vollendeten 14. Lebensjahr gelten besondere Bestimmungen.Touristen-Fischereischein Den Touristen-Fischereischein kannst [&hellip;]<\/p>\n","protected":false},"author":1,"featured_media":0,"parent":0,"menu_order":0,"comment_status":"closed","ping_status":"closed","template":"","meta":{"_et_pb_use_builder":"on","_et_pb_old_content":"","_et_gb_content_width":"","footnotes":""},"class_list":["post-71425","page","type-page","status-publish","hentry"],"yoast_head":"<!-- This site is optimized with the Yoast SEO plugin v27.1.1 - https:\/\/yoast.com\/product\/yoast-seo-wordpress\/ -->\n<title>Angeln - Kanatu Priepert<\/title>\n<meta name=\"robots\" content=\"index, follow, max-snippet:-1, max-image-preview:large, max-video-preview:-1\" \/>\n<link rel=\"canonical\" href=\"https:\/\/kanatu.de\/en\/angeln\/\" \/>\n<meta property=\"og:locale\" content=\"en_US\" \/>\n<meta property=\"og:type\" content=\"article\" \/>\n<meta property=\"og:title\" content=\"Angeln - Kanatu Priepert\" \/>\n<meta property=\"og:description\" content=\"Tipps zum Angeln in der Mecklenburgischen SeenplatteAngeln in der Mecklenburgischen Seenplatte - Tipps und VoraussetzungenVoraussetzung zum\u00a0Angeln in der\u00a0Mecklenburgischen Seenplatte ist ein g\u00fcltiger Fischereischein und eine Angelerlaubnis f\u00fcr das jeweilige Gew\u00e4sser. Wer keinen Fischereischein hat, erh\u00e4lt in der Touristeninformation einen zeitlich begrenzten Touristen-Fischereischein. F\u00fcr Kinder bis zum vollendeten 14. Lebensjahr gelten besondere Bestimmungen.Touristen-Fischereischein Den Touristen-Fischereischein kannst [&hellip;]\" \/>\n<meta property=\"og:url\" content=\"https:\/\/kanatu.de\/en\/angeln\/\" \/>\n<meta property=\"og:site_name\" content=\"Kanatu Priepert\" \/>\n<meta property=\"article:modified_time\" content=\"2026-04-10T21:28:39+00:00\" \/>\n<meta name=\"twitter:card\" content=\"summary_large_image\" \/>\n<meta name=\"twitter:label1\" content=\"Est. reading time\" \/>\n\t<meta name=\"twitter:data1\" content=\"6 minutes\" \/>\n<script type=\"application\/ld+json\" class=\"yoast-schema-graph\">{\"@context\":\"https:\/\/schema.org\",\"@graph\":[{\"@type\":\"WebPage\",\"@id\":\"https:\/\/kanatu.de\/angeln\/\",\"url\":\"https:\/\/kanatu.de\/angeln\/\",\"name\":\"Angeln - Kanatu Priepert\",\"isPartOf\":{\"@id\":\"https:\/\/kanatu.de\/#website\"},\"datePublished\":\"2025-05-18T15:32:44+00:00\",\"dateModified\":\"2026-04-10T21:28:39+00:00\",\"breadcrumb\":{\"@id\":\"https:\/\/kanatu.de\/angeln\/#breadcrumb\"},\"inLanguage\":\"en-US\",\"potentialAction\":[{\"@type\":\"ReadAction\",\"target\":[\"https:\/\/kanatu.de\/angeln\/\"]}]},{\"@type\":\"BreadcrumbList\",\"@id\":\"https:\/\/kanatu.de\/angeln\/#breadcrumb\",\"itemListElement\":[{\"@type\":\"ListItem\",\"position\":1,\"name\":\"Start\",\"item\":\"https:\/\/kanatu.de\/\"},{\"@type\":\"ListItem\",\"position\":2,\"name\":\"Angeln\"}]},{\"@type\":\"WebSite\",\"@id\":\"https:\/\/kanatu.de\/#website\",\"url\":\"https:\/\/kanatu.de\/\",\"name\":\"Kanatu Priepert\",\"description\":\"Entdecke die Mecklenburgische Seenplatte auf dem Wasser!\",\"potentialAction\":[{\"@type\":\"SearchAction\",\"target\":{\"@type\":\"EntryPoint\",\"urlTemplate\":\"https:\/\/kanatu.de\/?s={search_term_string}\"},\"query-input\":{\"@type\":\"PropertyValueSpecification\",\"valueRequired\":true,\"valueName\":\"search_term_string\"}}],\"inLanguage\":\"en-US\"}]}<\/script>\n<!-- \/ Yoast SEO plugin. -->","yoast_head_json":{"title":"Angeln - Kanatu Priepert","robots":{"index":"index","follow":"follow","max-snippet":"max-snippet:-1","max-image-preview":"max-image-preview:large","max-video-preview":"max-video-preview:-1"},"canonical":"https:\/\/kanatu.de\/en\/angeln\/","og_locale":"en_US","og_type":"article","og_title":"Angeln - Kanatu Priepert","og_description":"Tipps zum Angeln in der Mecklenburgischen SeenplatteAngeln in der Mecklenburgischen Seenplatte - Tipps und VoraussetzungenVoraussetzung zum\u00a0Angeln in der\u00a0Mecklenburgischen Seenplatte ist ein g\u00fcltiger Fischereischein und eine Angelerlaubnis f\u00fcr das jeweilige Gew\u00e4sser. Wer keinen Fischereischein hat, erh\u00e4lt in der Touristeninformation einen zeitlich begrenzten Touristen-Fischereischein. F\u00fcr Kinder bis zum vollendeten 14. Lebensjahr gelten besondere Bestimmungen.Touristen-Fischereischein Den Touristen-Fischereischein kannst [&hellip;]","og_url":"https:\/\/kanatu.de\/en\/angeln\/","og_site_name":"Kanatu Priepert","article_modified_time":"2026-04-10T21:28:39+00:00","twitter_card":"summary_large_image","twitter_misc":{"Est. reading time":"6 minutes"},"schema":{"@context":"https:\/\/schema.org","@graph":[{"@type":"WebPage","@id":"https:\/\/kanatu.de\/angeln\/","url":"https:\/\/kanatu.de\/angeln\/","name":"Angeln - Kanatu Priepert","isPartOf":{"@id":"https:\/\/kanatu.de\/#website"},"datePublished":"2025-05-18T15:32:44+00:00","dateModified":"2026-04-10T21:28:39+00:00","breadcrumb":{"@id":"https:\/\/kanatu.de\/angeln\/#breadcrumb"},"inLanguage":"en-US","potentialAction":[{"@type":"ReadAction","target":["https:\/\/kanatu.de\/angeln\/"]}]},{"@type":"BreadcrumbList","@id":"https:\/\/kanatu.de\/angeln\/#breadcrumb","itemListElement":[{"@type":"ListItem","position":1,"name":"Start","item":"https:\/\/kanatu.de\/"},{"@type":"ListItem","position":2,"name":"Angeln"}]},{"@type":"WebSite","@id":"https:\/\/kanatu.de\/#website","url":"https:\/\/kanatu.de\/","name":"Kanatu Priepert","description":"Entdecke die Mecklenburgische Seenplatte auf dem Wasser!","potentialAction":[{"@type":"SearchAction","target":{"@type":"EntryPoint","urlTemplate":"https:\/\/kanatu.de\/?s={search_term_string}"},"query-input":{"@type":"PropertyValueSpecification","valueRequired":true,"valueName":"search_term_string"}}],"inLanguage":"en-US"}]}},"_links":{"self":[{"href":"https:\/\/kanatu.de\/en\/wp-json\/wp\/v2\/pages\/71425","targetHints":{"allow":["GET"]}}],"collection":[{"href":"https:\/\/kanatu.de\/en\/wp-json\/wp\/v2\/pages"}],"about":[{"href":"https:\/\/kanatu.de\/en\/wp-json\/wp\/v2\/types\/page"}],"author":[{"embeddable":true,"href":"https:\/\/kanatu.de\/en\/wp-json\/wp\/v2\/users\/1"}],"replies":[{"embeddable":true,"href":"https:\/\/kanatu.de\/en\/wp-json\/wp\/v2\/comments?post=71425"}],"version-history":[{"count":7,"href":"https:\/\/kanatu.de\/en\/wp-json\/wp\/v2\/pages\/71425\/revisions"}],"predecessor-version":[{"id":71900,"href":"https:\/\/kanatu.de\/en\/wp-json\/wp\/v2\/pages\/71425\/revisions\/71900"}],"wp:attachment":[{"href":"https:\/\/kanatu.de\/en\/wp-json\/wp\/v2\/media?parent=71425"}],"curies":[{"name":"wp","href":"https:\/\/api.w.org\/{rel}","templated":true}]}}