{"id":71419,"date":"2025-05-18T17:27:04","date_gmt":"2025-05-18T15:27:04","guid":{"rendered":"http:\/\/relaunch.kanatu.de\/?page_id=71419"},"modified":"2026-04-10T23:17:59","modified_gmt":"2026-04-10T21:17:59","slug":"camping-und-unterkuenfte","status":"publish","type":"page","link":"https:\/\/kanatu.de\/en\/camping-und-unterkuenfte\/","title":{"rendered":"Camping und Unterk\u00fcnfte"},"content":{"rendered":"<p>[et_pb_section fb_built=&#8220;1&#8243; _builder_version=&#8220;4.16&#8243; background_color=&#8220;#ffffff&#8220; custom_padding=&#8220;80px|0px|80px|0px|true|false&#8220; global_colors_info=&#8220;{}&#8220;][et_pb_row use_custom_gutter=&#8220;on&#8220; gutter_width=&#8220;2&#8243; make_equal=&#8220;on&#8220; _builder_version=&#8220;4.27.4&#8243; custom_padding=&#8220;|0px||0px|false|false&#8220; global_colors_info=&#8220;{}&#8220;][et_pb_column type=&#8220;4_4&#8243; _builder_version=&#8220;4.16&#8243; custom_padding=&#8220;|||&#8220; global_colors_info=&#8220;{}&#8220; custom_padding__hover=&#8220;|||&#8220;][et_pb_text _builder_version=&#8220;4.27.4&#8243; _module_preset=&#8220;default&#8220; header_text_color=&#8220;#fe5000&#8243; global_colors_info=&#8220;{}&#8220;]<\/p>\n<h1 class=\"u-custom-font u-text u-text-palette-2-base u-text-1\">Hinweise zum Camping und zu festen Unterk\u00fcnften entlang der Kanutour<\/h1>\n<p>[\/et_pb_text][\/et_pb_column][\/et_pb_row][et_pb_row _builder_version=&#8220;4.16&#8243; custom_padding=&#8220;3px|0px|20px|0px|false|false&#8220; global_colors_info=&#8220;{}&#8220;][et_pb_column type=&#8220;4_4&#8243; _builder_version=&#8220;4.16&#8243; custom_padding=&#8220;|||&#8220; global_colors_info=&#8220;{}&#8220; custom_padding__hover=&#8220;|||&#8220;][et_pb_divider color=&#8220;#cfd3d3&#8243; _builder_version=&#8220;4.16&#8243; global_colors_info=&#8220;{}&#8220;][\/et_pb_divider][\/et_pb_column][\/et_pb_row][et_pb_row column_structure=&#8220;3_5,2_5&#8243; make_equal=&#8220;on&#8220; padding_top_bottom_link_2=&#8220;true&#8220; _builder_version=&#8220;4.27.4&#8243; custom_padding=&#8220;0px|0px||0px|false|false&#8220; animation_direction=&#8220;left&#8220; global_colors_info=&#8220;{}&#8220;][et_pb_column type=&#8220;3_5&#8243; _builder_version=&#8220;4.27.4&#8243; background_enable_image=&#8220;off&#8220; custom_padding=&#8220;|||&#8220; global_colors_info=&#8220;{}&#8220; custom_padding__hover=&#8220;|||&#8220;][et_pb_image src=&#8220;https:\/\/kanatu.de\/wp-content\/uploads\/2026\/03\/IMG_7740.jpeg&#8220; alt=&#8220;Zeltwiese mit mehreren Zelten darauf&#8220; title_text=&#8220;Camping&#8220; show_bottom_space=&#8220;off&#8220; force_fullwidth=&#8220;on&#8220; _builder_version=&#8220;4.27.4&#8243; _module_preset=&#8220;default&#8220; border_radii=&#8220;off|15px|15px||15px&#8220; global_colors_info=&#8220;{}&#8220;][\/et_pb_image][\/et_pb_column][et_pb_column type=&#8220;2_5&#8243; _builder_version=&#8220;4.27.4&#8243; custom_padding=&#8220;30px||70px||false|false&#8220; custom_padding_tablet=&#8220;0px||0px&#8220; custom_padding_phone=&#8220;0px||0px&#8220; custom_padding_last_edited=&#8220;on|tablet&#8220; global_colors_info=&#8220;{}&#8220; custom_padding__hover=&#8220;|||&#8220;][et_pb_text _builder_version=&#8220;4.27.4&#8243; text_font=&#8220;||||||||&#8220; text_text_color=&#8220;#000000&#8243; text_line_height=&#8220;1.8em&#8220; header_font=&#8220;|600||on|||||&#8220; header_text_color=&#8220;#000000&#8243; header_font_size=&#8220;20px&#8220; header_line_height=&#8220;1.2em&#8220; header_2_font=&#8220;Roboto Condensed|700||on|||||&#8220; header_2_text_color=&#8220;#2f2f2f&#8220; header_2_font_size=&#8220;18px&#8220; header_3_font=&#8220;|700|||||||&#8220; header_3_text_color=&#8220;#2f2f2f&#8220; header_3_font_size=&#8220;18px&#8220; header_4_font=&#8220;|700|||||||&#8220; header_4_text_color=&#8220;#2f2f2f&#8220; header_4_font_size=&#8220;20px&#8220; header_4_line_height=&#8220;1.2em&#8220; header_5_font=&#8220;|700|||||||&#8220; header_5_text_color=&#8220;#2f2f2f&#8220; header_5_font_size=&#8220;18px&#8220; header_6_font=&#8220;|700|||||||&#8220; header_6_text_color=&#8220;#2f2f2f&#8220; header_6_font_size=&#8220;18px&#8220; custom_margin=&#8220;|||&#8220; custom_padding=&#8220;3px|||&#8220; global_colors_info=&#8220;{}&#8220;]<\/p>\n<h4 class=\"u-text u-text-default u-text-2\"><span>Tipps zu Camping und \u00dcbernachtungsm\u00f6glichkeiten beim Wasserwandern<\/span><\/h4>\n<p>[\/et_pb_text][et_pb_text _builder_version=&#8220;4.27.4&#8243; text_font=&#8220;||||||||&#8220; text_text_color=&#8220;#000000&#8243; text_line_height=&#8220;1.4em&#8220; header_font=&#8220;|600||on|||||&#8220; header_text_color=&#8220;#000000&#8243; header_font_size=&#8220;20px&#8220; header_line_height=&#8220;1.2em&#8220; header_2_font=&#8220;Roboto Condensed|700||on|||||&#8220; header_2_text_color=&#8220;#2f2f2f&#8220; header_2_font_size=&#8220;18px&#8220; header_3_font=&#8220;|700|||||||&#8220; header_3_text_color=&#8220;#2f2f2f&#8220; header_3_font_size=&#8220;18px&#8220; header_4_font=&#8220;|700|||||||&#8220; header_4_text_color=&#8220;#2f2f2f&#8220; header_4_font_size=&#8220;20px&#8220; header_5_font=&#8220;|700|||||||&#8220; header_5_text_color=&#8220;#2f2f2f&#8220; header_5_font_size=&#8220;18px&#8220; header_6_font=&#8220;|700|||||||&#8220; header_6_text_color=&#8220;#2f2f2f&#8220; header_6_font_size=&#8220;18px&#8220; custom_margin=&#8220;|||&#8220; custom_padding=&#8220;3px|||&#8220; hover_enabled=&#8220;0&#8243; global_colors_info=&#8220;{}&#8220; sticky_enabled=&#8220;0&#8243;]<\/p>\n<p class=\"u-align-left u-custom-font u-text u-text-4\" style=\"text-align: justify;\">Entlang vieler Kanurouten auf der Mecklenburgischen Seenplatte gibt es in kurzen Abst\u00e4nden zueinander sch\u00f6ne Campingpl\u00e4tze direkt am Wasser. Die meisten Pl\u00e4tze besitzen moderne Sanit\u00e4ranlagen, kleine L\u00e4dchen mit dem Notwendigsten, frische Br\u00f6tchen usw. F\u00fcr Wasserwanderer gibt es meist spezielle Zeltwiesen mit freier Platzwahl und g\u00fcnstige Wasserwanderer-Pauschalen. Neben den Campingpl\u00e4tzen gibt es auch immer wieder feste \u00dcbernachtungsm\u00f6glichkeiten entlang der Strecken.<\/p>\n<p>[\/et_pb_text][\/et_pb_column][\/et_pb_row][et_pb_row column_structure=&#8220;1_2,1_2&#8243; _builder_version=&#8220;4.27.4&#8243; _module_preset=&#8220;default&#8220; global_colors_info=&#8220;{}&#8220;][et_pb_column type=&#8220;1_2&#8243; _builder_version=&#8220;4.27.4&#8243; _module_preset=&#8220;default&#8220; global_colors_info=&#8220;{}&#8220;][et_pb_text _builder_version=&#8220;4.27.4&#8243; text_font=&#8220;||||||||&#8220; text_text_color=&#8220;#000000&#8243; text_line_height=&#8220;1.4em&#8220; header_font=&#8220;|600||on|||||&#8220; header_text_color=&#8220;#000000&#8243; header_font_size=&#8220;20px&#8220; header_line_height=&#8220;1.2em&#8220; header_2_font=&#8220;Roboto Condensed|700||on|||||&#8220; header_2_text_color=&#8220;#2f2f2f&#8220; header_2_font_size=&#8220;18px&#8220; header_3_font=&#8220;|700|||||||&#8220; header_3_text_color=&#8220;#2f2f2f&#8220; header_3_font_size=&#8220;18px&#8220; header_4_font=&#8220;|700|||||||&#8220; header_4_text_color=&#8220;#2f2f2f&#8220; header_4_font_size=&#8220;20px&#8220; header_5_font=&#8220;|700|||||||&#8220; header_5_text_color=&#8220;#2f2f2f&#8220; header_5_font_size=&#8220;18px&#8220; header_6_font=&#8220;|700|||||||&#8220; header_6_text_color=&#8220;#2f2f2f&#8220; header_6_font_size=&#8220;18px&#8220; custom_margin=&#8220;|||&#8220; custom_padding=&#8220;3px|||&#8220; global_colors_info=&#8220;{}&#8220;]<\/p>\n<h3 class=\"u-align-left u-text u-text-palette-2-base u-text-5\">Camping in der Natur<\/h3>\n<p class=\"u-align-left u-text u-text-8\" style=\"text-align: justify;\"><span>Das Camping au\u00dferhalb von Campingpl\u00e4tzen ist nur auf ausgewiesenen Biwakpl\u00e4tzen erlaubt. Insbesondere im Nationalpark wird diese Vorschrift sehr streng gehandhabt, weil hier die Tier- und Pflanzenwelt einen besonderen Schutz genie\u00dft.<\/span><\/p>\n<p>[\/et_pb_text][\/et_pb_column][et_pb_column type=&#8220;1_2&#8243; _builder_version=&#8220;4.27.4&#8243; _module_preset=&#8220;default&#8220; global_colors_info=&#8220;{}&#8220;][et_pb_text _builder_version=&#8220;4.27.4&#8243; text_font=&#8220;||||||||&#8220; text_text_color=&#8220;#000000&#8243; text_line_height=&#8220;1.4em&#8220; header_font=&#8220;|600||on|||||&#8220; header_text_color=&#8220;#000000&#8243; header_font_size=&#8220;20px&#8220; header_line_height=&#8220;1.2em&#8220; header_2_font=&#8220;Roboto Condensed|700||on|||||&#8220; header_2_text_color=&#8220;#2f2f2f&#8220; header_2_font_size=&#8220;18px&#8220; header_3_font=&#8220;|700|||||||&#8220; header_3_text_color=&#8220;#2f2f2f&#8220; header_3_font_size=&#8220;18px&#8220; header_4_font=&#8220;|700|||||||&#8220; header_4_text_color=&#8220;#2f2f2f&#8220; header_4_font_size=&#8220;20px&#8220; header_5_font=&#8220;|700|||||||&#8220; header_5_text_color=&#8220;#2f2f2f&#8220; header_5_font_size=&#8220;18px&#8220; header_6_font=&#8220;|700|||||||&#8220; header_6_text_color=&#8220;#2f2f2f&#8220; header_6_font_size=&#8220;18px&#8220; custom_margin=&#8220;|||&#8220; custom_padding=&#8220;3px|||&#8220; global_colors_info=&#8220;{}&#8220;]<\/p>\n<h3 class=\"u-align-left u-text u-text-palette-2-base u-text-7\">Feste Unterk\u00fcnfte<\/h3>\n<p class=\"u-align-left u-text u-text-2\" style=\"text-align: justify;\"><span>Es ist auch m\u00f6glich, eine Kanutour zu unternehmen und teilweise oder ausschlie\u00dflich in festen Unterk\u00fcnften zu \u00fcbernachten. Diese Unterk\u00fcnfte befinden sich direkt am Wasser oder in dessen N\u00e4he. Insbesondere in der Hochsaison empfiehlt sich eine Vorausbuchung.<\/span><\/p>\n<p>[\/et_pb_text][\/et_pb_column][\/et_pb_row][\/et_pb_section]<\/p>\n","protected":false},"excerpt":{"rendered":"<p>Hinweise zum Camping und zu festen Unterk\u00fcnften entlang der KanutourTipps zu Camping und \u00dcbernachtungsm\u00f6glichkeiten beim WasserwandernEntlang vieler Kanurouten auf der Mecklenburgischen Seenplatte gibt es in kurzen Abst\u00e4nden zueinander sch\u00f6ne Campingpl\u00e4tze direkt am Wasser. Die meisten Pl\u00e4tze besitzen moderne Sanit\u00e4ranlagen, kleine L\u00e4dchen mit dem Notwendigsten, frische Br\u00f6tchen usw. F\u00fcr Wasserwanderer gibt es meist spezielle Zeltwiesen mit [&hellip;]<\/p>\n","protected":false},"author":1,"featured_media":0,"parent":0,"menu_order":0,"comment_status":"closed","ping_status":"closed","template":"","meta":{"_et_pb_use_builder":"on","_et_pb_old_content":"","_et_gb_content_width":"","footnotes":""},"class_list":["post-71419","page","type-page","status-publish","hentry"],"yoast_head":"<!-- This site is optimized with the Yoast SEO plugin v27.1.1 - https:\/\/yoast.com\/product\/yoast-seo-wordpress\/ -->\n<title>Camping und Unterk\u00fcnfte - Kanatu Priepert<\/title>\n<meta name=\"robots\" content=\"index, follow, max-snippet:-1, max-image-preview:large, max-video-preview:-1\" \/>\n<link rel=\"canonical\" href=\"https:\/\/kanatu.de\/en\/camping-und-unterkuenfte\/\" \/>\n<meta property=\"og:locale\" content=\"en_US\" \/>\n<meta property=\"og:type\" content=\"article\" \/>\n<meta property=\"og:title\" content=\"Camping und Unterk\u00fcnfte - Kanatu Priepert\" \/>\n<meta property=\"og:description\" content=\"Hinweise zum Camping und zu festen Unterk\u00fcnften entlang der KanutourTipps zu Camping und \u00dcbernachtungsm\u00f6glichkeiten beim WasserwandernEntlang vieler Kanurouten auf der Mecklenburgischen Seenplatte gibt es in kurzen Abst\u00e4nden zueinander sch\u00f6ne Campingpl\u00e4tze direkt am Wasser. Die meisten Pl\u00e4tze besitzen moderne Sanit\u00e4ranlagen, kleine L\u00e4dchen mit dem Notwendigsten, frische Br\u00f6tchen usw. F\u00fcr Wasserwanderer gibt es meist spezielle Zeltwiesen mit [&hellip;]\" \/>\n<meta property=\"og:url\" content=\"https:\/\/kanatu.de\/en\/camping-und-unterkuenfte\/\" \/>\n<meta property=\"og:site_name\" content=\"Kanatu Priepert\" \/>\n<meta property=\"article:modified_time\" content=\"2026-04-10T21:17:59+00:00\" \/>\n<meta name=\"twitter:card\" content=\"summary_large_image\" \/>\n<meta name=\"twitter:label1\" content=\"Est. reading time\" \/>\n\t<meta name=\"twitter:data1\" content=\"5 minutes\" \/>\n<script type=\"application\/ld+json\" class=\"yoast-schema-graph\">{\"@context\":\"https:\/\/schema.org\",\"@graph\":[{\"@type\":\"WebPage\",\"@id\":\"https:\/\/kanatu.de\/camping-und-unterkuenfte\/\",\"url\":\"https:\/\/kanatu.de\/camping-und-unterkuenfte\/\",\"name\":\"Camping und Unterk\u00fcnfte - Kanatu Priepert\",\"isPartOf\":{\"@id\":\"https:\/\/kanatu.de\/#website\"},\"datePublished\":\"2025-05-18T15:27:04+00:00\",\"dateModified\":\"2026-04-10T21:17:59+00:00\",\"breadcrumb\":{\"@id\":\"https:\/\/kanatu.de\/camping-und-unterkuenfte\/#breadcrumb\"},\"inLanguage\":\"en-US\",\"potentialAction\":[{\"@type\":\"ReadAction\",\"target\":[\"https:\/\/kanatu.de\/camping-und-unterkuenfte\/\"]}]},{\"@type\":\"BreadcrumbList\",\"@id\":\"https:\/\/kanatu.de\/camping-und-unterkuenfte\/#breadcrumb\",\"itemListElement\":[{\"@type\":\"ListItem\",\"position\":1,\"name\":\"Start\",\"item\":\"https:\/\/kanatu.de\/\"},{\"@type\":\"ListItem\",\"position\":2,\"name\":\"Camping und Unterk\u00fcnfte\"}]},{\"@type\":\"WebSite\",\"@id\":\"https:\/\/kanatu.de\/#website\",\"url\":\"https:\/\/kanatu.de\/\",\"name\":\"Kanatu Priepert\",\"description\":\"Entdecke die Mecklenburgische Seenplatte auf dem Wasser!\",\"potentialAction\":[{\"@type\":\"SearchAction\",\"target\":{\"@type\":\"EntryPoint\",\"urlTemplate\":\"https:\/\/kanatu.de\/?s={search_term_string}\"},\"query-input\":{\"@type\":\"PropertyValueSpecification\",\"valueRequired\":true,\"valueName\":\"search_term_string\"}}],\"inLanguage\":\"en-US\"}]}<\/script>\n<!-- \/ Yoast SEO plugin. -->","yoast_head_json":{"title":"Camping und Unterk\u00fcnfte - Kanatu Priepert","robots":{"index":"index","follow":"follow","max-snippet":"max-snippet:-1","max-image-preview":"max-image-preview:large","max-video-preview":"max-video-preview:-1"},"canonical":"https:\/\/kanatu.de\/en\/camping-und-unterkuenfte\/","og_locale":"en_US","og_type":"article","og_title":"Camping und Unterk\u00fcnfte - Kanatu Priepert","og_description":"Hinweise zum Camping und zu festen Unterk\u00fcnften entlang der KanutourTipps zu Camping und \u00dcbernachtungsm\u00f6glichkeiten beim WasserwandernEntlang vieler Kanurouten auf der Mecklenburgischen Seenplatte gibt es in kurzen Abst\u00e4nden zueinander sch\u00f6ne Campingpl\u00e4tze direkt am Wasser. Die meisten Pl\u00e4tze besitzen moderne Sanit\u00e4ranlagen, kleine L\u00e4dchen mit dem Notwendigsten, frische Br\u00f6tchen usw. F\u00fcr Wasserwanderer gibt es meist spezielle Zeltwiesen mit [&hellip;]","og_url":"https:\/\/kanatu.de\/en\/camping-und-unterkuenfte\/","og_site_name":"Kanatu Priepert","article_modified_time":"2026-04-10T21:17:59+00:00","twitter_card":"summary_large_image","twitter_misc":{"Est. reading time":"5 minutes"},"schema":{"@context":"https:\/\/schema.org","@graph":[{"@type":"WebPage","@id":"https:\/\/kanatu.de\/camping-und-unterkuenfte\/","url":"https:\/\/kanatu.de\/camping-und-unterkuenfte\/","name":"Camping und Unterk\u00fcnfte - Kanatu Priepert","isPartOf":{"@id":"https:\/\/kanatu.de\/#website"},"datePublished":"2025-05-18T15:27:04+00:00","dateModified":"2026-04-10T21:17:59+00:00","breadcrumb":{"@id":"https:\/\/kanatu.de\/camping-und-unterkuenfte\/#breadcrumb"},"inLanguage":"en-US","potentialAction":[{"@type":"ReadAction","target":["https:\/\/kanatu.de\/camping-und-unterkuenfte\/"]}]},{"@type":"BreadcrumbList","@id":"https:\/\/kanatu.de\/camping-und-unterkuenfte\/#breadcrumb","itemListElement":[{"@type":"ListItem","position":1,"name":"Start","item":"https:\/\/kanatu.de\/"},{"@type":"ListItem","position":2,"name":"Camping und Unterk\u00fcnfte"}]},{"@type":"WebSite","@id":"https:\/\/kanatu.de\/#website","url":"https:\/\/kanatu.de\/","name":"Kanatu Priepert","description":"Entdecke die Mecklenburgische Seenplatte auf dem Wasser!","potentialAction":[{"@type":"SearchAction","target":{"@type":"EntryPoint","urlTemplate":"https:\/\/kanatu.de\/?s={search_term_string}"},"query-input":{"@type":"PropertyValueSpecification","valueRequired":true,"valueName":"search_term_string"}}],"inLanguage":"en-US"}]}},"_links":{"self":[{"href":"https:\/\/kanatu.de\/en\/wp-json\/wp\/v2\/pages\/71419","targetHints":{"allow":["GET"]}}],"collection":[{"href":"https:\/\/kanatu.de\/en\/wp-json\/wp\/v2\/pages"}],"about":[{"href":"https:\/\/kanatu.de\/en\/wp-json\/wp\/v2\/types\/page"}],"author":[{"embeddable":true,"href":"https:\/\/kanatu.de\/en\/wp-json\/wp\/v2\/users\/1"}],"replies":[{"embeddable":true,"href":"https:\/\/kanatu.de\/en\/wp-json\/wp\/v2\/comments?post=71419"}],"version-history":[{"count":6,"href":"https:\/\/kanatu.de\/en\/wp-json\/wp\/v2\/pages\/71419\/revisions"}],"predecessor-version":[{"id":71894,"href":"https:\/\/kanatu.de\/en\/wp-json\/wp\/v2\/pages\/71419\/revisions\/71894"}],"wp:attachment":[{"href":"https:\/\/kanatu.de\/en\/wp-json\/wp\/v2\/media?parent=71419"}],"curies":[{"name":"wp","href":"https:\/\/api.w.org\/{rel}","templated":true}]}}