{"id":71413,"date":"2025-05-18T17:12:13","date_gmt":"2025-05-18T15:12:13","guid":{"rendered":"http:\/\/relaunch.kanatu.de\/?page_id=71413"},"modified":"2026-04-10T23:10:05","modified_gmt":"2026-04-10T21:10:05","slug":"paddeln-mit-hund","status":"publish","type":"page","link":"https:\/\/kanatu.de\/en\/paddeln-mit-hund\/","title":{"rendered":"Paddling with a dog"},"content":{"rendered":"<p>[et_pb_section fb_built=&#8220;1&#8243; _builder_version=&#8220;4.16&#8243; background_color=&#8220;#ffffff&#8220; custom_padding=&#8220;80px|0px|80px|0px|true|false&#8220; global_colors_info=&#8220;{}&#8220;][et_pb_row use_custom_gutter=&#8220;on&#8220; gutter_width=&#8220;2&#8243; make_equal=&#8220;on&#8220; _builder_version=&#8220;4.27.4&#8243; custom_padding=&#8220;|0px||0px|false|false&#8220; global_colors_info=&#8220;{}&#8220;][et_pb_column type=&#8220;4_4&#8243; _builder_version=&#8220;4.16&#8243; custom_padding=&#8220;|||&#8220; global_colors_info=&#8220;{}&#8220; custom_padding__hover=&#8220;|||&#8220;][et_pb_text _builder_version=&#8220;4.27.4&#8243; _module_preset=&#8220;default&#8220; header_text_color=&#8220;#fe5000&#8243; global_colors_info=&#8220;{}&#8220;]<\/p>\n<h1 class=\"u-custom-font u-text u-text-palette-2-base u-text-1\">Paddeln mit Hunden auf der Mecklenburgischen Seenplatte<\/h1>\n<p>[\/et_pb_text][\/et_pb_column][\/et_pb_row][et_pb_row _builder_version=&#8220;4.16&#8243; custom_padding=&#8220;3px|0px|20px|0px|false|false&#8220; global_colors_info=&#8220;{}&#8220;][et_pb_column type=&#8220;4_4&#8243; _builder_version=&#8220;4.16&#8243; custom_padding=&#8220;|||&#8220; global_colors_info=&#8220;{}&#8220; custom_padding__hover=&#8220;|||&#8220;][et_pb_divider color=&#8220;#cfd3d3&#8243; _builder_version=&#8220;4.16&#8243; global_colors_info=&#8220;{}&#8220;][\/et_pb_divider][\/et_pb_column][\/et_pb_row][et_pb_row column_structure=&#8220;3_5,2_5&#8243; make_equal=&#8220;on&#8220; padding_top_bottom_link_2=&#8220;true&#8220; _builder_version=&#8220;4.27.4&#8243; custom_padding=&#8220;0px|0px||0px|false|false&#8220; animation_direction=&#8220;left&#8220; global_colors_info=&#8220;{}&#8220;][et_pb_column type=&#8220;3_5&#8243; _builder_version=&#8220;4.27.4&#8243; background_enable_image=&#8220;off&#8220; custom_padding=&#8220;|||&#8220; global_colors_info=&#8220;{}&#8220; custom_padding__hover=&#8220;|||&#8220;][et_pb_image src=&#8220;https:\/\/kanatu.de\/wp-content\/uploads\/2025\/05\/paddeln-mit-hund.jpg&#8220; title_text=&#8220;Man standing looking at dog while standing by canoe in lake&#8220; show_bottom_space=&#8220;off&#8220; force_fullwidth=&#8220;on&#8220; _builder_version=&#8220;4.27.4&#8243; _module_preset=&#8220;default&#8220; border_radii=&#8220;off|15px|15px||15px&#8220; global_colors_info=&#8220;{}&#8220;][\/et_pb_image][\/et_pb_column][et_pb_column type=&#8220;2_5&#8243; _builder_version=&#8220;4.27.4&#8243; custom_padding=&#8220;30px||70px||false|false&#8220; custom_padding_tablet=&#8220;0px||0px&#8220; custom_padding_phone=&#8220;0px||0px&#8220; custom_padding_last_edited=&#8220;on|tablet&#8220; global_colors_info=&#8220;{}&#8220; custom_padding__hover=&#8220;|||&#8220;][et_pb_text _builder_version=&#8220;4.27.4&#8243; text_font=&#8220;||||||||&#8220; text_text_color=&#8220;#000000&#8243; text_line_height=&#8220;1.8em&#8220; header_font=&#8220;|600||on|||||&#8220; header_text_color=&#8220;#000000&#8243; header_font_size=&#8220;20px&#8220; header_line_height=&#8220;1.2em&#8220; header_2_font=&#8220;Roboto Condensed|700||on|||||&#8220; header_2_text_color=&#8220;#2f2f2f&#8220; header_2_font_size=&#8220;18px&#8220; header_3_font=&#8220;|700|||||||&#8220; header_3_text_color=&#8220;#2f2f2f&#8220; header_3_font_size=&#8220;18px&#8220; header_4_font=&#8220;|700|||||||&#8220; header_4_text_color=&#8220;#2f2f2f&#8220; header_4_font_size=&#8220;20px&#8220; header_4_line_height=&#8220;1.2em&#8220; header_5_font=&#8220;|700|||||||&#8220; header_5_text_color=&#8220;#2f2f2f&#8220; header_5_font_size=&#8220;18px&#8220; header_6_font=&#8220;|700|||||||&#8220; header_6_text_color=&#8220;#2f2f2f&#8220; header_6_font_size=&#8220;18px&#8220; custom_margin=&#8220;|||&#8220; custom_padding=&#8220;3px|||&#8220; global_colors_info=&#8220;{}&#8220;]<\/p>\n<h4 class=\"u-text u-text-default u-text-2\">Im Folgenden geben wir n\u00fctzliche Tipps f\u00fcr die Mitnahme von Hunden auf der Mecklenburgischen Seenplatte.<\/h4>\n<p>[\/et_pb_text][et_pb_text _builder_version=&#8220;4.27.4&#8243; text_font=&#8220;||||||||&#8220; text_text_color=&#8220;#000000&#8243; text_line_height=&#8220;1.4em&#8220; header_font=&#8220;|600||on|||||&#8220; header_text_color=&#8220;#000000&#8243; header_font_size=&#8220;20px&#8220; header_line_height=&#8220;1.2em&#8220; header_2_font=&#8220;Roboto Condensed|700||on|||||&#8220; header_2_text_color=&#8220;#2f2f2f&#8220; header_2_font_size=&#8220;18px&#8220; header_3_font=&#8220;|700|||||||&#8220; header_3_text_color=&#8220;#2f2f2f&#8220; header_3_font_size=&#8220;18px&#8220; header_4_font=&#8220;|700|||||||&#8220; header_4_text_color=&#8220;#2f2f2f&#8220; header_4_font_size=&#8220;20px&#8220; header_5_font=&#8220;|700|||||||&#8220; header_5_text_color=&#8220;#2f2f2f&#8220; header_5_font_size=&#8220;18px&#8220; header_6_font=&#8220;|700|||||||&#8220; header_6_text_color=&#8220;#2f2f2f&#8220; header_6_font_size=&#8220;18px&#8220; custom_margin=&#8220;|||&#8220; custom_padding=&#8220;3px||2px|||&#8220; global_colors_info=&#8220;{}&#8220;]<\/p>\n<p><strong><span class=\"diff-highlight\">Ist Kanu fahren mit Hunde m\u00f6glich?<\/span><\/strong><\/p>\n<p><span class=\"diff-highlight\">Das Paddeln mit Hunden im Kanu funktioniert meist problemlos. Voraussetzung ist jedoch, dass der Hund sich auf dem Wasser wohlf\u00fchlt. F\u00fchlt er sich sicher spricht nichts gegen eine gemeinsame Kanutour, denn die Umgebung und das Kanu sind bestens f\u00fcr dieses Abenteuer geeignet.<\/span><\/p>\n<p>[\/et_pb_text][et_pb_text _builder_version=&#8220;4.27.4&#8243; text_font=&#8220;||||||||&#8220; text_text_color=&#8220;#000000&#8243; text_line_height=&#8220;1.4em&#8220; header_font=&#8220;|600||on|||||&#8220; header_text_color=&#8220;#000000&#8243; header_font_size=&#8220;20px&#8220; header_line_height=&#8220;1.2em&#8220; header_2_font=&#8220;Roboto Condensed|700||on|||||&#8220; header_2_text_color=&#8220;#2f2f2f&#8220; header_2_font_size=&#8220;18px&#8220; header_3_font=&#8220;|700|||||||&#8220; header_3_text_color=&#8220;#2f2f2f&#8220; header_3_font_size=&#8220;18px&#8220; header_4_font=&#8220;|700|||||||&#8220; header_4_text_color=&#8220;#2f2f2f&#8220; header_4_font_size=&#8220;20px&#8220; header_5_font=&#8220;|700|||||||&#8220; header_5_text_color=&#8220;#2f2f2f&#8220; header_5_font_size=&#8220;18px&#8220; header_6_font=&#8220;|700|||||||&#8220; header_6_text_color=&#8220;#2f2f2f&#8220; header_6_font_size=&#8220;18px&#8220; custom_margin=&#8220;|||&#8220; custom_padding=&#8220;3px|||&#8220; global_colors_info=&#8220;{}&#8220;]<\/p>\n<p data-start=\"55\" data-end=\"349\" data-is-last-node=\"\" data-is-only-node=\"\"><strong>Welcher Bootstyp eignet sich f\u00fcr Touren mit dem Hund?<\/strong><\/p>\n<p data-start=\"55\" data-end=\"349\" data-is-last-node=\"\" data-is-only-node=\"\">F\u00fcr Kanutouren mit dem Hund empfiehlt sich vor allem ein\u00a0<strong>Kanadier<\/strong>, dieser bietet ausreichend Platz f\u00fcr jeden Hund. Je nach Gr\u00f6\u00dfe und Verhalten des Hundes kann jedoch auch ein\u00a0<strong>Kajak<\/strong> geeignet sein. Eine Hundedecke im\u00a0<strong>Boot<\/strong> sorgt daf\u00fcr, dass der Hund w\u00e4hrend der Fahrt nicht mit den Pfoten auf dem glatten Boden rutscht und bequem sitzen oder liegen kann.\u00a0<\/p>\n<p>[\/et_pb_text][\/et_pb_column][\/et_pb_row][et_pb_row column_structure=&#8220;1_2,1_2&#8243; _builder_version=&#8220;4.27.4&#8243; _module_preset=&#8220;default&#8220; global_colors_info=&#8220;{}&#8220;][et_pb_column type=&#8220;1_2&#8243; _builder_version=&#8220;4.27.4&#8243; _module_preset=&#8220;default&#8220; global_colors_info=&#8220;{}&#8220;][et_pb_text _builder_version=&#8220;4.27.4&#8243; text_font=&#8220;||||||||&#8220; text_text_color=&#8220;#000000&#8243; text_line_height=&#8220;1.4em&#8220; header_font=&#8220;|600||on|||||&#8220; header_text_color=&#8220;#000000&#8243; header_font_size=&#8220;20px&#8220; header_line_height=&#8220;1.2em&#8220; header_2_font=&#8220;Roboto Condensed|700||on|||||&#8220; header_2_text_color=&#8220;#2f2f2f&#8220; header_2_font_size=&#8220;18px&#8220; header_3_font=&#8220;|700|||||||&#8220; header_3_text_color=&#8220;#2f2f2f&#8220; header_3_font_size=&#8220;18px&#8220; header_4_font=&#8220;|700|||||||&#8220; header_4_text_color=&#8220;#2f2f2f&#8220; header_4_font_size=&#8220;20px&#8220; header_5_font=&#8220;|700|||||||&#8220; header_5_text_color=&#8220;#2f2f2f&#8220; header_5_font_size=&#8220;18px&#8220; header_6_font=&#8220;|700|||||||&#8220; header_6_text_color=&#8220;#2f2f2f&#8220; header_6_font_size=&#8220;18px&#8220; custom_margin=&#8220;|||&#8220; custom_padding=&#8220;3px||4px|||&#8220; hover_enabled=&#8220;0&#8243; global_colors_info=&#8220;{}&#8220; sticky_enabled=&#8220;0&#8243;]<\/p>\n<article class=\"text-token-text-primary w-full focus:outline-none [--shadow-height:45px] has-data-writing-block:pointer-events-none has-data-writing-block:-mt-(--shadow-height) has-data-writing-block:pt-(--shadow-height) [&amp;:has([data-writing-block])&gt;*]:pointer-events-auto scroll-mt-[calc(var(--header-height)+min(200px,max(70px,20svh)))]\" dir=\"auto\" data-turn-id=\"request-WEB:1e918985-5568-46a3-b6d7-a2055746681c-2\" data-testid=\"conversation-turn-6\" data-scroll-anchor=\"true\" data-turn=\"assistant\" tabindex=\"-1\">\n<div class=\"text-base my-auto mx-auto pb-10 [--thread-content-margin:--spacing(4)] @w-sm\/main:[--thread-content-margin:--spacing(6)] @w-lg\/main:[--thread-content-margin:--spacing(16)] px-(--thread-content-margin)\">\n<div class=\"[--thread-content-max-width:40rem] @w-lg\/main:[--thread-content-max-width:48rem] mx-auto max-w-(--thread-content-max-width) flex-1 group\/turn-messages focus-visible:outline-hidden relative flex w-full min-w-0 flex-col agent-turn\" tabindex=\"-1\">\n<div class=\"flex max-w-full flex-col grow\">\n<div data-message-author-role=\"assistant\" data-message-id=\"ba4a9e9b-1fe5-4cc5-9e38-0cc02dadc716\" dir=\"auto\" data-message-model-slug=\"gpt-5-3\" class=\"min-h-8 text-message relative flex w-full flex-col items-end gap-2 text-start break-words whitespace-normal [.text-message+&amp;]:mt-1\">\n<div class=\"flex w-full flex-col gap-1 empty:hidden first:pt-[1px]\">\n<div class=\"markdown prose dark:prose-invert w-full wrap-break-word light markdown-new-styling\">\n<p data-start=\"44\" data-end=\"335\" data-is-last-node=\"\" data-is-only-node=\"\"><strong>D\u00fcrfen Hunde mit auf den Campingplatz?<\/strong><\/p>\n<p data-start=\"44\" data-end=\"335\" data-is-last-node=\"\" data-is-only-node=\"\">Auf den meisten\u00a0Campingpl\u00e4tzen sind Hunde erlaubt. Da es jedoch auch Ausnahmen gibt informier dich am besten vor der Reise, welche Campingpl\u00e4tze auf deiner Route keine Hunde zulassen und ber\u00fccksichtige dies bei deiner\u00a0Tourenplanung. Gerne unterst\u00fctzen wir dich bei deiner Planung.<\/p>\n<\/div>\n<\/div>\n<\/div>\n<\/div>\n<\/div>\n<\/div>\n<\/article>\n<p>[\/et_pb_text][\/et_pb_column][et_pb_column type=&#8220;1_2&#8243; _builder_version=&#8220;4.27.4&#8243; _module_preset=&#8220;default&#8220; global_colors_info=&#8220;{}&#8220;][et_pb_text _builder_version=&#8220;4.27.4&#8243; text_font=&#8220;||||||||&#8220; text_text_color=&#8220;#000000&#8243; text_line_height=&#8220;1.2em&#8220; header_font=&#8220;|600||on|||||&#8220; header_text_color=&#8220;#000000&#8243; header_font_size=&#8220;20px&#8220; header_line_height=&#8220;1.2em&#8220; header_2_font=&#8220;Roboto Condensed|700||on|||||&#8220; header_2_text_color=&#8220;#2f2f2f&#8220; header_2_font_size=&#8220;18px&#8220; header_3_font=&#8220;|700|||||||&#8220; header_3_text_color=&#8220;#2f2f2f&#8220; header_3_font_size=&#8220;18px&#8220; header_4_font=&#8220;|700|||||||&#8220; header_4_text_color=&#8220;#2f2f2f&#8220; header_4_font_size=&#8220;20px&#8220; header_5_font=&#8220;|700|||||||&#8220; header_5_text_color=&#8220;#2f2f2f&#8220; header_5_font_size=&#8220;18px&#8220; header_6_font=&#8220;|700|||||||&#8220; header_6_text_color=&#8220;#2f2f2f&#8220; header_6_font_size=&#8220;18px&#8220; custom_margin=&#8220;|||&#8220; custom_padding=&#8220;3px|||&#8220; hover_enabled=&#8220;0&#8243; global_colors_info=&#8220;{}&#8220; sticky_enabled=&#8220;0&#8243;]<\/p>\n<p data-start=\"48\" data-end=\"322\" data-is-last-node=\"\" data-is-only-node=\"\"><strong>Muss der Hund an der Leine gef\u00fchrt werden?<\/strong><\/p>\n<p data-start=\"48\" data-end=\"322\" data-is-last-node=\"\" data-is-only-node=\"\">Auf Campingpl\u00e4tzen gilt hier grunds\u00e4tzlich Leinenpflicht f\u00fcr Hunde. Ebenso im M\u00fcritz-Nationalpark m\u00fcssen Hunde zum Schutz der Tierwelt immer an der Leine gef\u00fchrt werden. Au\u00dferhalb des Nationalparkes gelten die \u00fcblichen Regeln der jeweiligen Region.<\/p>\n<p>[\/et_pb_text][\/et_pb_column][\/et_pb_row][\/et_pb_section]<\/p>\n","protected":false},"excerpt":{"rendered":"<p>Paddeln mit Hunden auf der Mecklenburgischen SeenplatteIm Folgenden geben wir n\u00fctzliche Tipps f\u00fcr die Mitnahme von Hunden auf der Mecklenburgischen Seenplatte.Ist Kanu fahren mit Hunde m\u00f6glich? Das Paddeln mit Hunden im Kanu funktioniert meist problemlos. Voraussetzung ist jedoch, dass der Hund sich auf dem Wasser wohlf\u00fchlt. F\u00fchlt er sich sicher spricht nichts gegen eine gemeinsame [&hellip;]<\/p>\n","protected":false},"author":1,"featured_media":0,"parent":0,"menu_order":0,"comment_status":"closed","ping_status":"closed","template":"","meta":{"_et_pb_use_builder":"on","_et_pb_old_content":"","_et_gb_content_width":"","footnotes":""},"class_list":["post-71413","page","type-page","status-publish","hentry"],"yoast_head":"<!-- This site is optimized with the Yoast SEO plugin v27.1.1 - https:\/\/yoast.com\/product\/yoast-seo-wordpress\/ -->\n<title>Paddeln mit Hund - Kanatu Priepert<\/title>\n<meta name=\"robots\" content=\"index, follow, max-snippet:-1, max-image-preview:large, max-video-preview:-1\" \/>\n<link rel=\"canonical\" href=\"https:\/\/kanatu.de\/en\/paddeln-mit-hund\/\" \/>\n<meta property=\"og:locale\" content=\"en_US\" \/>\n<meta property=\"og:type\" content=\"article\" \/>\n<meta property=\"og:title\" content=\"Paddeln mit Hund - Kanatu Priepert\" \/>\n<meta property=\"og:description\" content=\"Paddeln mit Hunden auf der Mecklenburgischen SeenplatteIm Folgenden geben wir n\u00fctzliche Tipps f\u00fcr die Mitnahme von Hunden auf der Mecklenburgischen Seenplatte.Ist Kanu fahren mit Hunde m\u00f6glich? Das Paddeln mit Hunden im Kanu funktioniert meist problemlos. Voraussetzung ist jedoch, dass der Hund sich auf dem Wasser wohlf\u00fchlt. F\u00fchlt er sich sicher spricht nichts gegen eine gemeinsame [&hellip;]\" \/>\n<meta property=\"og:url\" content=\"https:\/\/kanatu.de\/en\/paddeln-mit-hund\/\" \/>\n<meta property=\"og:site_name\" content=\"Kanatu Priepert\" \/>\n<meta property=\"article:modified_time\" content=\"2026-04-10T21:10:05+00:00\" \/>\n<meta name=\"twitter:card\" content=\"summary_large_image\" \/>\n<meta name=\"twitter:label1\" content=\"Est. reading time\" \/>\n\t<meta name=\"twitter:data1\" content=\"5 minutes\" \/>\n<script type=\"application\/ld+json\" class=\"yoast-schema-graph\">{\"@context\":\"https:\/\/schema.org\",\"@graph\":[{\"@type\":\"WebPage\",\"@id\":\"https:\/\/kanatu.de\/paddeln-mit-hund\/\",\"url\":\"https:\/\/kanatu.de\/paddeln-mit-hund\/\",\"name\":\"Paddeln mit Hund - Kanatu Priepert\",\"isPartOf\":{\"@id\":\"https:\/\/kanatu.de\/#website\"},\"datePublished\":\"2025-05-18T15:12:13+00:00\",\"dateModified\":\"2026-04-10T21:10:05+00:00\",\"breadcrumb\":{\"@id\":\"https:\/\/kanatu.de\/paddeln-mit-hund\/#breadcrumb\"},\"inLanguage\":\"en-US\",\"potentialAction\":[{\"@type\":\"ReadAction\",\"target\":[\"https:\/\/kanatu.de\/paddeln-mit-hund\/\"]}]},{\"@type\":\"BreadcrumbList\",\"@id\":\"https:\/\/kanatu.de\/paddeln-mit-hund\/#breadcrumb\",\"itemListElement\":[{\"@type\":\"ListItem\",\"position\":1,\"name\":\"Start\",\"item\":\"https:\/\/kanatu.de\/\"},{\"@type\":\"ListItem\",\"position\":2,\"name\":\"Paddeln mit Hund\"}]},{\"@type\":\"WebSite\",\"@id\":\"https:\/\/kanatu.de\/#website\",\"url\":\"https:\/\/kanatu.de\/\",\"name\":\"Kanatu Priepert\",\"description\":\"Entdecke die Mecklenburgische Seenplatte auf dem Wasser!\",\"potentialAction\":[{\"@type\":\"SearchAction\",\"target\":{\"@type\":\"EntryPoint\",\"urlTemplate\":\"https:\/\/kanatu.de\/?s={search_term_string}\"},\"query-input\":{\"@type\":\"PropertyValueSpecification\",\"valueRequired\":true,\"valueName\":\"search_term_string\"}}],\"inLanguage\":\"en-US\"}]}<\/script>\n<!-- \/ Yoast SEO plugin. -->","yoast_head_json":{"title":"Paddeln mit Hund - Kanatu Priepert","robots":{"index":"index","follow":"follow","max-snippet":"max-snippet:-1","max-image-preview":"max-image-preview:large","max-video-preview":"max-video-preview:-1"},"canonical":"https:\/\/kanatu.de\/en\/paddeln-mit-hund\/","og_locale":"en_US","og_type":"article","og_title":"Paddeln mit Hund - Kanatu Priepert","og_description":"Paddeln mit Hunden auf der Mecklenburgischen SeenplatteIm Folgenden geben wir n\u00fctzliche Tipps f\u00fcr die Mitnahme von Hunden auf der Mecklenburgischen Seenplatte.Ist Kanu fahren mit Hunde m\u00f6glich? Das Paddeln mit Hunden im Kanu funktioniert meist problemlos. Voraussetzung ist jedoch, dass der Hund sich auf dem Wasser wohlf\u00fchlt. F\u00fchlt er sich sicher spricht nichts gegen eine gemeinsame [&hellip;]","og_url":"https:\/\/kanatu.de\/en\/paddeln-mit-hund\/","og_site_name":"Kanatu Priepert","article_modified_time":"2026-04-10T21:10:05+00:00","twitter_card":"summary_large_image","twitter_misc":{"Est. reading time":"5 minutes"},"schema":{"@context":"https:\/\/schema.org","@graph":[{"@type":"WebPage","@id":"https:\/\/kanatu.de\/paddeln-mit-hund\/","url":"https:\/\/kanatu.de\/paddeln-mit-hund\/","name":"Paddeln mit Hund - Kanatu Priepert","isPartOf":{"@id":"https:\/\/kanatu.de\/#website"},"datePublished":"2025-05-18T15:12:13+00:00","dateModified":"2026-04-10T21:10:05+00:00","breadcrumb":{"@id":"https:\/\/kanatu.de\/paddeln-mit-hund\/#breadcrumb"},"inLanguage":"en-US","potentialAction":[{"@type":"ReadAction","target":["https:\/\/kanatu.de\/paddeln-mit-hund\/"]}]},{"@type":"BreadcrumbList","@id":"https:\/\/kanatu.de\/paddeln-mit-hund\/#breadcrumb","itemListElement":[{"@type":"ListItem","position":1,"name":"Start","item":"https:\/\/kanatu.de\/"},{"@type":"ListItem","position":2,"name":"Paddeln mit Hund"}]},{"@type":"WebSite","@id":"https:\/\/kanatu.de\/#website","url":"https:\/\/kanatu.de\/","name":"Kanatu Priepert","description":"Entdecke die Mecklenburgische Seenplatte auf dem Wasser!","potentialAction":[{"@type":"SearchAction","target":{"@type":"EntryPoint","urlTemplate":"https:\/\/kanatu.de\/?s={search_term_string}"},"query-input":{"@type":"PropertyValueSpecification","valueRequired":true,"valueName":"search_term_string"}}],"inLanguage":"en-US"}]}},"_links":{"self":[{"href":"https:\/\/kanatu.de\/en\/wp-json\/wp\/v2\/pages\/71413","targetHints":{"allow":["GET"]}}],"collection":[{"href":"https:\/\/kanatu.de\/en\/wp-json\/wp\/v2\/pages"}],"about":[{"href":"https:\/\/kanatu.de\/en\/wp-json\/wp\/v2\/types\/page"}],"author":[{"embeddable":true,"href":"https:\/\/kanatu.de\/en\/wp-json\/wp\/v2\/users\/1"}],"replies":[{"embeddable":true,"href":"https:\/\/kanatu.de\/en\/wp-json\/wp\/v2\/comments?post=71413"}],"version-history":[{"count":11,"href":"https:\/\/kanatu.de\/en\/wp-json\/wp\/v2\/pages\/71413\/revisions"}],"predecessor-version":[{"id":71891,"href":"https:\/\/kanatu.de\/en\/wp-json\/wp\/v2\/pages\/71413\/revisions\/71891"}],"wp:attachment":[{"href":"https:\/\/kanatu.de\/en\/wp-json\/wp\/v2\/media?parent=71413"}],"curies":[{"name":"wp","href":"https:\/\/api.w.org\/{rel}","templated":true}]}}