{"id":71405,"date":"2025-05-18T12:18:14","date_gmt":"2025-05-18T10:18:14","guid":{"rendered":"http:\/\/relaunch.kanatu.de\/?page_id=71405"},"modified":"2026-04-10T22:52:28","modified_gmt":"2026-04-10T20:52:28","slug":"paddeln-mit-kindern","status":"publish","type":"page","link":"https:\/\/kanatu.de\/en\/paddeln-mit-kindern\/","title":{"rendered":"Paddling with children"},"content":{"rendered":"<p>[et_pb_section fb_built=&#8220;1&#8243; _builder_version=&#8220;4.16&#8243; background_color=&#8220;#ffffff&#8220; custom_padding=&#8220;80px|0px|80px|0px|true|false&#8220; global_colors_info=&#8220;{}&#8220;][et_pb_row use_custom_gutter=&#8220;on&#8220; gutter_width=&#8220;2&#8243; make_equal=&#8220;on&#8220; _builder_version=&#8220;4.27.4&#8243; custom_padding=&#8220;|0px||0px|false|false&#8220; global_colors_info=&#8220;{}&#8220;][et_pb_column type=&#8220;4_4&#8243; _builder_version=&#8220;4.16&#8243; custom_padding=&#8220;|||&#8220; global_colors_info=&#8220;{}&#8220; custom_padding__hover=&#8220;|||&#8220;][et_pb_text _builder_version=&#8220;4.27.4&#8243; _module_preset=&#8220;default&#8220; header_text_color=&#8220;#fe5000&#8243; global_colors_info=&#8220;{}&#8220;]<\/p>\n<h1 class=\"u-custom-font u-text u-text-palette-2-base u-text-1\">Paddeln mit Kindern auf der Mecklenburger Seenplatte<\/h1>\n<p>[\/et_pb_text][\/et_pb_column][\/et_pb_row][et_pb_row _builder_version=&#8220;4.16&#8243; custom_padding=&#8220;3px|0px|20px|0px|false|false&#8220; global_colors_info=&#8220;{}&#8220;][et_pb_column type=&#8220;4_4&#8243; _builder_version=&#8220;4.16&#8243; custom_padding=&#8220;|||&#8220; global_colors_info=&#8220;{}&#8220; custom_padding__hover=&#8220;|||&#8220;][et_pb_divider color=&#8220;#cfd3d3&#8243; _builder_version=&#8220;4.16&#8243; global_colors_info=&#8220;{}&#8220;][\/et_pb_divider][\/et_pb_column][\/et_pb_row][et_pb_row column_structure=&#8220;3_5,2_5&#8243; make_equal=&#8220;on&#8220; padding_top_bottom_link_2=&#8220;true&#8220; _builder_version=&#8220;4.27.4&#8243; custom_padding=&#8220;0px|0px||0px|false|false&#8220; animation_direction=&#8220;left&#8220; global_colors_info=&#8220;{}&#8220;][et_pb_column type=&#8220;3_5&#8243; _builder_version=&#8220;4.27.4&#8243; background_enable_image=&#8220;off&#8220; custom_padding=&#8220;|||&#8220; global_colors_info=&#8220;{}&#8220; custom_padding__hover=&#8220;|||&#8220;][et_pb_image src=&#8220;https:\/\/kanatu.de\/wp-content\/uploads\/2025\/05\/paddeln-mit-kindern.jpg&#8220; title_text=&#8220;Young Family Canoeing&#8220; show_bottom_space=&#8220;off&#8220; force_fullwidth=&#8220;on&#8220; _builder_version=&#8220;4.27.4&#8243; _module_preset=&#8220;default&#8220; border_radii=&#8220;off|15px|15px||15px&#8220; global_colors_info=&#8220;{}&#8220;][\/et_pb_image][\/et_pb_column][et_pb_column type=&#8220;2_5&#8243; _builder_version=&#8220;4.27.4&#8243; custom_padding=&#8220;30px||70px||false|false&#8220; custom_padding_tablet=&#8220;0px||0px&#8220; custom_padding_phone=&#8220;0px||0px&#8220; custom_padding_last_edited=&#8220;on|tablet&#8220; global_colors_info=&#8220;{}&#8220; custom_padding__hover=&#8220;|||&#8220;][et_pb_text _builder_version=&#8220;4.27.4&#8243; text_font=&#8220;||||||||&#8220; text_text_color=&#8220;#000000&#8243; text_font_size=&#8220;20px&#8220; text_line_height=&#8220;1.4em&#8220; header_font=&#8220;|600||on|||||&#8220; header_text_color=&#8220;#000000&#8243; header_font_size=&#8220;20px&#8220; header_line_height=&#8220;1.2em&#8220; header_2_font=&#8220;Roboto Condensed|700||on|||||&#8220; header_2_text_color=&#8220;#2f2f2f&#8220; header_2_font_size=&#8220;18px&#8220; header_3_font=&#8220;|700|||||||&#8220; header_3_text_color=&#8220;#2f2f2f&#8220; header_3_font_size=&#8220;18px&#8220; header_4_font=&#8220;||||||||&#8220; header_4_text_color=&#8220;#2f2f2f&#8220; header_4_font_size=&#8220;20px&#8220; header_4_line_height=&#8220;1.2em&#8220; header_5_font=&#8220;|700|||||||&#8220; header_5_text_color=&#8220;#2f2f2f&#8220; header_5_font_size=&#8220;18px&#8220; header_6_font=&#8220;|700|||||||&#8220; header_6_text_color=&#8220;#2f2f2f&#8220; header_6_font_size=&#8220;18px&#8220; custom_margin=&#8220;|||&#8220; custom_padding=&#8220;3px||0px|||&#8220; hover_enabled=&#8220;0&#8243; global_colors_info=&#8220;{}&#8220; sticky_enabled=&#8220;0&#8243;]<\/p>\n<p style=\"text-align: justify;\"><strong>Kanutouren<\/strong> mit\u00a0<strong>Kindern<\/strong> sollten unter dem Motto &#8222;<strong>Der Weg ist das Ziel<\/strong>&#8220; stehen. Beim Paddeln mit Kindern geht es nicht darum m\u00f6glichst schnell am Ziel zu sein, sondern vielmehr darum, gemeinsam etwas auf dem Wasser zu erleben. Plant ausreichend Zeit f\u00fcr Landg\u00e4nge, Naturbeobachtungen, kleine Spiele und einfach mal so viel Zeit zum Faulenzen ein. Achtet darauf, die Strecke und die Dauer der Kanutour dem Alter, Bewegungsdrang und der Kondition des Kindes anzupassen. Kurze Strecken, sichere Gew\u00e4sser und gute M\u00f6glichkeit zum Pausieren sorgen f\u00fcr Spa\u00df und sind sicher. So wird der Familienausflug im Kanu ein unvergessliches Naturerlebnis f\u00fcr Gro\u00df und Klein.\u00a0<\/p>\n<p>[\/et_pb_text][\/et_pb_column][\/et_pb_row][et_pb_row column_structure=&#8220;1_2,1_2&#8243; _builder_version=&#8220;4.27.4&#8243; _module_preset=&#8220;default&#8220; global_colors_info=&#8220;{}&#8220;][et_pb_column type=&#8220;1_2&#8243; _builder_version=&#8220;4.27.4&#8243; _module_preset=&#8220;default&#8220; global_colors_info=&#8220;{}&#8220;][et_pb_text _builder_version=&#8220;4.27.4&#8243; text_font=&#8220;||||||||&#8220; text_text_color=&#8220;#000000&#8243; text_line_height=&#8220;1.8em&#8220; header_font=&#8220;|600||on|||||&#8220; header_text_color=&#8220;#000000&#8243; header_font_size=&#8220;20px&#8220; header_line_height=&#8220;1.2em&#8220; header_2_font=&#8220;Roboto Condensed|700||on|||||&#8220; header_2_text_color=&#8220;#2f2f2f&#8220; header_2_font_size=&#8220;18px&#8220; header_3_font=&#8220;|700|||||||&#8220; header_3_text_color=&#8220;#2f2f2f&#8220; header_3_font_size=&#8220;18px&#8220; header_4_font=&#8220;|700|||||||&#8220; header_4_text_color=&#8220;#2f2f2f&#8220; header_4_font_size=&#8220;20px&#8220; header_5_font=&#8220;|700|||||||&#8220; header_5_text_color=&#8220;#2f2f2f&#8220; header_5_font_size=&#8220;18px&#8220; header_6_font=&#8220;|700|||||||&#8220; header_6_text_color=&#8220;#2f2f2f&#8220; header_6_font_size=&#8220;18px&#8220; custom_margin=&#8220;|||&#8220; custom_padding=&#8220;3px|||&#8220; hover_enabled=&#8220;0&#8243; global_colors_info=&#8220;{}&#8220; sticky_enabled=&#8220;0&#8243;]<\/p>\n<h3 class=\"u-align-left u-text u-text-palette-2-base u-text-3\">N\u00fctzliche Tipps zur Planung einer Kanutour mit Kindern<\/h3>\n<ul>\n<li>Denk bei der Planung deiner\u00a0<strong>Kanutour mit Kindern<\/strong> immer an die Sicht des Kindes.<\/li>\n<li>Gew\u00f6hn dein Kind spielerisch an Wasser, Boot und Ausr\u00fcstung &#8211; z.B. beim Baden mit Schwimmweste.<\/li>\n<li>Vorleseb\u00fccher \u00fcber heimische Tiere steigern die Vorfreude auf das Naturerlebnis.<\/li>\n<li>W\u00e4hle\u00a0<strong>m\u00f6glichst kurze, abwechslungsreiche Streckenabschnitte<\/strong> mit viel Zeit f\u00fcr Spiel, Pausen und Entdeckungen.<\/li>\n<li><strong>Kinderschwimmwesten<\/strong> (bei Nichtschwimmern mit Schrittgurt) und Kinderpaddel sind unbedingt erforderlich, beides erhaltet ihr als Standardausr\u00fcstung von Kanatu.<\/li>\n<li>Ein Vorbild muss auch sein: selber ebenfalls die Schwimmweste anlegen!<\/li>\n<li>Der Campingplatz wird schnell zum Abenteuerspielplatz &#8211; Schaufeln, Eimer, Spielsachen sollten nicht fehlen.<\/li>\n<li>Auch am Ufer gilt: Kinder immer in Schwimmwesten, denn aus &#8222;Kindern am Wasser&#8220; werden schnell &#8222;Kinder im Wasser&#8220;.<\/li>\n<li>Stellt euch mit Malsachen, B\u00fccher, Kartenspielen auf einen Schlechtwettertag im Zelt ein.<\/li>\n<\/ul>\n<p>[\/et_pb_text][\/et_pb_column][et_pb_column type=&#8220;1_2&#8243; _builder_version=&#8220;4.27.4&#8243; _module_preset=&#8220;default&#8220; global_colors_info=&#8220;{}&#8220;][et_pb_text _builder_version=&#8220;4.27.4&#8243; text_font=&#8220;||||||||&#8220; text_text_color=&#8220;#000000&#8243; text_line_height=&#8220;1.6em&#8220; header_font=&#8220;|600||on|||||&#8220; header_text_color=&#8220;#000000&#8243; header_font_size=&#8220;20px&#8220; header_line_height=&#8220;1.2em&#8220; header_2_font=&#8220;Roboto Condensed|700||on|||||&#8220; header_2_text_color=&#8220;#2f2f2f&#8220; header_2_font_size=&#8220;18px&#8220; header_3_font=&#8220;|700|||||||&#8220; header_3_text_color=&#8220;#2f2f2f&#8220; header_3_font_size=&#8220;18px&#8220; header_4_font=&#8220;|700|||||||&#8220; header_4_text_color=&#8220;#2f2f2f&#8220; header_4_font_size=&#8220;20px&#8220; header_5_font=&#8220;|700|||||||&#8220; header_5_text_color=&#8220;#2f2f2f&#8220; header_5_font_size=&#8220;18px&#8220; header_6_font=&#8220;|700|||||||&#8220; header_6_text_color=&#8220;#2f2f2f&#8220; header_6_font_size=&#8220;18px&#8220; custom_margin=&#8220;|||&#8220; custom_padding=&#8220;3px|||&#8220; hover_enabled=&#8220;0&#8243; global_colors_info=&#8220;{}&#8220; sticky_enabled=&#8220;0&#8243;]<\/p>\n<h3 class=\"u-align-left u-text u-text-palette-2-base u-text-5\">Das passende Boot<\/h3>\n<p style=\"text-align: justify;\"><span class=\"diff-highlight\">Welcher Bootstyp f\u00fcr eine\u00a0<strong>Kanutour mit Kindern<\/strong> in Frage kommt, h\u00e4ngt vom Alter, der Erfahrung und der Personenanzahl ab. Seid ihr zu zweit unterwegs und paddelt das Kind nur gelegentlich mit, ist ein\u00a0<strong>Kajak<\/strong> meist die bessere Wahl, da sich dieses alleine leichter steuern l\u00e4sst. Reisen mehrere Personen miteinander, so ist ein\u00a0<strong>Kanadier<\/strong> unter Umst\u00e4nden die bessere Wahl. Er bietet mehr Platz und Flexibilit\u00e4t f\u00fcr Familie und Gep\u00e4ck. Gerne beraten wir dich pers\u00f6nlich bei der Auswahl des geeigneten Bootes f\u00fcr eure Familien-Kanutour.<\/span><\/p>\n<p>[\/et_pb_text][\/et_pb_column][\/et_pb_row][\/et_pb_section]<\/p>\n","protected":false},"excerpt":{"rendered":"<p>Paddeln mit Kindern auf der Mecklenburger SeenplatteKanutouren mit\u00a0Kindern sollten unter dem Motto &#8222;Der Weg ist das Ziel&#8220; stehen. Beim Paddeln mit Kindern geht es nicht darum m\u00f6glichst schnell am Ziel zu sein, sondern vielmehr darum, gemeinsam etwas auf dem Wasser zu erleben. Plant ausreichend Zeit f\u00fcr Landg\u00e4nge, Naturbeobachtungen, kleine Spiele und einfach mal so viel [&hellip;]<\/p>\n","protected":false},"author":1,"featured_media":0,"parent":0,"menu_order":0,"comment_status":"closed","ping_status":"closed","template":"","meta":{"_et_pb_use_builder":"on","_et_pb_old_content":"","_et_gb_content_width":"","footnotes":""},"class_list":["post-71405","page","type-page","status-publish","hentry"],"yoast_head":"<!-- This site is optimized with the Yoast SEO plugin v27.1.1 - https:\/\/yoast.com\/product\/yoast-seo-wordpress\/ -->\n<title>Paddeln mit Kindern - Kanatu Priepert<\/title>\n<meta name=\"robots\" content=\"index, follow, max-snippet:-1, max-image-preview:large, max-video-preview:-1\" \/>\n<link rel=\"canonical\" href=\"https:\/\/kanatu.de\/en\/paddeln-mit-kindern\/\" \/>\n<meta property=\"og:locale\" content=\"en_US\" \/>\n<meta property=\"og:type\" content=\"article\" \/>\n<meta property=\"og:title\" content=\"Paddeln mit Kindern - Kanatu Priepert\" \/>\n<meta property=\"og:description\" content=\"Paddeln mit Kindern auf der Mecklenburger SeenplatteKanutouren mit\u00a0Kindern sollten unter dem Motto &quot;Der Weg ist das Ziel&quot; stehen. Beim Paddeln mit Kindern geht es nicht darum m\u00f6glichst schnell am Ziel zu sein, sondern vielmehr darum, gemeinsam etwas auf dem Wasser zu erleben. Plant ausreichend Zeit f\u00fcr Landg\u00e4nge, Naturbeobachtungen, kleine Spiele und einfach mal so viel [&hellip;]\" \/>\n<meta property=\"og:url\" content=\"https:\/\/kanatu.de\/en\/paddeln-mit-kindern\/\" \/>\n<meta property=\"og:site_name\" content=\"Kanatu Priepert\" \/>\n<meta property=\"article:modified_time\" content=\"2026-04-10T20:52:28+00:00\" \/>\n<meta name=\"twitter:card\" content=\"summary_large_image\" \/>\n<meta name=\"twitter:label1\" content=\"Est. reading time\" \/>\n\t<meta name=\"twitter:data1\" content=\"5 minutes\" \/>\n<script type=\"application\/ld+json\" class=\"yoast-schema-graph\">{\"@context\":\"https:\/\/schema.org\",\"@graph\":[{\"@type\":\"WebPage\",\"@id\":\"https:\/\/kanatu.de\/paddeln-mit-kindern\/\",\"url\":\"https:\/\/kanatu.de\/paddeln-mit-kindern\/\",\"name\":\"Paddeln mit Kindern - Kanatu Priepert\",\"isPartOf\":{\"@id\":\"https:\/\/kanatu.de\/#website\"},\"datePublished\":\"2025-05-18T10:18:14+00:00\",\"dateModified\":\"2026-04-10T20:52:28+00:00\",\"breadcrumb\":{\"@id\":\"https:\/\/kanatu.de\/paddeln-mit-kindern\/#breadcrumb\"},\"inLanguage\":\"en-US\",\"potentialAction\":[{\"@type\":\"ReadAction\",\"target\":[\"https:\/\/kanatu.de\/paddeln-mit-kindern\/\"]}]},{\"@type\":\"BreadcrumbList\",\"@id\":\"https:\/\/kanatu.de\/paddeln-mit-kindern\/#breadcrumb\",\"itemListElement\":[{\"@type\":\"ListItem\",\"position\":1,\"name\":\"Start\",\"item\":\"https:\/\/kanatu.de\/\"},{\"@type\":\"ListItem\",\"position\":2,\"name\":\"Paddeln mit Kindern\"}]},{\"@type\":\"WebSite\",\"@id\":\"https:\/\/kanatu.de\/#website\",\"url\":\"https:\/\/kanatu.de\/\",\"name\":\"Kanatu Priepert\",\"description\":\"Entdecke die Mecklenburgische Seenplatte auf dem Wasser!\",\"potentialAction\":[{\"@type\":\"SearchAction\",\"target\":{\"@type\":\"EntryPoint\",\"urlTemplate\":\"https:\/\/kanatu.de\/?s={search_term_string}\"},\"query-input\":{\"@type\":\"PropertyValueSpecification\",\"valueRequired\":true,\"valueName\":\"search_term_string\"}}],\"inLanguage\":\"en-US\"}]}<\/script>\n<!-- \/ Yoast SEO plugin. -->","yoast_head_json":{"title":"Paddeln mit Kindern - Kanatu Priepert","robots":{"index":"index","follow":"follow","max-snippet":"max-snippet:-1","max-image-preview":"max-image-preview:large","max-video-preview":"max-video-preview:-1"},"canonical":"https:\/\/kanatu.de\/en\/paddeln-mit-kindern\/","og_locale":"en_US","og_type":"article","og_title":"Paddeln mit Kindern - Kanatu Priepert","og_description":"Paddeln mit Kindern auf der Mecklenburger SeenplatteKanutouren mit\u00a0Kindern sollten unter dem Motto \"Der Weg ist das Ziel\" stehen. Beim Paddeln mit Kindern geht es nicht darum m\u00f6glichst schnell am Ziel zu sein, sondern vielmehr darum, gemeinsam etwas auf dem Wasser zu erleben. Plant ausreichend Zeit f\u00fcr Landg\u00e4nge, Naturbeobachtungen, kleine Spiele und einfach mal so viel [&hellip;]","og_url":"https:\/\/kanatu.de\/en\/paddeln-mit-kindern\/","og_site_name":"Kanatu Priepert","article_modified_time":"2026-04-10T20:52:28+00:00","twitter_card":"summary_large_image","twitter_misc":{"Est. reading time":"5 minutes"},"schema":{"@context":"https:\/\/schema.org","@graph":[{"@type":"WebPage","@id":"https:\/\/kanatu.de\/paddeln-mit-kindern\/","url":"https:\/\/kanatu.de\/paddeln-mit-kindern\/","name":"Paddeln mit Kindern - Kanatu Priepert","isPartOf":{"@id":"https:\/\/kanatu.de\/#website"},"datePublished":"2025-05-18T10:18:14+00:00","dateModified":"2026-04-10T20:52:28+00:00","breadcrumb":{"@id":"https:\/\/kanatu.de\/paddeln-mit-kindern\/#breadcrumb"},"inLanguage":"en-US","potentialAction":[{"@type":"ReadAction","target":["https:\/\/kanatu.de\/paddeln-mit-kindern\/"]}]},{"@type":"BreadcrumbList","@id":"https:\/\/kanatu.de\/paddeln-mit-kindern\/#breadcrumb","itemListElement":[{"@type":"ListItem","position":1,"name":"Start","item":"https:\/\/kanatu.de\/"},{"@type":"ListItem","position":2,"name":"Paddeln mit Kindern"}]},{"@type":"WebSite","@id":"https:\/\/kanatu.de\/#website","url":"https:\/\/kanatu.de\/","name":"Kanatu Priepert","description":"Entdecke die Mecklenburgische Seenplatte auf dem Wasser!","potentialAction":[{"@type":"SearchAction","target":{"@type":"EntryPoint","urlTemplate":"https:\/\/kanatu.de\/?s={search_term_string}"},"query-input":{"@type":"PropertyValueSpecification","valueRequired":true,"valueName":"search_term_string"}}],"inLanguage":"en-US"}]}},"_links":{"self":[{"href":"https:\/\/kanatu.de\/en\/wp-json\/wp\/v2\/pages\/71405","targetHints":{"allow":["GET"]}}],"collection":[{"href":"https:\/\/kanatu.de\/en\/wp-json\/wp\/v2\/pages"}],"about":[{"href":"https:\/\/kanatu.de\/en\/wp-json\/wp\/v2\/types\/page"}],"author":[{"embeddable":true,"href":"https:\/\/kanatu.de\/en\/wp-json\/wp\/v2\/users\/1"}],"replies":[{"embeddable":true,"href":"https:\/\/kanatu.de\/en\/wp-json\/wp\/v2\/comments?post=71405"}],"version-history":[{"count":9,"href":"https:\/\/kanatu.de\/en\/wp-json\/wp\/v2\/pages\/71405\/revisions"}],"predecessor-version":[{"id":71878,"href":"https:\/\/kanatu.de\/en\/wp-json\/wp\/v2\/pages\/71405\/revisions\/71878"}],"wp:attachment":[{"href":"https:\/\/kanatu.de\/en\/wp-json\/wp\/v2\/media?parent=71405"}],"curies":[{"name":"wp","href":"https:\/\/api.w.org\/{rel}","templated":true}]}}