{"id":71337,"date":"2025-05-15T20:54:31","date_gmt":"2025-05-15T18:54:31","guid":{"rendered":"http:\/\/relaunch.kanatu.de\/?page_id=71337"},"modified":"2026-03-06T12:33:16","modified_gmt":"2026-03-06T11:33:16","slug":"tipps-2","status":"publish","type":"page","link":"https:\/\/kanatu.de\/en\/tipps-2\/","title":{"rendered":"Tips"},"content":{"rendered":"<p>[et_pb_section fb_built=&#8220;1&#8243; custom_padding_last_edited=&#8220;on|tablet&#8220; _builder_version=&#8220;4.27.4&#8243; _module_preset=&#8220;default&#8220; background_image=&#8220;https:\/\/kanatu.de\/wp-content\/uploads\/2025\/05\/tipps.jpeg&#8220; custom_margin=&#8220;0px||0px||false|false&#8220; custom_padding=&#8220;270px||261px||false|false&#8220; custom_padding_tablet=&#8220;160px||170px||false|false&#8220; custom_padding_phone=&#8220;90px||90px||false|false&#8220; global_colors_info=&#8220;{}&#8220;][et_pb_row _builder_version=&#8220;4.21.0&#8243; _module_preset=&#8220;default&#8220; positioning=&#8220;absolute&#8220; position_origin_a=&#8220;bottom_center&#8220; width=&#8220;100%&#8220; max_width=&#8220;100%&#8220; custom_margin=&#8220;0px||0px||false|false&#8220; custom_padding=&#8220;0px||0px||false|false&#8220; global_colors_info=&#8220;{}&#8220;][et_pb_column type=&#8220;4_4&#8243; _builder_version=&#8220;4.21.0&#8243; _module_preset=&#8220;default&#8220; global_colors_info=&#8220;{}&#8220;][et_pb_image src=&#8220;https:\/\/kanatu.de\/wp-content\/uploads\/2025\/04\/hiking-1-sdb-1.png&#8220; force_fullwidth=&#8220;on&#8220; _builder_version=&#8220;4.27.4&#8243; _module_preset=&#8220;default&#8220; custom_margin=&#8220;0px||0px||false|false&#8220; custom_padding=&#8220;0px||0px||false|false&#8220; global_colors_info=&#8220;{}&#8220;][\/et_pb_image][\/et_pb_column][\/et_pb_row][et_pb_row use_custom_gutter=&#8220;on&#8220; gutter_width=&#8220;2&#8243; _builder_version=&#8220;4.27.4&#8243; _module_preset=&#8220;default&#8220; width=&#8220;90%&#8220; max_width=&#8220;1200px&#8220; custom_margin=&#8220;0px||150px||false|false&#8220; custom_padding=&#8220;0px||0px||false|false&#8220; global_colors_info=&#8220;{}&#8220;][et_pb_column type=&#8220;4_4&#8243; _builder_version=&#8220;4.21.0&#8243; _module_preset=&#8220;default&#8220; global_colors_info=&#8220;{}&#8220;][et_pb_blurb title=&#8220;Tipps f\u00fcr die perfekte Tour&#8220; image_icon_background_color=&#8220;#fe5000&#8243; icon_placement=&#8220;left&#8220; image_icon_width=&#8220;66px&#8220; content_max_width=&#8220;1080px&#8220; _builder_version=&#8220;4.27.4&#8243; _module_preset=&#8220;default&#8220; header_font=&#8220;|600|||||||&#8220; header_text_align=&#8220;center&#8220; header_text_color=&#8220;#FFFFFF&#8220; header_font_size=&#8220;45px&#8220; body_font=&#8220;|600||on|||||&#8220; body_text_align=&#8220;left&#8220; body_text_color=&#8220;#FFFFFF&#8220; body_font_size=&#8220;25px&#8220; image_icon_custom_margin=&#8220;8px|9px|0px|0px|false|false&#8220; image_icon_custom_padding=&#8220;12px|12px|12px|12px|false|false&#8220; custom_margin=&#8220;0px||0px||false|false&#8220; custom_margin_tablet=&#8220;0px||30px||false|false&#8220; custom_margin_phone=&#8220;||20px||false|false&#8220; custom_margin_last_edited=&#8220;on|tablet&#8220; custom_padding=&#8220;0px||0px||false|false&#8220; animation_style=&#8220;fade&#8220; animation_duration=&#8220;900ms&#8220; animation_speed_curve=&#8220;ease&#8220; animation=&#8220;off&#8220; header_font_size_tablet=&#8220;50px&#8220; header_font_size_phone=&#8220;35px&#8220; header_font_size_last_edited=&#8220;on|desktop&#8220; custom_css_blurb_title=&#8220;margin-bottom:-9px;||&#8220; custom_css_blurb_content=&#8220;margin:0px;&#8220; header_text_shadow_style=&#8220;preset2&#8243; header_text_shadow_horizontal_length=&#8220;0.1em&#8220; header_text_shadow_color=&#8220;#fe5000&#8243; global_colors_info=&#8220;{}&#8220;][\/et_pb_blurb][\/et_pb_column][\/et_pb_row][\/et_pb_section][et_pb_section fb_built=&#8220;1&#8243; _builder_version=&#8220;4.16&#8243; custom_padding=&#8220;42px|0px|32px|0px|false|false&#8220; global_colors_info=&#8220;{}&#8220;][et_pb_row column_structure=&#8220;1_3,1_3,1_3&#8243; use_custom_gutter=&#8220;on&#8220; gutter_width=&#8220;2&#8243; padding_left_right_link_1=&#8220;true&#8220; padding_left_right_link_2=&#8220;true&#8220; padding_left_right_link_3=&#8220;true&#8220; _builder_version=&#8220;4.27.4&#8243; custom_margin=&#8220;-20px||||false|false&#8220; custom_padding=&#8220;0|0px|75px|0px|false|false&#8220; animation_style=&#8220;slide&#8220; animation_direction=&#8220;left&#8220; animation_duration=&#8220;1350ms&#8220; animation_delay=&#8220;500ms&#8220; global_colors_info=&#8220;{}&#8220;][et_pb_column type=&#8220;1_3&#8243; _builder_version=&#8220;4.16&#8243; background_color=&#8220;#ffffff&#8220; custom_padding=&#8220;|||&#8220; global_colors_info=&#8220;{}&#8220; custom_padding__hover=&#8220;|||&#8220;][et_pb_text _builder_version=&#8220;4.27.4&#8243; _dynamic_attributes=&#8220;link_option_url&#8220; text_font=&#8220;||||||||&#8220; text_text_color=&#8220;#000000&#8243; text_font_size=&#8220;16px&#8220; text_line_height=&#8220;1.6em&#8220; header_font=&#8220;|||on|||||&#8220; header_text_color=&#8220;#fe5000&#8243; header_font_size=&#8220;27px&#8220; custom_padding=&#8220;22px|25px||25px||true&#8220; link_option_url=&#8220;@ET-DC@eyJkeW5hbWljIjp0cnVlLCJjb250ZW50IjoicG9zdF9saW5rX3VybF9wYWdlIiwic2V0dGluZ3MiOnsicG9zdF9pZCI6IjcxMzc4In19@&#8220; hover_enabled=&#8220;0&#8243; global_colors_info=&#8220;{}&#8220; sticky_enabled=&#8220;0&#8243;]<\/p>\n<h1 style=\"text-align: left;\">Gep\u00e4ck &amp; Packen<\/h1>\n<p data-start=\"137\" data-end=\"205\" style=\"text-align: left;\"><strong data-start=\"137\" data-end=\"205\">Gep\u00e4ck- und Packtipps f\u00fcrs Wasserwandern auf der Mecklenburgischen Seenplatte<\/strong><\/p>\n<p data-start=\"626\" data-end=\"680\" style=\"text-align: justify;\">[\/et_pb_text][et_pb_image src=&#8220;https:\/\/kanatu.de\/wp-content\/uploads\/2025\/04\/hiking-1-sdb-16uprghtblcj.png&#8220; url=&#8220;@ET-DC@eyJkeW5hbWljIjp0cnVlLCJjb250ZW50IjoicG9zdF9saW5rX3VybF9wYWdlIiwic2V0dGluZ3MiOnsicG9zdF9pZCI6IjcxMzc4In19@&#8220; _builder_version=&#8220;4.27.4&#8243; _dynamic_attributes=&#8220;url&#8220; _module_preset=&#8220;default&#8220; background_color=&#8220;#FFFFFF&#8220; height=&#8220;27px&#8220; height_tablet=&#8220;27px&#8220; height_phone=&#8220;23px&#8220; height_last_edited=&#8220;on|tablet&#8220; custom_margin=&#8220;0px||0px||false|false&#8220; custom_padding=&#8220;0px||25px|31px|false|false&#8220; global_colors_info=&#8220;{}&#8220;][\/et_pb_image][\/et_pb_column][et_pb_column type=&#8220;1_3&#8243; _builder_version=&#8220;4.16&#8243; background_color=&#8220;#ffffff&#8220; custom_padding=&#8220;|||&#8220; global_colors_info=&#8220;{}&#8220; custom_padding__hover=&#8220;|||&#8220;][et_pb_text _builder_version=&#8220;4.27.4&#8243; _dynamic_attributes=&#8220;link_option_url&#8220; text_font=&#8220;||||||||&#8220; text_text_color=&#8220;#000000&#8243; text_font_size=&#8220;16px&#8220; text_line_height=&#8220;1.6em&#8220; header_font=&#8220;|||on|||||&#8220; header_text_color=&#8220;#fe5000&#8243; header_font_size=&#8220;27px&#8220; custom_padding=&#8220;22px|25px||25px||true&#8220; link_option_url=&#8220;@ET-DC@eyJkeW5hbWljIjp0cnVlLCJjb250ZW50IjoicG9zdF9saW5rX3VybF9wYWdlIiwic2V0dGluZ3MiOnsicG9zdF9pZCI6IjcxNDA1In19@&#8220; hover_enabled=&#8220;0&#8243; global_colors_info=&#8220;{}&#8220; sticky_enabled=&#8220;0&#8243;]<\/p>\n<h1 style=\"text-align: left;\">Paddeln mit Kindern<\/h1>\n<p data-start=\"83\" data-end=\"142\" style=\"text-align: left;\"><strong data-start=\"83\" data-end=\"142\">Tipps f\u00fcr Kanutouren mit Kindern und worauf du achten solltest<\/strong><\/p>\n<p data-start=\"595\" data-end=\"659\" style=\"text-align: justify;\">[\/et_pb_text][et_pb_image src=&#8220;https:\/\/kanatu.de\/wp-content\/uploads\/2025\/04\/hiking-1-sdb-16uprghtblcj.png&#8220; url=&#8220;@ET-DC@eyJkeW5hbWljIjp0cnVlLCJjb250ZW50IjoicG9zdF9saW5rX3VybF9wYWdlIiwic2V0dGluZ3MiOnsicG9zdF9pZCI6IjcxNDA1In19@&#8220; _builder_version=&#8220;4.27.4&#8243; _dynamic_attributes=&#8220;url&#8220; _module_preset=&#8220;default&#8220; background_color=&#8220;#FFFFFF&#8220; height=&#8220;27px&#8220; height_tablet=&#8220;27px&#8220; height_phone=&#8220;23px&#8220; height_last_edited=&#8220;on|tablet&#8220; custom_margin=&#8220;0px||0px||false|false&#8220; custom_padding=&#8220;0px||25px|31px|false|false&#8220; global_colors_info=&#8220;{}&#8220;][\/et_pb_image][\/et_pb_column][et_pb_column type=&#8220;1_3&#8243; _builder_version=&#8220;4.16&#8243; background_color=&#8220;#ffffff&#8220; custom_padding=&#8220;|||&#8220; global_colors_info=&#8220;{}&#8220; custom_padding__hover=&#8220;|||&#8220;][et_pb_text _builder_version=&#8220;4.27.4&#8243; _dynamic_attributes=&#8220;link_option_url&#8220; text_font=&#8220;||||||||&#8220; text_text_color=&#8220;#000000&#8243; text_font_size=&#8220;16px&#8220; text_line_height=&#8220;1.6em&#8220; header_font=&#8220;|||on|||||&#8220; header_text_color=&#8220;#fe5000&#8243; header_font_size=&#8220;27px&#8220; custom_padding=&#8220;22px|25px||25px||true&#8220; link_option_url=&#8220;@ET-DC@eyJkeW5hbWljIjp0cnVlLCJjb250ZW50IjoicG9zdF9saW5rX3VybF9wYWdlIiwic2V0dGluZ3MiOnsicG9zdF9pZCI6IjcxNDEzIn19@&#8220; hover_enabled=&#8220;0&#8243; global_colors_info=&#8220;{}&#8220; sticky_enabled=&#8220;0&#8243;]<\/p>\n<h1>Paddeln mit Hunden<\/h1>\n<p data-start=\"102\" data-end=\"150\" style=\"text-align: left;\"><strong data-start=\"102\" data-end=\"150\">Tipps f\u00fcr Kanutouren mit Hunden auf der Mecklenburgischen Seenplatte<\/strong><\/p>\n<p data-start=\"648\" data-end=\"683\" style=\"text-align: justify;\">[\/et_pb_text][et_pb_image src=&#8220;https:\/\/kanatu.de\/wp-content\/uploads\/2025\/04\/hiking-1-sdb-16uprghtblcj.png&#8220; url=&#8220;@ET-DC@eyJkeW5hbWljIjp0cnVlLCJjb250ZW50IjoicG9zdF9saW5rX3VybF9wYWdlIiwic2V0dGluZ3MiOnsicG9zdF9pZCI6IjcxNDEzIn19@&#8220; _builder_version=&#8220;4.27.4&#8243; _dynamic_attributes=&#8220;url&#8220; _module_preset=&#8220;default&#8220; background_color=&#8220;#FFFFFF&#8220; height=&#8220;27px&#8220; height_tablet=&#8220;27px&#8220; height_phone=&#8220;23px&#8220; height_last_edited=&#8220;on|tablet&#8220; custom_margin=&#8220;0px||0px||false|false&#8220; custom_padding=&#8220;0px||25px|31px|false|false&#8220; global_colors_info=&#8220;{}&#8220;][\/et_pb_image][\/et_pb_column][\/et_pb_row][et_pb_row column_structure=&#8220;1_3,1_3,1_3&#8243; use_custom_gutter=&#8220;on&#8220; gutter_width=&#8220;2&#8243; padding_left_right_link_1=&#8220;true&#8220; padding_left_right_link_2=&#8220;true&#8220; padding_left_right_link_3=&#8220;true&#8220; _builder_version=&#8220;4.27.4&#8243; custom_margin=&#8220;0px||||false|false&#8220; custom_padding=&#8220;0|0px|75px|0px|false|false&#8220; animation_style=&#8220;slide&#8220; animation_direction=&#8220;left&#8220; animation_duration=&#8220;1350ms&#8220; animation_delay=&#8220;500ms&#8220; global_colors_info=&#8220;{}&#8220;][et_pb_column type=&#8220;1_3&#8243; _builder_version=&#8220;4.16&#8243; background_color=&#8220;#ffffff&#8220; custom_padding=&#8220;|||&#8220; global_colors_info=&#8220;{}&#8220; custom_padding__hover=&#8220;|||&#8220;][et_pb_text _builder_version=&#8220;4.27.4&#8243; _dynamic_attributes=&#8220;link_option_url&#8220; text_font=&#8220;||||||||&#8220; text_text_color=&#8220;#000000&#8243; text_font_size=&#8220;16px&#8220; text_line_height=&#8220;1.6em&#8220; header_font=&#8220;|||on|||||&#8220; header_text_color=&#8220;#fe5000&#8243; header_font_size=&#8220;27px&#8220; custom_padding=&#8220;22px|25px||25px||true&#8220; link_option_url=&#8220;@ET-DC@eyJkeW5hbWljIjp0cnVlLCJjb250ZW50IjoicG9zdF9saW5rX3VybF9wYWdlIiwic2V0dGluZ3MiOnsicG9zdF9pZCI6IjcxNDE5In19@&#8220; hover_enabled=&#8220;0&#8243; global_colors_info=&#8220;{}&#8220; sticky_enabled=&#8220;0&#8243;]<\/p>\n<h1 style=\"text-align: left;\">Camping \/ Unterk\u00fcnfte<\/h1>\n<p data-start=\"137\" data-end=\"205\" style=\"text-align: left;\"><strong data-start=\"137\" data-end=\"205\">Hinweise zum Camping und zu festen Unterk\u00fcnften entlang der Kanutour<\/strong><\/p>\n<p data-start=\"626\" data-end=\"680\" style=\"text-align: justify;\">[\/et_pb_text][et_pb_image src=&#8220;https:\/\/kanatu.de\/wp-content\/uploads\/2025\/04\/hiking-1-sdb-16uprghtblcj.png&#8220; url=&#8220;@ET-DC@eyJkeW5hbWljIjp0cnVlLCJjb250ZW50IjoicG9zdF9saW5rX3VybF9wYWdlIiwic2V0dGluZ3MiOnsicG9zdF9pZCI6IjcxNDE5In19@&#8220; _builder_version=&#8220;4.27.4&#8243; _dynamic_attributes=&#8220;url&#8220; _module_preset=&#8220;default&#8220; background_color=&#8220;#FFFFFF&#8220; height=&#8220;27px&#8220; height_tablet=&#8220;27px&#8220; height_phone=&#8220;23px&#8220; height_last_edited=&#8220;on|tablet&#8220; custom_margin=&#8220;0px||0px||false|false&#8220; custom_padding=&#8220;0px||25px|31px|false|false&#8220; global_colors_info=&#8220;{}&#8220;][\/et_pb_image][\/et_pb_column][et_pb_column type=&#8220;1_3&#8243; _builder_version=&#8220;4.16&#8243; background_color=&#8220;#ffffff&#8220; custom_padding=&#8220;|||&#8220; global_colors_info=&#8220;{}&#8220; custom_padding__hover=&#8220;|||&#8220;][et_pb_text _builder_version=&#8220;4.27.4&#8243; _dynamic_attributes=&#8220;link_option_url&#8220; text_font=&#8220;||||||||&#8220; text_text_color=&#8220;#000000&#8243; text_font_size=&#8220;16px&#8220; text_line_height=&#8220;1.6em&#8220; header_font=&#8220;|||on|||||&#8220; header_text_color=&#8220;#fe5000&#8243; header_font_size=&#8220;27px&#8220; custom_padding=&#8220;22px|25px||25px||true&#8220; link_option_url=&#8220;@ET-DC@eyJkeW5hbWljIjp0cnVlLCJjb250ZW50IjoicG9zdF9saW5rX3VybF9wYWdlIiwic2V0dGluZ3MiOnsicG9zdF9pZCI6IjcxNDI1In19@&#8220; hover_enabled=&#8220;0&#8243; global_colors_info=&#8220;{}&#8220; sticky_enabled=&#8220;0&#8243;]<\/p>\n<h1 style=\"text-align: left;\">Angeln<\/h1>\n<p data-start=\"83\" data-end=\"142\" style=\"text-align: left;\"><strong data-start=\"83\" data-end=\"142\">Tipps zum Angeln in der Mecklenburgischen Seenplatte <\/strong><\/p>\n<p data-start=\"595\" data-end=\"659\" style=\"text-align: justify;\">[\/et_pb_text][et_pb_image src=&#8220;https:\/\/kanatu.de\/wp-content\/uploads\/2025\/04\/hiking-1-sdb-16uprghtblcj.png&#8220; url=&#8220;@ET-DC@eyJkeW5hbWljIjp0cnVlLCJjb250ZW50IjoicG9zdF9saW5rX3VybF9wYWdlIiwic2V0dGluZ3MiOnsicG9zdF9pZCI6IjcxNDI1In19@&#8220; _builder_version=&#8220;4.27.4&#8243; _dynamic_attributes=&#8220;url&#8220; _module_preset=&#8220;default&#8220; background_color=&#8220;#FFFFFF&#8220; height=&#8220;27px&#8220; height_tablet=&#8220;27px&#8220; height_phone=&#8220;23px&#8220; height_last_edited=&#8220;on|tablet&#8220; custom_margin=&#8220;0px||0px||false|false&#8220; custom_padding=&#8220;0px||25px|31px|false|false&#8220; global_colors_info=&#8220;{}&#8220;][\/et_pb_image][\/et_pb_column][et_pb_column type=&#8220;1_3&#8243; _builder_version=&#8220;4.16&#8243; background_color=&#8220;#ffffff&#8220; custom_padding=&#8220;|||&#8220; global_colors_info=&#8220;{}&#8220; custom_padding__hover=&#8220;|||&#8220;][\/et_pb_column][\/et_pb_row][\/et_pb_section]<\/p>\n","protected":false},"excerpt":{"rendered":"<p>Gep\u00e4ck &amp; Packen Gep\u00e4ck- und Packtipps f\u00fcrs Wasserwandern auf der Mecklenburgischen Seenplatte Paddeln mit Kindern Tipps f\u00fcr Kanutouren mit Kindern und worauf du achten solltest Paddeln mit Hunden Tipps f\u00fcr Kanutouren mit Hunden auf der Mecklenburgischen Seenplatte Camping \/ Unterk\u00fcnfte Hinweise zum Camping und zu festen Unterk\u00fcnften entlang der Kanutour Angeln Tipps zum Angeln in [&hellip;]<\/p>\n","protected":false},"author":1,"featured_media":0,"parent":0,"menu_order":0,"comment_status":"closed","ping_status":"closed","template":"","meta":{"_et_pb_use_builder":"on","_et_pb_old_content":"","_et_gb_content_width":"","footnotes":""},"class_list":["post-71337","page","type-page","status-publish","hentry"],"yoast_head":"<!-- This site is optimized with the Yoast SEO plugin v27.1.1 - https:\/\/yoast.com\/product\/yoast-seo-wordpress\/ -->\n<title>Tipps - Kanatu Priepert<\/title>\n<meta name=\"robots\" content=\"index, follow, max-snippet:-1, max-image-preview:large, max-video-preview:-1\" \/>\n<link rel=\"canonical\" href=\"https:\/\/kanatu.de\/en\/tipps-2\/\" \/>\n<meta property=\"og:locale\" content=\"en_US\" \/>\n<meta property=\"og:type\" content=\"article\" \/>\n<meta property=\"og:title\" content=\"Tipps - Kanatu Priepert\" \/>\n<meta property=\"og:description\" content=\"Gep\u00e4ck &amp; Packen Gep\u00e4ck- und Packtipps f\u00fcrs Wasserwandern auf der Mecklenburgischen Seenplatte Paddeln mit Kindern Tipps f\u00fcr Kanutouren mit Kindern und worauf du achten solltest Paddeln mit Hunden Tipps f\u00fcr Kanutouren mit Hunden auf der Mecklenburgischen Seenplatte Camping \/ Unterk\u00fcnfte Hinweise zum Camping und zu festen Unterk\u00fcnften entlang der Kanutour Angeln Tipps zum Angeln in [&hellip;]\" \/>\n<meta property=\"og:url\" content=\"https:\/\/kanatu.de\/en\/tipps-2\/\" \/>\n<meta property=\"og:site_name\" content=\"Kanatu Priepert\" \/>\n<meta property=\"article:modified_time\" content=\"2026-03-06T11:33:16+00:00\" \/>\n<meta name=\"twitter:card\" content=\"summary_large_image\" \/>\n<meta name=\"twitter:label1\" content=\"Est. reading time\" \/>\n\t<meta name=\"twitter:data1\" content=\"7 minutes\" \/>\n<script type=\"application\/ld+json\" class=\"yoast-schema-graph\">{\"@context\":\"https:\/\/schema.org\",\"@graph\":[{\"@type\":\"WebPage\",\"@id\":\"https:\/\/kanatu.de\/tipps-2\/\",\"url\":\"https:\/\/kanatu.de\/tipps-2\/\",\"name\":\"Tipps - Kanatu Priepert\",\"isPartOf\":{\"@id\":\"https:\/\/kanatu.de\/#website\"},\"datePublished\":\"2025-05-15T18:54:31+00:00\",\"dateModified\":\"2026-03-06T11:33:16+00:00\",\"breadcrumb\":{\"@id\":\"https:\/\/kanatu.de\/tipps-2\/#breadcrumb\"},\"inLanguage\":\"en-US\",\"potentialAction\":[{\"@type\":\"ReadAction\",\"target\":[\"https:\/\/kanatu.de\/tipps-2\/\"]}]},{\"@type\":\"BreadcrumbList\",\"@id\":\"https:\/\/kanatu.de\/tipps-2\/#breadcrumb\",\"itemListElement\":[{\"@type\":\"ListItem\",\"position\":1,\"name\":\"Start\",\"item\":\"https:\/\/kanatu.de\/\"},{\"@type\":\"ListItem\",\"position\":2,\"name\":\"Tipps\"}]},{\"@type\":\"WebSite\",\"@id\":\"https:\/\/kanatu.de\/#website\",\"url\":\"https:\/\/kanatu.de\/\",\"name\":\"Kanatu Priepert\",\"description\":\"Entdecke die Mecklenburgische Seenplatte auf dem Wasser!\",\"potentialAction\":[{\"@type\":\"SearchAction\",\"target\":{\"@type\":\"EntryPoint\",\"urlTemplate\":\"https:\/\/kanatu.de\/?s={search_term_string}\"},\"query-input\":{\"@type\":\"PropertyValueSpecification\",\"valueRequired\":true,\"valueName\":\"search_term_string\"}}],\"inLanguage\":\"en-US\"}]}<\/script>\n<!-- \/ Yoast SEO plugin. -->","yoast_head_json":{"title":"Tipps - Kanatu Priepert","robots":{"index":"index","follow":"follow","max-snippet":"max-snippet:-1","max-image-preview":"max-image-preview:large","max-video-preview":"max-video-preview:-1"},"canonical":"https:\/\/kanatu.de\/en\/tipps-2\/","og_locale":"en_US","og_type":"article","og_title":"Tipps - Kanatu Priepert","og_description":"Gep\u00e4ck &amp; Packen Gep\u00e4ck- und Packtipps f\u00fcrs Wasserwandern auf der Mecklenburgischen Seenplatte Paddeln mit Kindern Tipps f\u00fcr Kanutouren mit Kindern und worauf du achten solltest Paddeln mit Hunden Tipps f\u00fcr Kanutouren mit Hunden auf der Mecklenburgischen Seenplatte Camping \/ Unterk\u00fcnfte Hinweise zum Camping und zu festen Unterk\u00fcnften entlang der Kanutour Angeln Tipps zum Angeln in [&hellip;]","og_url":"https:\/\/kanatu.de\/en\/tipps-2\/","og_site_name":"Kanatu Priepert","article_modified_time":"2026-03-06T11:33:16+00:00","twitter_card":"summary_large_image","twitter_misc":{"Est. reading time":"7 minutes"},"schema":{"@context":"https:\/\/schema.org","@graph":[{"@type":"WebPage","@id":"https:\/\/kanatu.de\/tipps-2\/","url":"https:\/\/kanatu.de\/tipps-2\/","name":"Tipps - Kanatu Priepert","isPartOf":{"@id":"https:\/\/kanatu.de\/#website"},"datePublished":"2025-05-15T18:54:31+00:00","dateModified":"2026-03-06T11:33:16+00:00","breadcrumb":{"@id":"https:\/\/kanatu.de\/tipps-2\/#breadcrumb"},"inLanguage":"en-US","potentialAction":[{"@type":"ReadAction","target":["https:\/\/kanatu.de\/tipps-2\/"]}]},{"@type":"BreadcrumbList","@id":"https:\/\/kanatu.de\/tipps-2\/#breadcrumb","itemListElement":[{"@type":"ListItem","position":1,"name":"Start","item":"https:\/\/kanatu.de\/"},{"@type":"ListItem","position":2,"name":"Tipps"}]},{"@type":"WebSite","@id":"https:\/\/kanatu.de\/#website","url":"https:\/\/kanatu.de\/","name":"Kanatu Priepert","description":"Entdecke die Mecklenburgische Seenplatte auf dem Wasser!","potentialAction":[{"@type":"SearchAction","target":{"@type":"EntryPoint","urlTemplate":"https:\/\/kanatu.de\/?s={search_term_string}"},"query-input":{"@type":"PropertyValueSpecification","valueRequired":true,"valueName":"search_term_string"}}],"inLanguage":"en-US"}]}},"_links":{"self":[{"href":"https:\/\/kanatu.de\/en\/wp-json\/wp\/v2\/pages\/71337","targetHints":{"allow":["GET"]}}],"collection":[{"href":"https:\/\/kanatu.de\/en\/wp-json\/wp\/v2\/pages"}],"about":[{"href":"https:\/\/kanatu.de\/en\/wp-json\/wp\/v2\/types\/page"}],"author":[{"embeddable":true,"href":"https:\/\/kanatu.de\/en\/wp-json\/wp\/v2\/users\/1"}],"replies":[{"embeddable":true,"href":"https:\/\/kanatu.de\/en\/wp-json\/wp\/v2\/comments?post=71337"}],"version-history":[{"count":12,"href":"https:\/\/kanatu.de\/en\/wp-json\/wp\/v2\/pages\/71337\/revisions"}],"predecessor-version":[{"id":71746,"href":"https:\/\/kanatu.de\/en\/wp-json\/wp\/v2\/pages\/71337\/revisions\/71746"}],"wp:attachment":[{"href":"https:\/\/kanatu.de\/en\/wp-json\/wp\/v2\/media?parent=71337"}],"curies":[{"name":"wp","href":"https:\/\/api.w.org\/{rel}","templated":true}]}}