{"id":446,"date":"2025-05-15T20:18:22","date_gmt":"2025-05-15T18:18:22","guid":{"rendered":"http:\/\/relaunch.kanatu.de\/?page_id=446"},"modified":"2025-05-18T19:49:26","modified_gmt":"2025-05-18T17:49:26","slug":"kontakt-anreise","status":"publish","type":"page","link":"https:\/\/kanatu.de\/en\/kontakt-anreise\/","title":{"rendered":"Contact \/ arrival"},"content":{"rendered":"<p>[et_pb_section fb_built=&#8220;1&#8243; custom_padding_last_edited=&#8220;on|tablet&#8220; _builder_version=&#8220;4.27.4&#8243; _module_preset=&#8220;default&#8220; background_image=&#8220;https:\/\/kanatu.de\/wp-content\/uploads\/2025\/04\/header-kanatu-priepert-02.jpg&#8220; width=&#8220;100%&#8220; custom_margin=&#8220;0px||0px||false|false&#8220; custom_padding=&#8220;262px||270px||false|false&#8220; custom_padding_tablet=&#8220;120px||150px||false|false&#8220; custom_padding_phone=&#8220;60px||120px||false|false&#8220; animation_style=&#8220;fade&#8220; animation_duration=&#8220;900ms&#8220; animation_speed_curve=&#8220;ease&#8220; global_colors_info=&#8220;{}&#8220;][et_pb_row _builder_version=&#8220;4.21.0&#8243; _module_preset=&#8220;default&#8220; positioning=&#8220;absolute&#8220; position_origin_a=&#8220;bottom_center&#8220; width=&#8220;100%&#8220; max_width=&#8220;100%&#8220; custom_margin=&#8220;0px||0px||false|false&#8220; custom_padding=&#8220;0px||0px||false|false&#8220; global_colors_info=&#8220;{}&#8220;][et_pb_column type=&#8220;4_4&#8243; _builder_version=&#8220;4.21.0&#8243; _module_preset=&#8220;default&#8220; global_colors_info=&#8220;{}&#8220;][et_pb_image src=&#8220;https:\/\/kanatu.de\/wp-content\/uploads\/2025\/04\/hiking-1-sdb-18.png&#8220; force_fullwidth=&#8220;on&#8220; _builder_version=&#8220;4.21.0&#8243; _module_preset=&#8220;default&#8220; custom_margin=&#8220;0px||0px||false|false&#8220; custom_padding=&#8220;0px||0px||false|false&#8220; global_colors_info=&#8220;{}&#8220;][\/et_pb_image][\/et_pb_column][\/et_pb_row][et_pb_row _builder_version=&#8220;4.21.0&#8243; _module_preset=&#8220;default&#8220; width=&#8220;90%&#8220; max_width=&#8220;1200px&#8220; custom_margin=&#8220;0px||0px||false|false&#8220; custom_padding=&#8220;0px||0px||false|false&#8220; global_colors_info=&#8220;{}&#8220;][et_pb_column type=&#8220;4_4&#8243; _builder_version=&#8220;4.21.0&#8243; _module_preset=&#8220;default&#8220; global_colors_info=&#8220;{}&#8220;][et_pb_text _builder_version=&#8220;4.27.4&#8243; _module_preset=&#8220;default&#8220; header_3_font=&#8220;Georgia||||||||&#8220; header_3_text_align=&#8220;left&#8220; header_3_text_color=&#8220;#fe5000&#8243; header_3_font_size=&#8220;71px&#8220; header_3_line_height=&#8220;1.1em&#8220; custom_margin=&#8220;0px||-10px||false|false&#8220; custom_margin_tablet=&#8220;0px||-8px||false|false&#8220; custom_margin_phone=&#8220;||-4px||false|false&#8220; custom_margin_last_edited=&#8220;on|tablet&#8220; custom_padding=&#8220;0px||0px||false|false&#8220; animation_style=&#8220;slide&#8220; animation_direction=&#8220;bottom&#8220; animation_duration=&#8220;900ms&#8220; animation_delay=&#8220;500ms&#8220; animation_intensity_slide=&#8220;25%&#8220; animation_speed_curve=&#8220;ease&#8220; header_3_font_size_tablet=&#8220;54px&#8220; header_3_font_size_phone=&#8220;30px&#8220; header_3_font_size_last_edited=&#8220;on|tablet&#8220; header_3_text_shadow_style=&#8220;preset1&#8243; header_3_text_shadow_horizontal_length=&#8220;0.01em&#8220; header_3_text_shadow_vertical_length=&#8220;0.09em&#8220; header_3_text_shadow_color=&#8220;#000000&#8243; global_colors_info=&#8220;{}&#8220;]<\/p>\n<h3>Kanatu Priepert<\/h3>\n<p>[\/et_pb_text][et_pb_text _builder_version=&#8220;4.27.4&#8243; _module_preset=&#8220;default&#8220; header_font=&#8220;|700||on|||||&#8220; header_text_align=&#8220;left&#8220; header_text_color=&#8220;#FFFFFF&#8220; header_font_size=&#8220;60px&#8220; max_width=&#8220;680px&#8220; custom_margin=&#8220;0px||-20px||false|false&#8220; custom_margin_tablet=&#8220;0px||-18px||false|false&#8220; custom_margin_phone=&#8220;||-10px||false|false&#8220; custom_margin_last_edited=&#8220;on|tablet&#8220; custom_padding=&#8220;0px||0px||false|false&#8220; animation_style=&#8220;slide&#8220; animation_direction=&#8220;bottom&#8220; animation_duration=&#8220;900ms&#8220; animation_delay=&#8220;700ms&#8220; animation_intensity_slide=&#8220;15%&#8220; animation_speed_curve=&#8220;ease&#8220; header_font_size_tablet=&#8220;90px&#8220; header_font_size_phone=&#8220;50px&#8220; header_font_size_last_edited=&#8220;on|tablet&#8220; global_colors_info=&#8220;{}&#8220;]<\/p>\n<h1>Kontakt &amp; Anfahrt<\/h1>\n<p>[\/et_pb_text][\/et_pb_column][\/et_pb_row][\/et_pb_section][et_pb_section fb_built=&#8220;1&#8243; _builder_version=&#8220;4.16&#8243; custom_padding=&#8220;95px||90px|||&#8220; global_colors_info=&#8220;{}&#8220;][et_pb_row column_structure=&#8220;3_5,2_5&#8243; use_custom_gutter=&#8220;on&#8220; gutter_width=&#8220;2&#8243; make_equal=&#8220;on&#8220; _builder_version=&#8220;4.16&#8243; width=&#8220;90%&#8220; width_tablet=&#8220;90%&#8220; width_phone=&#8220;90%&#8220; width_last_edited=&#8220;on|desktop&#8220; max_width_tablet=&#8220;90%&#8220; max_width_phone=&#8220;90%&#8220; max_width_last_edited=&#8220;off|desktop&#8220; custom_padding=&#8220;0px||0px||false|false&#8220; global_colors_info=&#8220;{}&#8220;][et_pb_column type=&#8220;3_5&#8243; _builder_version=&#8220;4.16&#8243; global_colors_info=&#8220;{}&#8220;][et_pb_code _builder_version=&#8220;4.27.4&#8243; animation_direction=&#8220;left&#8220; global_colors_info=&#8220;{}&#8220; z_index__hover_enabled=&#8220;on|hover&#8220; z_index__hover=&#8220;9999999999&#8243;]<iframe src=\"https:\/\/www.google.com\/maps\/embed?pb=!1m14!1m8!1m3!1d305808.9213436158!2d13.03301!3d53.215478!3m2!1i1024!2i768!4f13.1!3m3!1m2!1s0x47a967c0fc52d45f%3A0xa9c3cc5a5def0add!2sAn%20d.%20Havel%2032%2C%2017255%20Priepert%2C%20Deutschland!5e0!3m2!1sde!2sus!4v1747333065871!5m2!1sde!2sus\" width=\"600\" height=\"650\" style=\"border:0;\" allowfullscreen=\"\" loading=\"lazy\" referrerpolicy=\"no-referrer-when-downgrade\"><\/iframe>[\/et_pb_code][\/et_pb_column][et_pb_column type=&#8220;2_5&#8243; _builder_version=&#8220;4.16&#8243; global_colors_info=&#8220;{}&#8220;][et_pb_text _builder_version=&#8220;4.27.4&#8243; text_font=&#8220;||||||||&#8220; text_text_color=&#8220;#000000&#8243; text_font_size=&#8220;20px&#8220; text_line_height=&#8220;1.8em&#8220; header_font_size=&#8220;33px&#8220; header_2_font=&#8220;|800|||||||&#8220; header_2_text_color=&#8220;#000000&#8243; header_2_font_size=&#8220;25px&#8220; background_color=&#8220;#ffffff&#8220; z_index=&#8220;999&#8243; custom_margin=&#8220;73px|||-150px|false|false&#8220; custom_margin_tablet=&#8220;40px|||0px|false|false&#8220; custom_margin_phone=&#8220;40px|||0px|false|false&#8220; custom_margin_last_edited=&#8220;on|phone&#8220; custom_padding=&#8220;80px|80px|80px|80px|true|true&#8220; custom_padding_tablet=&#8220;&#8220; custom_padding_phone=&#8220;40px|40px|40px|40px|true|true&#8220; custom_padding_last_edited=&#8220;on|phone&#8220; animation_direction=&#8220;right&#8220; box_shadow_style=&#8220;preset1&#8243; box_shadow_blur=&#8220;80px&#8220; box_shadow_color=&#8220;rgba(158,158,158,0.3)&#8220; global_colors_info=&#8220;{}&#8220;]<\/p>\n<h2>E-Mail<\/h2>\n<p>info@kanatu.de<\/p>\n<h2><\/h2>\n<h2>Telefon<\/h2>\n<p>+49 (0) 39828 26457<\/p>\n<h2><\/h2>\n<h2>Adresse<\/h2>\n<p><span>An der Havel 32<\/span><br \/><span>17255 Priepert<\/span><\/p>\n<p>[\/et_pb_text][\/et_pb_column][\/et_pb_row][\/et_pb_section][et_pb_section fb_built=&#8220;1&#8243; _builder_version=&#8220;4.27.4&#8243; _module_preset=&#8220;default&#8220; global_colors_info=&#8220;{}&#8220;][et_pb_row _builder_version=&#8220;4.27.4&#8243; _module_preset=&#8220;default&#8220; global_colors_info=&#8220;{}&#8220;][et_pb_column type=&#8220;4_4&#8243; _builder_version=&#8220;4.27.4&#8243; _module_preset=&#8220;default&#8220; global_colors_info=&#8220;{}&#8220;][et_pb_contact_form email=&#8220;info@kanatu.de&#8220; title=&#8220;Hinterlassen Sie gerne eine Nachricht. Wir melden und binnen 24 Stunden zur\u00fcck.&#8220; custom_message=&#8220;Ausgef\u00fclltes Kontaktformular von kanatu.de||et_pb_line_break_holder||||et_pb_line_break_holder||Vorname: %%Vorname%%||et_pb_line_break_holder||Nachname: %%Nachname%%||et_pb_line_break_holder||E-Mail: %%Email%%||et_pb_line_break_holder||||et_pb_line_break_holder||Nachricht: %%Message%%&#8220; success_message=&#8220;Ihre Nachricht wurde an KANATU \u00fcbermittelt. Wir melden uns schnellstm\u00f6glich zur\u00fcck.&#8220; _builder_version=&#8220;4.27.4&#8243; _module_preset=&#8220;default&#8220; _unique_id=&#8220;ab8ccbe5-59ed-47e5-b880-7b2f9789b5ce&#8220; hover_enabled=&#8220;0&#8243; global_colors_info=&#8220;{}&#8220; sticky_enabled=&#8220;0&#8243;][et_pb_contact_field field_id=&#8220;Vorname&#8220; field_title=&#8220;Vorname*&#8220; _builder_version=&#8220;4.27.4&#8243; global_colors_info=&#8220;{}&#8220; button_text_size__hover_enabled=&#8220;off&#8220; button_one_text_size__hover_enabled=&#8220;off&#8220; button_two_text_size__hover_enabled=&#8220;off&#8220; button_text_color__hover_enabled=&#8220;off&#8220; button_one_text_color__hover_enabled=&#8220;off&#8220; button_two_text_color__hover_enabled=&#8220;off&#8220; button_border_width__hover_enabled=&#8220;off&#8220; button_one_border_width__hover_enabled=&#8220;off&#8220; button_two_border_width__hover_enabled=&#8220;off&#8220; button_border_color__hover_enabled=&#8220;off&#8220; button_one_border_color__hover_enabled=&#8220;off&#8220; button_two_border_color__hover_enabled=&#8220;off&#8220; button_border_radius__hover_enabled=&#8220;off&#8220; button_one_border_radius__hover_enabled=&#8220;off&#8220; button_two_border_radius__hover_enabled=&#8220;off&#8220; button_letter_spacing__hover_enabled=&#8220;off&#8220; button_one_letter_spacing__hover_enabled=&#8220;off&#8220; button_two_letter_spacing__hover_enabled=&#8220;off&#8220; button_bg_color__hover_enabled=&#8220;off&#8220; button_one_bg_color__hover_enabled=&#8220;off&#8220; button_two_bg_color__hover_enabled=&#8220;off&#8220;][\/et_pb_contact_field][et_pb_contact_field field_id=&#8220;Nachname&#8220; field_title=&#8220;Nachname*&#8220; _builder_version=&#8220;4.27.4&#8243; global_colors_info=&#8220;{}&#8220; button_text_size__hover_enabled=&#8220;off&#8220; button_one_text_size__hover_enabled=&#8220;off&#8220; button_two_text_size__hover_enabled=&#8220;off&#8220; button_text_color__hover_enabled=&#8220;off&#8220; button_one_text_color__hover_enabled=&#8220;off&#8220; button_two_text_color__hover_enabled=&#8220;off&#8220; button_border_width__hover_enabled=&#8220;off&#8220; button_one_border_width__hover_enabled=&#8220;off&#8220; button_two_border_width__hover_enabled=&#8220;off&#8220; button_border_color__hover_enabled=&#8220;off&#8220; button_one_border_color__hover_enabled=&#8220;off&#8220; button_two_border_color__hover_enabled=&#8220;off&#8220; button_border_radius__hover_enabled=&#8220;off&#8220; button_one_border_radius__hover_enabled=&#8220;off&#8220; button_two_border_radius__hover_enabled=&#8220;off&#8220; button_letter_spacing__hover_enabled=&#8220;off&#8220; button_one_letter_spacing__hover_enabled=&#8220;off&#8220; button_two_letter_spacing__hover_enabled=&#8220;off&#8220; button_bg_color__hover_enabled=&#8220;off&#8220; button_one_bg_color__hover_enabled=&#8220;off&#8220; button_two_bg_color__hover_enabled=&#8220;off&#8220;][\/et_pb_contact_field][et_pb_contact_field field_id=&#8220;Email&#8220; field_title=&#8220;E-Mail-Adresse*&#8220; field_type=&#8220;email&#8220; _builder_version=&#8220;4.27.4&#8243; global_colors_info=&#8220;{}&#8220; button_text_size__hover_enabled=&#8220;off&#8220; button_one_text_size__hover_enabled=&#8220;off&#8220; button_two_text_size__hover_enabled=&#8220;off&#8220; button_text_color__hover_enabled=&#8220;off&#8220; button_one_text_color__hover_enabled=&#8220;off&#8220; button_two_text_color__hover_enabled=&#8220;off&#8220; button_border_width__hover_enabled=&#8220;off&#8220; button_one_border_width__hover_enabled=&#8220;off&#8220; button_two_border_width__hover_enabled=&#8220;off&#8220; button_border_color__hover_enabled=&#8220;off&#8220; button_one_border_color__hover_enabled=&#8220;off&#8220; button_two_border_color__hover_enabled=&#8220;off&#8220; button_border_radius__hover_enabled=&#8220;off&#8220; button_one_border_radius__hover_enabled=&#8220;off&#8220; button_two_border_radius__hover_enabled=&#8220;off&#8220; button_letter_spacing__hover_enabled=&#8220;off&#8220; button_one_letter_spacing__hover_enabled=&#8220;off&#8220; button_two_letter_spacing__hover_enabled=&#8220;off&#8220; button_bg_color__hover_enabled=&#8220;off&#8220; button_one_bg_color__hover_enabled=&#8220;off&#8220; button_two_bg_color__hover_enabled=&#8220;off&#8220;][\/et_pb_contact_field][et_pb_contact_field field_id=&#8220;Message&#8220; field_title=&#8220;Nachricht\/Anfrage&#8220; field_type=&#8220;text&#8220; fullwidth_field=&#8220;on&#8220; _builder_version=&#8220;4.27.4&#8243; global_colors_info=&#8220;{}&#8220; button_text_size__hover_enabled=&#8220;off&#8220; button_one_text_size__hover_enabled=&#8220;off&#8220; button_two_text_size__hover_enabled=&#8220;off&#8220; button_text_color__hover_enabled=&#8220;off&#8220; button_one_text_color__hover_enabled=&#8220;off&#8220; button_two_text_color__hover_enabled=&#8220;off&#8220; button_border_width__hover_enabled=&#8220;off&#8220; button_one_border_width__hover_enabled=&#8220;off&#8220; button_two_border_width__hover_enabled=&#8220;off&#8220; button_border_color__hover_enabled=&#8220;off&#8220; button_one_border_color__hover_enabled=&#8220;off&#8220; button_two_border_color__hover_enabled=&#8220;off&#8220; button_border_radius__hover_enabled=&#8220;off&#8220; button_one_border_radius__hover_enabled=&#8220;off&#8220; button_two_border_radius__hover_enabled=&#8220;off&#8220; button_letter_spacing__hover_enabled=&#8220;off&#8220; button_one_letter_spacing__hover_enabled=&#8220;off&#8220; button_two_letter_spacing__hover_enabled=&#8220;off&#8220; button_bg_color__hover_enabled=&#8220;off&#8220; button_one_bg_color__hover_enabled=&#8220;off&#8220; button_two_bg_color__hover_enabled=&#8220;off&#8220;][\/et_pb_contact_field][et_pb_contact_field field_id=&#8220;Datenschutz&#8220; field_title=&#8220;Datenschutz*&#8220; field_type=&#8220;checkbox&#8220; checkbox_options=&#8220;%91{%22value%22:%22Hiermit best\u00e4tigen Sie, die Datenschutzbestimmungen gelesen und verstanden zu haben.%22,%22checked%22:0,%22dragID%22:-1,%22link_url%22:%22\/datenschutz%22,%22link_text%22:%22%22}%93&#8243; fullwidth_field=&#8220;on&#8220; _builder_version=&#8220;4.27.4&#8243; _module_preset=&#8220;default&#8220; global_colors_info=&#8220;{}&#8220;][\/et_pb_contact_field][\/et_pb_contact_form][\/et_pb_column][\/et_pb_row][\/et_pb_section]<\/p>\n","protected":false},"excerpt":{"rendered":"<p>Kanatu PriepertKontakt &amp; AnfahrtE-Mail info@kanatu.de Telefon +49 (0) 39828 26457 Adresse An der Havel 3217255 Priepert<\/p>","protected":false},"author":1,"featured_media":0,"parent":0,"menu_order":0,"comment_status":"closed","ping_status":"closed","template":"","meta":{"_et_pb_use_builder":"on","_et_pb_old_content":"","_et_gb_content_width":"","footnotes":""},"class_list":["post-446","page","type-page","status-publish","hentry"],"yoast_head":"<!-- This site is optimized with the Yoast SEO plugin v27.1.1 - https:\/\/yoast.com\/product\/yoast-seo-wordpress\/ -->\n<title>Kontakt \/ Anreise - Kanatu Priepert<\/title>\n<meta name=\"robots\" content=\"index, follow, max-snippet:-1, max-image-preview:large, max-video-preview:-1\" \/>\n<link rel=\"canonical\" href=\"https:\/\/kanatu.de\/en\/kontakt-anreise\/\" \/>\n<meta property=\"og:locale\" content=\"en_US\" \/>\n<meta property=\"og:type\" content=\"article\" \/>\n<meta property=\"og:title\" content=\"Kontakt \/ Anreise - Kanatu Priepert\" \/>\n<meta property=\"og:description\" content=\"Kanatu PriepertKontakt &amp; AnfahrtE-Mail info@kanatu.de Telefon +49 (0) 39828 26457 Adresse An der Havel 3217255 Priepert\" \/>\n<meta property=\"og:url\" content=\"https:\/\/kanatu.de\/en\/kontakt-anreise\/\" \/>\n<meta property=\"og:site_name\" content=\"Kanatu Priepert\" \/>\n<meta property=\"article:modified_time\" content=\"2025-05-18T17:49:26+00:00\" \/>\n<meta name=\"twitter:card\" content=\"summary_large_image\" \/>\n<meta name=\"twitter:label1\" content=\"Est. reading time\" \/>\n\t<meta name=\"twitter:data1\" content=\"8 minutes\" \/>\n<script type=\"application\/ld+json\" class=\"yoast-schema-graph\">{\"@context\":\"https:\/\/schema.org\",\"@graph\":[{\"@type\":\"WebPage\",\"@id\":\"https:\/\/kanatu.de\/kontakt-anreise\/\",\"url\":\"https:\/\/kanatu.de\/kontakt-anreise\/\",\"name\":\"Kontakt \/ Anreise - Kanatu Priepert\",\"isPartOf\":{\"@id\":\"https:\/\/kanatu.de\/#website\"},\"datePublished\":\"2025-05-15T18:18:22+00:00\",\"dateModified\":\"2025-05-18T17:49:26+00:00\",\"breadcrumb\":{\"@id\":\"https:\/\/kanatu.de\/kontakt-anreise\/#breadcrumb\"},\"inLanguage\":\"en-US\",\"potentialAction\":[{\"@type\":\"ReadAction\",\"target\":[\"https:\/\/kanatu.de\/kontakt-anreise\/\"]}]},{\"@type\":\"BreadcrumbList\",\"@id\":\"https:\/\/kanatu.de\/kontakt-anreise\/#breadcrumb\",\"itemListElement\":[{\"@type\":\"ListItem\",\"position\":1,\"name\":\"Start\",\"item\":\"https:\/\/kanatu.de\/\"},{\"@type\":\"ListItem\",\"position\":2,\"name\":\"Kontakt \/ Anreise\"}]},{\"@type\":\"WebSite\",\"@id\":\"https:\/\/kanatu.de\/#website\",\"url\":\"https:\/\/kanatu.de\/\",\"name\":\"Kanatu Priepert\",\"description\":\"Entdecke die Mecklenburgische Seenplatte auf dem Wasser!\",\"potentialAction\":[{\"@type\":\"SearchAction\",\"target\":{\"@type\":\"EntryPoint\",\"urlTemplate\":\"https:\/\/kanatu.de\/?s={search_term_string}\"},\"query-input\":{\"@type\":\"PropertyValueSpecification\",\"valueRequired\":true,\"valueName\":\"search_term_string\"}}],\"inLanguage\":\"en-US\"}]}<\/script>\n<!-- \/ Yoast SEO plugin. -->","yoast_head_json":{"title":"Kontakt \/ Anreise - Kanatu Priepert","robots":{"index":"index","follow":"follow","max-snippet":"max-snippet:-1","max-image-preview":"max-image-preview:large","max-video-preview":"max-video-preview:-1"},"canonical":"https:\/\/kanatu.de\/en\/kontakt-anreise\/","og_locale":"en_US","og_type":"article","og_title":"Kontakt \/ Anreise - Kanatu Priepert","og_description":"Kanatu PriepertKontakt &amp; AnfahrtE-Mail info@kanatu.de Telefon +49 (0) 39828 26457 Adresse An der Havel 3217255 Priepert","og_url":"https:\/\/kanatu.de\/en\/kontakt-anreise\/","og_site_name":"Kanatu Priepert","article_modified_time":"2025-05-18T17:49:26+00:00","twitter_card":"summary_large_image","twitter_misc":{"Est. reading time":"8 minutes"},"schema":{"@context":"https:\/\/schema.org","@graph":[{"@type":"WebPage","@id":"https:\/\/kanatu.de\/kontakt-anreise\/","url":"https:\/\/kanatu.de\/kontakt-anreise\/","name":"Kontakt \/ Anreise - Kanatu Priepert","isPartOf":{"@id":"https:\/\/kanatu.de\/#website"},"datePublished":"2025-05-15T18:18:22+00:00","dateModified":"2025-05-18T17:49:26+00:00","breadcrumb":{"@id":"https:\/\/kanatu.de\/kontakt-anreise\/#breadcrumb"},"inLanguage":"en-US","potentialAction":[{"@type":"ReadAction","target":["https:\/\/kanatu.de\/kontakt-anreise\/"]}]},{"@type":"BreadcrumbList","@id":"https:\/\/kanatu.de\/kontakt-anreise\/#breadcrumb","itemListElement":[{"@type":"ListItem","position":1,"name":"Start","item":"https:\/\/kanatu.de\/"},{"@type":"ListItem","position":2,"name":"Kontakt \/ Anreise"}]},{"@type":"WebSite","@id":"https:\/\/kanatu.de\/#website","url":"https:\/\/kanatu.de\/","name":"Kanatu Priepert","description":"Entdecke die Mecklenburgische Seenplatte auf dem Wasser!","potentialAction":[{"@type":"SearchAction","target":{"@type":"EntryPoint","urlTemplate":"https:\/\/kanatu.de\/?s={search_term_string}"},"query-input":{"@type":"PropertyValueSpecification","valueRequired":true,"valueName":"search_term_string"}}],"inLanguage":"en-US"}]}},"_links":{"self":[{"href":"https:\/\/kanatu.de\/en\/wp-json\/wp\/v2\/pages\/446","targetHints":{"allow":["GET"]}}],"collection":[{"href":"https:\/\/kanatu.de\/en\/wp-json\/wp\/v2\/pages"}],"about":[{"href":"https:\/\/kanatu.de\/en\/wp-json\/wp\/v2\/types\/page"}],"author":[{"embeddable":true,"href":"https:\/\/kanatu.de\/en\/wp-json\/wp\/v2\/users\/1"}],"replies":[{"embeddable":true,"href":"https:\/\/kanatu.de\/en\/wp-json\/wp\/v2\/comments?post=446"}],"version-history":[{"count":10,"href":"https:\/\/kanatu.de\/en\/wp-json\/wp\/v2\/pages\/446\/revisions"}],"predecessor-version":[{"id":71453,"href":"https:\/\/kanatu.de\/en\/wp-json\/wp\/v2\/pages\/446\/revisions\/71453"}],"wp:attachment":[{"href":"https:\/\/kanatu.de\/en\/wp-json\/wp\/v2\/media?parent=446"}],"curies":[{"name":"wp","href":"https:\/\/api.w.org\/{rel}","templated":true}]}}