{"id":430,"date":"2025-05-15T19:31:23","date_gmt":"2025-05-15T17:31:23","guid":{"rendered":"http:\/\/relaunch.kanatu.de\/?page_id=430"},"modified":"2026-04-11T21:53:31","modified_gmt":"2026-04-11T19:53:31","slug":"gruppentouren","status":"publish","type":"page","link":"https:\/\/kanatu.de\/en\/gruppentouren\/","title":{"rendered":"Group tours"},"content":{"rendered":"<p>[et_pb_section fb_built=&#8220;1&#8243; custom_padding_last_edited=&#8220;on|tablet&#8220; _builder_version=&#8220;4.27.4&#8243; _module_preset=&#8220;default&#8220; background_image=&#8220;https:\/\/kanatu.de\/wp-content\/uploads\/2025\/05\/klassenfahrten-gruppen.jpg&#8220; custom_margin=&#8220;0px||0px||false|false&#8220; custom_padding=&#8220;270px||261px||false|false&#8220; custom_padding_tablet=&#8220;160px||170px||false|false&#8220; custom_padding_phone=&#8220;90px||90px||false|false&#8220; global_colors_info=&#8220;{}&#8220;][et_pb_row _builder_version=&#8220;4.21.0&#8243; _module_preset=&#8220;default&#8220; positioning=&#8220;absolute&#8220; position_origin_a=&#8220;bottom_center&#8220; width=&#8220;100%&#8220; max_width=&#8220;100%&#8220; custom_margin=&#8220;0px||0px||false|false&#8220; custom_padding=&#8220;0px||0px||false|false&#8220; global_colors_info=&#8220;{}&#8220;][et_pb_column type=&#8220;4_4&#8243; _builder_version=&#8220;4.21.0&#8243; _module_preset=&#8220;default&#8220; global_colors_info=&#8220;{}&#8220;][et_pb_image src=&#8220;https:\/\/kanatu.de\/wp-content\/uploads\/2025\/04\/hiking-1-sdb-1.png&#8220; force_fullwidth=&#8220;on&#8220; _builder_version=&#8220;4.27.4&#8243; _module_preset=&#8220;default&#8220; custom_margin=&#8220;0px||0px||false|false&#8220; custom_padding=&#8220;0px||0px||false|false&#8220; global_colors_info=&#8220;{}&#8220;][\/et_pb_image][\/et_pb_column][\/et_pb_row][et_pb_row use_custom_gutter=&#8220;on&#8220; gutter_width=&#8220;2&#8243; _builder_version=&#8220;4.27.4&#8243; _module_preset=&#8220;default&#8220; width=&#8220;90%&#8220; max_width=&#8220;1200px&#8220; custom_margin=&#8220;0px||150px||false|false&#8220; custom_padding=&#8220;0px||0px||false|false&#8220; global_colors_info=&#8220;{}&#8220;][et_pb_column type=&#8220;4_4&#8243; _builder_version=&#8220;4.21.0&#8243; _module_preset=&#8220;default&#8220; global_colors_info=&#8220;{}&#8220;][et_pb_blurb title=&#8220;Gruppentouren&#8220; image_icon_background_color=&#8220;#fe5000&#8243; icon_placement=&#8220;left&#8220; image_icon_width=&#8220;66px&#8220; content_max_width=&#8220;100%&#8220; _builder_version=&#8220;4.27.4&#8243; _module_preset=&#8220;default&#8220; header_font=&#8220;|600|||||||&#8220; header_text_align=&#8220;center&#8220; header_text_color=&#8220;#FFFFFF&#8220; header_font_size=&#8220;55px&#8220; body_font=&#8220;Teko|600||on|||||&#8220; body_text_align=&#8220;left&#8220; body_text_color=&#8220;#FFFFFF&#8220; body_font_size=&#8220;25px&#8220; image_icon_custom_margin=&#8220;8px|9px|0px|0px|false|false&#8220; image_icon_custom_padding=&#8220;12px|12px|12px|12px|false|false&#8220; custom_margin=&#8220;0px||0px||false|false&#8220; custom_margin_tablet=&#8220;0px||30px||false|false&#8220; custom_margin_phone=&#8220;||20px||false|false&#8220; custom_margin_last_edited=&#8220;on|tablet&#8220; custom_padding=&#8220;0px||0px||false|false&#8220; animation_style=&#8220;fade&#8220; animation_duration=&#8220;900ms&#8220; animation_speed_curve=&#8220;ease&#8220; animation=&#8220;off&#8220; header_font_size_tablet=&#8220;45px&#8220; header_font_size_phone=&#8220;30px&#8220; header_font_size_last_edited=&#8220;on|desktop&#8220; custom_css_blurb_title=&#8220;margin-bottom:-9px;||&#8220; custom_css_blurb_content=&#8220;margin:0px;&#8220; header_text_shadow_style=&#8220;preset2&#8243; header_text_shadow_horizontal_length=&#8220;0.1em&#8220; header_text_shadow_color=&#8220;#fe5000&#8243; global_colors_info=&#8220;{}&#8220;][\/et_pb_blurb][\/et_pb_column][\/et_pb_row][\/et_pb_section][et_pb_section fb_built=&#8220;1&#8243; _builder_version=&#8220;4.16&#8243; custom_padding=&#8220;42px|0px|32px|0px|false|false&#8220; global_colors_info=&#8220;{}&#8220;][et_pb_row column_structure=&#8220;2_5,3_5&#8243; use_custom_gutter=&#8220;on&#8220; gutter_width=&#8220;2&#8243; padding_left_right_link_1=&#8220;true&#8220; padding_left_right_link_2=&#8220;true&#8220; padding_left_right_link_3=&#8220;true&#8220; _builder_version=&#8220;4.16&#8243; custom_margin=&#8220;-206px|||&#8220; custom_padding=&#8220;0|0px|75px|0px|false|false&#8220; animation_style=&#8220;slide&#8220; animation_direction=&#8220;left&#8220; animation_duration=&#8220;1350ms&#8220; animation_delay=&#8220;500ms&#8220; global_colors_info=&#8220;{}&#8220;][et_pb_column type=&#8220;2_5&#8243; _builder_version=&#8220;4.16&#8243; background_color=&#8220;#ffffff&#8220; custom_padding=&#8220;|||&#8220; global_colors_info=&#8220;{}&#8220; custom_padding__hover=&#8220;|||&#8220;][et_pb_image src=&#8220;https:\/\/kanatu.de\/wp-content\/uploads\/2025\/05\/kajaks-vermeitung.jpg&#8220; title_text=&#8220;happy and active multiethnic couple in life vests sailing in spo&#8220; align_tablet=&#8220;center&#8220; align_phone=&#8220;center&#8220; align_last_edited=&#8220;on|desktop&#8220; _builder_version=&#8220;4.27.4&#8243; custom_margin=&#8220;|||&#8220; custom_padding=&#8220;|||&#8220; border_width_all=&#8220;10px&#8220; border_color_all=&#8220;#ffffff&#8220; box_shadow_style=&#8220;preset1&#8243; box_shadow_blur=&#8220;54px&#8220; box_shadow_color=&#8220;rgba(0,0,0,0.43)&#8220; global_colors_info=&#8220;{}&#8220;][\/et_pb_image][et_pb_text _builder_version=&#8220;4.27.4&#8243; text_font=&#8220;||||||||&#8220; text_text_color=&#8220;#000000&#8243; text_font_size=&#8220;16px&#8220; text_line_height=&#8220;1.6em&#8220; header_font=&#8220;|||on|||||&#8220; header_text_color=&#8220;#fe5000&#8243; header_font_size=&#8220;27px&#8220; custom_padding=&#8220;22px|25px||25px||true&#8220; hover_enabled=&#8220;0&#8243; global_colors_info=&#8220;{}&#8220; sticky_enabled=&#8220;0&#8243;]<\/p>\n<p data-start=\"128\" data-end=\"188\" style=\"text-align: justify;\"><strong data-start=\"128\" data-end=\"188\">Unvergessliche Erlebnisse f\u00fcr Gruppen, Klassen und Teams auf der Mecklenburgischen Seenplatte<\/strong><strong data-start=\"128\" data-end=\"188\"><\/strong><\/p>\n<p data-start=\"584\" data-end=\"723\" style=\"text-align: justify;\">Eure<strong> Gruppe\u00a0<\/strong>plant eine\u00a0<strong>Kanutour<\/strong> in einer der sch\u00f6nsten Wasserlandschaften Deutschlands?<\/p>\n<p data-start=\"584\" data-end=\"723\" style=\"text-align: justify;\">Dann seid ihr bei uns in\u00a0<strong>Priepert<\/strong> genau richtig! Wir organisieren unvergessliche\u00a0<strong>Paddeltouren f\u00fcr Schulklassen, Vereine, Jugendgruppen und Unternehmen<\/strong> mitten in der einzigartigen Natur der Mecklenburgischen Seenplatte.<\/p>\n<p data-start=\"584\" data-end=\"723\" style=\"text-align: justify;\">Mit\u00a0<strong>Kajaks\u00a0<\/strong>und\u00a0<strong>Kanadiern\u00a0<\/strong>gehts gemeinsam hinaus zu einem aktiven\u00a0<strong>Outdoor-Abenteuer auf dem Wasser<\/strong> &#8211;\u00a0 ideal f\u00fcr Naturfreunde, Gruppenreisen und Teamevents.<\/p>\n<p data-start=\"584\" data-end=\"723\" style=\"text-align: justify;\">Bewegung, Naturerlebnis und Teamgeist &#8211; unsere Kanutouren geh\u00f6ren zu den beliebtesten Aktivit\u00e4ten f\u00fcr Gruppen an der Seenplatte. Die ruhigen Seen und verbundenen Wasserwege rund um Priepert bieten ideale Bedingungen sowohl f\u00fcr\u00a0<strong>Anf\u00e4nger<\/strong> als auch f\u00fcr\u00a0<strong>erfahrene Paddler<\/strong>. Auch gro\u00dfe Gruppen k\u00f6nnen gemeinsam starten und die Natur der Seenplatte entspannt vom Wasser aus genie\u00dfen.<\/p>\n<p data-start=\"584\" data-end=\"723\" style=\"text-align: justify;\"><strong>Wir organisieren eure Paddeltour ab Priepert<\/strong> &#8211; von der Planung bis zur Durchf\u00fchrung. So k\u00f6nnt ihr euch ganz auf das\u00a0<strong>gemeinsame Naturerlebnis <\/strong>und den Spa\u00df auf dem Wasser konzentrieren.<\/p>\n<p data-start=\"584\" data-end=\"723\" style=\"text-align: justify;\">Plant jetzt eure Kanutour an der Mecklenburgischen Seenplatte und startet ein unvergessliches Erlebnis auf dem Wasser!<\/p>\n<p>[\/et_pb_text][\/et_pb_column][et_pb_column type=&#8220;3_5&#8243; _builder_version=&#8220;4.16&#8243; background_color=&#8220;#ffffff&#8220; custom_padding=&#8220;|||&#8220; global_colors_info=&#8220;{}&#8220; custom_padding__hover=&#8220;|||&#8220;][et_pb_image src=&#8220;https:\/\/kanatu.de\/wp-content\/uploads\/2025\/05\/kanadier-vermietung.jpg&#8220; title_text=&#8220;Canoes reflected on a turquoise lake, Quebec, Canada&#8220; align_tablet=&#8220;center&#8220; align_phone=&#8220;center&#8220; align_last_edited=&#8220;on|desktop&#8220; _builder_version=&#8220;4.27.4&#8243; custom_margin=&#8220;|||&#8220; custom_padding=&#8220;|||&#8220; border_width_all=&#8220;10px&#8220; border_color_all=&#8220;#ffffff&#8220; box_shadow_style=&#8220;preset1&#8243; box_shadow_blur=&#8220;54px&#8220; box_shadow_color=&#8220;rgba(0,0,0,0.43)&#8220; global_colors_info=&#8220;{}&#8220;][\/et_pb_image][et_pb_text _builder_version=&#8220;4.27.4&#8243; text_font=&#8220;||||||||&#8220; text_text_color=&#8220;#000000&#8243; text_font_size=&#8220;16px&#8220; text_line_height=&#8220;1.6em&#8220; header_font=&#8220;|||on|||||&#8220; header_text_color=&#8220;#fe5000&#8243; header_font_size=&#8220;27px&#8220; custom_padding=&#8220;22px|25px||25px||true&#8220; hover_enabled=&#8220;0&#8243; global_colors_info=&#8220;{}&#8220; sticky_enabled=&#8220;0&#8243;]<\/p>\n<p data-start=\"725\" data-end=\"767\"><strong data-start=\"725\" data-end=\"767\">Unser Rundum-Sorglos-Paket beinhaltet:<\/strong><strong data-start=\"725\" data-end=\"767\"><\/strong><\/p>\n<ul data-start=\"769\" data-end=\"1410\">\n<li data-start=\"769\" data-end=\"872\">\n<p data-start=\"771\" data-end=\"872\"><strong data-start=\"771\" data-end=\"818\">Pers\u00f6nliche Beratung &amp; detaillierte Planung<\/strong> eurer Tour \u2013 individuell auf eure Gruppe abgestimmt<\/p>\n<\/li>\n<li data-start=\"873\" data-end=\"960\">\n<p data-start=\"875\" data-end=\"960\"><strong data-start=\"875\" data-end=\"900\">Gr\u00fcndliche Einweisung<\/strong> in Paddeltechnik, Verhalten auf dem Wasser und Sicherheit<\/p>\n<\/li>\n<li data-start=\"961\" data-end=\"1040\">\n<p data-start=\"963\" data-end=\"1040\"><strong data-start=\"963\" data-end=\"992\">Unterst\u00fctzung beim Packen<\/strong> und Verladen \u2013 damit alles stressfrei abl\u00e4uft<\/p>\n<\/li>\n<li data-start=\"1041\" data-end=\"1120\">\n<p data-start=\"1043\" data-end=\"1120\"><strong data-start=\"1043\" data-end=\"1075\">Beratung zur An- und Abreise<\/strong> \u2013 ob mit Bus, Bahn oder eigenen Fahrzeugen<\/p>\n<\/li>\n<li data-start=\"1121\" data-end=\"1218\">\n<p data-start=\"1123\" data-end=\"1218\"><strong data-start=\"1123\" data-end=\"1158\">Komplette Ausr\u00fcstung durch uns:<\/strong> Boote, Paddel, Schwimmwesten, Packs\u00e4cke, Tonnen &amp; Zubeh\u00f6r<\/p>\n<\/li>\n<li data-start=\"1219\" data-end=\"1306\">\n<p data-start=\"1221\" data-end=\"1306\"><strong data-start=\"1221\" data-end=\"1245\">Catering auf Wunsch:<\/strong> von Lunchpaketen bis zum Grillabend \u2013 wir machen\u2019s m\u00f6glich<\/p>\n<\/li>\n<li data-start=\"1307\" data-end=\"1410\">\n<p data-start=\"1309\" data-end=\"1410\"><strong data-start=\"1309\" data-end=\"1349\">Freizeitgestaltung rund ums Paddeln:<\/strong> Spiele, Naturerkundung, Teamaktionen oder einfach entspannen<\/p>\n<\/li>\n<\/ul>\n<p data-start=\"1412\" data-end=\"1510\"><strong data-start=\"1412\" data-end=\"1510\">Jetzt unverbindlich anfragen und ein individuelles Angebot erhalten \u2013 wir freuen uns auf euch!<\/strong><\/p>\n<p>[\/et_pb_text][\/et_pb_column][\/et_pb_row][et_pb_row column_structure=&#8220;1_2,1_2&#8243; _builder_version=&#8220;4.27.4&#8243; _module_preset=&#8220;default&#8220; global_colors_info=&#8220;{}&#8220;][et_pb_column type=&#8220;1_2&#8243; _builder_version=&#8220;4.27.4&#8243; _module_preset=&#8220;default&#8220; global_colors_info=&#8220;{}&#8220;][et_pb_text _builder_version=&#8220;4.27.4&#8243; _module_preset=&#8220;default&#8220; global_colors_info=&#8220;{}&#8220;]<\/p>\n<h2>Familienfreizeit<\/h2>\n<p>[\/et_pb_text][et_pb_text _builder_version=&#8220;4.27.4&#8243; _module_preset=&#8220;default&#8220; global_colors_info=&#8220;{}&#8220;]<\/p>\n<p>Erlebe eine unvergessliche <strong data-start=\"113\" data-end=\"146\">Familienfreizeit in der Natur<\/strong> \u2013 ideal f\u00fcr Familien mit <strong data-start=\"172\" data-end=\"195\">Kindern ab 5 Jahren<\/strong>. Gemeinsam mit einem erfahrenen <strong data-start=\"228\" data-end=\"243\">Tourenguide<\/strong> entdeckt ihr auf einer gef\u00fchrten Tour wundersch\u00f6ne Landschaften und genie\u00dfen aktive Tage an der frischen Luft. Die Gruppe umfasst <strong data-start=\"375\" data-end=\"418\">mindestens 14 und maximal 22 Teilnehmer.<\/strong><\/p>\n<p>W\u00e4hrend der Tour gibt es nicht zu lange Etappen und Pausentage, sodass genug Zeit f\u00fcr Spiel, Spa\u00df und Entspannung bleibt.\u00a0<\/p>\n<p>[\/et_pb_text][et_pb_image src=&#8220;https:\/\/kanatu.de\/wp-content\/uploads\/2025\/04\/hiking-1-sdb-16uprghtblcj.png&#8220; title_text=&#8220;hiking-1-sdb-16uprghtblcj&#8220; url=&#8220;@ET-DC@eyJkeW5hbWljIjp0cnVlLCJjb250ZW50IjoicG9zdF9saW5rX3VybF9wYWdlIiwic2V0dGluZ3MiOnsicG9zdF9pZCI6IjcxNDM2In19@&#8220; _builder_version=&#8220;4.27.4&#8243; _dynamic_attributes=&#8220;url&#8220; _module_preset=&#8220;default&#8220; max_height=&#8220;27px&#8220; global_colors_info=&#8220;{}&#8220;][\/et_pb_image][\/et_pb_column][et_pb_column type=&#8220;1_2&#8243; _builder_version=&#8220;4.27.4&#8243; _module_preset=&#8220;default&#8220; global_colors_info=&#8220;{}&#8220;][et_pb_image src=&#8220;https:\/\/kanatu.de\/wp-content\/uploads\/2025\/05\/paddeln-mit-kindern.jpg&#8220; title_text=&#8220;Young Family Canoeing&#8220; _builder_version=&#8220;4.27.4&#8243; _module_preset=&#8220;default&#8220; global_colors_info=&#8220;{}&#8220;][\/et_pb_image][\/et_pb_column][\/et_pb_row][\/et_pb_section]<\/p>\n","protected":false},"excerpt":{"rendered":"<p>Unvergessliche Erlebnisse f\u00fcr Gruppen, Klassen und Teams auf der Mecklenburgischen Seenplatte Eure Gruppe\u00a0plant eine\u00a0Kanutour in einer der sch\u00f6nsten Wasserlandschaften Deutschlands? Dann seid ihr bei uns in\u00a0Priepert genau richtig! Wir organisieren unvergessliche\u00a0Paddeltouren f\u00fcr Schulklassen, Vereine, Jugendgruppen und Unternehmen mitten in der einzigartigen Natur der Mecklenburgischen Seenplatte. Mit\u00a0Kajaks\u00a0und\u00a0Kanadiern\u00a0gehts gemeinsam hinaus zu einem aktiven\u00a0Outdoor-Abenteuer auf dem Wasser &#8211;\u00a0 [&hellip;]<\/p>\n","protected":false},"author":1,"featured_media":0,"parent":0,"menu_order":0,"comment_status":"closed","ping_status":"closed","template":"","meta":{"_et_pb_use_builder":"on","_et_pb_old_content":"","_et_gb_content_width":"","footnotes":""},"class_list":["post-430","page","type-page","status-publish","hentry"],"yoast_head":"<!-- This site is optimized with the Yoast SEO plugin v27.1.1 - https:\/\/yoast.com\/product\/yoast-seo-wordpress\/ -->\n<title>Gruppentouren - Kanatu Priepert<\/title>\n<meta name=\"robots\" content=\"index, follow, max-snippet:-1, max-image-preview:large, max-video-preview:-1\" \/>\n<link rel=\"canonical\" href=\"https:\/\/kanatu.de\/en\/gruppentouren\/\" \/>\n<meta property=\"og:locale\" content=\"en_US\" \/>\n<meta property=\"og:type\" content=\"article\" \/>\n<meta property=\"og:title\" content=\"Gruppentouren - Kanatu Priepert\" \/>\n<meta property=\"og:description\" content=\"Unvergessliche Erlebnisse f\u00fcr Gruppen, Klassen und Teams auf der Mecklenburgischen Seenplatte Eure Gruppe\u00a0plant eine\u00a0Kanutour in einer der sch\u00f6nsten Wasserlandschaften Deutschlands? Dann seid ihr bei uns in\u00a0Priepert genau richtig! Wir organisieren unvergessliche\u00a0Paddeltouren f\u00fcr Schulklassen, Vereine, Jugendgruppen und Unternehmen mitten in der einzigartigen Natur der Mecklenburgischen Seenplatte. Mit\u00a0Kajaks\u00a0und\u00a0Kanadiern\u00a0gehts gemeinsam hinaus zu einem aktiven\u00a0Outdoor-Abenteuer auf dem Wasser -\u00a0 [&hellip;]\" \/>\n<meta property=\"og:url\" content=\"https:\/\/kanatu.de\/en\/gruppentouren\/\" \/>\n<meta property=\"og:site_name\" content=\"Kanatu Priepert\" \/>\n<meta property=\"article:modified_time\" content=\"2026-04-11T19:53:31+00:00\" \/>\n<meta name=\"twitter:card\" content=\"summary_large_image\" \/>\n<meta name=\"twitter:label1\" content=\"Est. reading time\" \/>\n\t<meta name=\"twitter:data1\" content=\"6 minutes\" \/>\n<script type=\"application\/ld+json\" class=\"yoast-schema-graph\">{\"@context\":\"https:\/\/schema.org\",\"@graph\":[{\"@type\":\"WebPage\",\"@id\":\"https:\/\/kanatu.de\/gruppentouren\/\",\"url\":\"https:\/\/kanatu.de\/gruppentouren\/\",\"name\":\"Gruppentouren - Kanatu Priepert\",\"isPartOf\":{\"@id\":\"https:\/\/kanatu.de\/#website\"},\"datePublished\":\"2025-05-15T17:31:23+00:00\",\"dateModified\":\"2026-04-11T19:53:31+00:00\",\"breadcrumb\":{\"@id\":\"https:\/\/kanatu.de\/gruppentouren\/#breadcrumb\"},\"inLanguage\":\"en-US\",\"potentialAction\":[{\"@type\":\"ReadAction\",\"target\":[\"https:\/\/kanatu.de\/gruppentouren\/\"]}]},{\"@type\":\"BreadcrumbList\",\"@id\":\"https:\/\/kanatu.de\/gruppentouren\/#breadcrumb\",\"itemListElement\":[{\"@type\":\"ListItem\",\"position\":1,\"name\":\"Start\",\"item\":\"https:\/\/kanatu.de\/\"},{\"@type\":\"ListItem\",\"position\":2,\"name\":\"Gruppentouren\"}]},{\"@type\":\"WebSite\",\"@id\":\"https:\/\/kanatu.de\/#website\",\"url\":\"https:\/\/kanatu.de\/\",\"name\":\"Kanatu Priepert\",\"description\":\"Entdecke die Mecklenburgische Seenplatte auf dem Wasser!\",\"potentialAction\":[{\"@type\":\"SearchAction\",\"target\":{\"@type\":\"EntryPoint\",\"urlTemplate\":\"https:\/\/kanatu.de\/?s={search_term_string}\"},\"query-input\":{\"@type\":\"PropertyValueSpecification\",\"valueRequired\":true,\"valueName\":\"search_term_string\"}}],\"inLanguage\":\"en-US\"}]}<\/script>\n<!-- \/ Yoast SEO plugin. -->","yoast_head_json":{"title":"Gruppentouren - Kanatu Priepert","robots":{"index":"index","follow":"follow","max-snippet":"max-snippet:-1","max-image-preview":"max-image-preview:large","max-video-preview":"max-video-preview:-1"},"canonical":"https:\/\/kanatu.de\/en\/gruppentouren\/","og_locale":"en_US","og_type":"article","og_title":"Gruppentouren - Kanatu Priepert","og_description":"Unvergessliche Erlebnisse f\u00fcr Gruppen, Klassen und Teams auf der Mecklenburgischen Seenplatte Eure Gruppe\u00a0plant eine\u00a0Kanutour in einer der sch\u00f6nsten Wasserlandschaften Deutschlands? Dann seid ihr bei uns in\u00a0Priepert genau richtig! Wir organisieren unvergessliche\u00a0Paddeltouren f\u00fcr Schulklassen, Vereine, Jugendgruppen und Unternehmen mitten in der einzigartigen Natur der Mecklenburgischen Seenplatte. Mit\u00a0Kajaks\u00a0und\u00a0Kanadiern\u00a0gehts gemeinsam hinaus zu einem aktiven\u00a0Outdoor-Abenteuer auf dem Wasser -\u00a0 [&hellip;]","og_url":"https:\/\/kanatu.de\/en\/gruppentouren\/","og_site_name":"Kanatu Priepert","article_modified_time":"2026-04-11T19:53:31+00:00","twitter_card":"summary_large_image","twitter_misc":{"Est. reading time":"6 minutes"},"schema":{"@context":"https:\/\/schema.org","@graph":[{"@type":"WebPage","@id":"https:\/\/kanatu.de\/gruppentouren\/","url":"https:\/\/kanatu.de\/gruppentouren\/","name":"Gruppentouren - Kanatu Priepert","isPartOf":{"@id":"https:\/\/kanatu.de\/#website"},"datePublished":"2025-05-15T17:31:23+00:00","dateModified":"2026-04-11T19:53:31+00:00","breadcrumb":{"@id":"https:\/\/kanatu.de\/gruppentouren\/#breadcrumb"},"inLanguage":"en-US","potentialAction":[{"@type":"ReadAction","target":["https:\/\/kanatu.de\/gruppentouren\/"]}]},{"@type":"BreadcrumbList","@id":"https:\/\/kanatu.de\/gruppentouren\/#breadcrumb","itemListElement":[{"@type":"ListItem","position":1,"name":"Start","item":"https:\/\/kanatu.de\/"},{"@type":"ListItem","position":2,"name":"Gruppentouren"}]},{"@type":"WebSite","@id":"https:\/\/kanatu.de\/#website","url":"https:\/\/kanatu.de\/","name":"Kanatu Priepert","description":"Entdecke die Mecklenburgische Seenplatte auf dem Wasser!","potentialAction":[{"@type":"SearchAction","target":{"@type":"EntryPoint","urlTemplate":"https:\/\/kanatu.de\/?s={search_term_string}"},"query-input":{"@type":"PropertyValueSpecification","valueRequired":true,"valueName":"search_term_string"}}],"inLanguage":"en-US"}]}},"_links":{"self":[{"href":"https:\/\/kanatu.de\/en\/wp-json\/wp\/v2\/pages\/430","targetHints":{"allow":["GET"]}}],"collection":[{"href":"https:\/\/kanatu.de\/en\/wp-json\/wp\/v2\/pages"}],"about":[{"href":"https:\/\/kanatu.de\/en\/wp-json\/wp\/v2\/types\/page"}],"author":[{"embeddable":true,"href":"https:\/\/kanatu.de\/en\/wp-json\/wp\/v2\/users\/1"}],"replies":[{"embeddable":true,"href":"https:\/\/kanatu.de\/en\/wp-json\/wp\/v2\/comments?post=430"}],"version-history":[{"count":11,"href":"https:\/\/kanatu.de\/en\/wp-json\/wp\/v2\/pages\/430\/revisions"}],"predecessor-version":[{"id":71907,"href":"https:\/\/kanatu.de\/en\/wp-json\/wp\/v2\/pages\/430\/revisions\/71907"}],"wp:attachment":[{"href":"https:\/\/kanatu.de\/en\/wp-json\/wp\/v2\/media?parent=430"}],"curies":[{"name":"wp","href":"https:\/\/api.w.org\/{rel}","templated":true}]}}