{"id":337,"date":"2025-05-03T17:57:48","date_gmt":"2025-05-03T15:57:48","guid":{"rendered":"http:\/\/relaunch.kanatu.de\/?page_id=337"},"modified":"2026-03-26T19:38:01","modified_gmt":"2026-03-26T18:38:01","slug":"nationalpark-2","status":"publish","type":"page","link":"https:\/\/kanatu.de\/en\/nationalpark-2\/","title":{"rendered":"National Park 2"},"content":{"rendered":"<p>[et_pb_section fb_built=&#8220;1&#8243; admin_label=&#8220;Hero&#8220; _builder_version=&#8220;4.17.6&#8243; _module_preset=&#8220;default&#8220; locked=&#8220;off&#8220; collapsed=&#8220;on&#8220; global_colors_info=&#8220;{}&#8220;][et_pb_row column_structure=&#8220;3_5,2_5&#8243; _builder_version=&#8220;4.17.6&#8243; _module_preset=&#8220;5138c454-be54-4233-bd3b-f8e6a8747976&#8243; global_colors_info=&#8220;{}&#8220;][et_pb_column type=&#8220;3_5&#8243; _builder_version=&#8220;4.16&#8243; _module_preset=&#8220;73121f80-a3ef-4484-8763-c3f18e3c56d2&#8243; global_colors_info=&#8220;{}&#8220;][et_pb_heading title=&#8220;M\u00fcritz Nationalpark Rundtour 2&#8243; _builder_version=&#8220;4.27.4&#8243; _module_preset=&#8220;ddeb8c09-9078-4424-bc15-2efb6572e28e&#8220; title_font=&#8220;Arial|Arial_weight|||||||&#8220; title_text_color=&#8220;#fe5000&#8243; title_font_size=&#8220;72px&#8220; title_line_height=&#8220;1.15em&#8220; title_font_size_tablet=&#8220;40px&#8220; title_font_size_phone=&#8220;24px&#8220; title_font_size_last_edited=&#8220;on|phone&#8220; locked=&#8220;off&#8220; global_colors_info=&#8220;{}&#8220;][\/et_pb_heading][\/et_pb_column][et_pb_column type=&#8220;2_5&#8243; _builder_version=&#8220;4.16&#8243; _module_preset=&#8220;73121f80-a3ef-4484-8763-c3f18e3c56d2&#8243; global_colors_info=&#8220;{}&#8220;][et_pb_heading title=&#8220;5 -6 Tage Rundtour durch den M\u00fcritz Nationalpark &#8211; 97 Km&#8220; _builder_version=&#8220;4.27.4&#8243; _module_preset=&#8220;ba4a6336-701f-47b8-bf5c-09da0ce28016&#8243; title_level=&#8220;h3&#8243; title_font=&#8220;Arial|600|||||||&#8220; title_text_color=&#8220;#fe5000&#8243; title_font_size=&#8220;32px&#8220; title_line_height=&#8220;1.3em&#8220; custom_margin=&#8220;||10px||false|false&#8220; title_font_size_tablet=&#8220;22px&#8220; title_font_size_phone=&#8220;17px&#8220; title_font_size_last_edited=&#8220;on|phone&#8220; locked=&#8220;off&#8220; global_colors_info=&#8220;{}&#8220;][\/et_pb_heading][et_pb_text quote_border_color=&#8220;#0d21a1&#8243; _builder_version=&#8220;4.27.4&#8243; _module_preset=&#8220;2c55a9c4-feed-423b-9edb-ae0b5b365cac&#8220; text_font=&#8220;Arial|Arial_weight|||||||&#8220; text_text_color=&#8220;#000000&#8243; text_line_height=&#8220;1.75em&#8220; link_font=&#8220;|Arial_weight|||||||&#8220; link_text_color=&#8220;#011638&#8243; quote_font=&#8220;Arial|Arial_weight|||||||&#8220; quote_text_color=&#8220;#2d932f&#8220; header_font=&#8220;Arial|Arial_weight|||||||&#8220; header_text_color=&#8220;#2d932f&#8220; header_font_size=&#8220;72px&#8220; header_line_height=&#8220;1.15em&#8220; header_2_font=&#8220;Arial|Arial_weight|||||||&#8220; header_2_text_color=&#8220;#2d932f&#8220; header_2_font_size=&#8220;50px&#8220; header_2_line_height=&#8220;1.2em&#8220; header_3_font=&#8220;Arial|Arial_weight|||||||&#8220; header_3_text_color=&#8220;#2d932f&#8220; header_3_font_size=&#8220;32px&#8220; header_3_line_height=&#8220;1.3em&#8220; header_4_font=&#8220;Arial|Arial_weight|||||||&#8220; header_4_text_color=&#8220;#2d932f&#8220; header_4_font_size=&#8220;24px&#8220; header_4_line_height=&#8220;1.4em&#8220; header_5_font=&#8220;Arial|Arial_weight|||||||&#8220; header_5_text_color=&#8220;#2d932f&#8220; header_5_font_size=&#8220;18px&#8220; header_5_line_height=&#8220;1.4em&#8220; header_6_font=&#8220;Arial|Arial_weight|||||||&#8220; header_6_text_color=&#8220;#2d932f&#8220; header_6_line_height=&#8220;1.5em&#8220; custom_margin=&#8220;||||false|false&#8220; hover_enabled=&#8220;0&#8243; text_font_size_tablet=&#8220;15px&#8220; text_font_size_phone=&#8220;14px&#8220; text_font_size_last_edited=&#8220;on|phone&#8220; header_font_size_tablet=&#8220;40px&#8220; header_font_size_phone=&#8220;24px&#8220; header_font_size_last_edited=&#8220;on|desktop&#8220; header_2_font_size_tablet=&#8220;28px&#8220; header_2_font_size_phone=&#8220;20px&#8220; header_2_font_size_last_edited=&#8220;on|phone&#8220; header_3_font_size_tablet=&#8220;22px&#8220; header_3_font_size_phone=&#8220;17px&#8220; header_3_font_size_last_edited=&#8220;on|phone&#8220; header_4_font_size_tablet=&#8220;18px&#8220; header_4_font_size_phone=&#8220;15px&#8220; header_4_font_size_last_edited=&#8220;on|tablet&#8220; header_5_font_size_tablet=&#8220;15px&#8220; header_5_font_size_phone=&#8220;14px&#8220; header_5_font_size_last_edited=&#8220;on|desktop&#8220; header_6_font_size_tablet=&#8220;13px&#8220; header_6_font_size_phone=&#8220;13px&#8220; header_6_font_size_last_edited=&#8220;on|desktop&#8220; locked=&#8220;off&#8220; global_colors_info=&#8220;{}&#8220; sticky_enabled=&#8220;0&#8243;]<\/p>\n<p>Erlebe die unber\u00fchrte Sch\u00f6nheit der <strong>Mecklenburgischen Seenplatte<\/strong> bei einer Paddeltour durch den <strong>Nationalpark<\/strong>. Klare Seen, stille Buchten, artenreiche Tierwelt \u2013 nirgends ist die Wasser- und Waldlandschaft so einzigartig wie hier! Die Tour f\u00fchrt durch gesch\u00fctzte Gebiete des <strong>M\u00fcritz-Nationalpark<\/strong>, eines der gr\u00f6\u00dften Naturschutzgebiete Deutschlands, wo Natur noch urspr\u00fcnglich sein darf.<\/p>\n<p>[\/et_pb_text][\/et_pb_column][\/et_pb_row][et_pb_row column_structure=&#8220;1_2,1_2&#8243; _builder_version=&#8220;4.17.6&#8243; _module_preset=&#8220;5138c454-be54-4233-bd3b-f8e6a8747976&#8243; global_colors_info=&#8220;{}&#8220;][et_pb_column type=&#8220;1_2&#8243; _builder_version=&#8220;4.16&#8243; _module_preset=&#8220;73121f80-a3ef-4484-8763-c3f18e3c56d2&#8243; global_colors_info=&#8220;{}&#8220;][et_pb_image src=&#8220;https:\/\/kanatu.de\/wp-content\/uploads\/2025\/12\/1er-Kajak-ausstattungspaket-dicht.png&#8220; title_text=&#8220;1er Kajak ausstattungspaket dicht&#8220; _builder_version=&#8220;4.27.4&#8243; _module_preset=&#8220;6ed8fd5c-62c5-4100-98c3-7b8b6d2c2ee6&#8243; border_radii=&#8220;on|6px|6px|6px|6px&#8220; box_shadow_style=&#8220;preset4&#8243; box_shadow_horizontal=&#8220;0px&#8220; box_shadow_vertical=&#8220;24px&#8220; box_shadow_blur=&#8220;72px&#8220; box_shadow_spread=&#8220;-12px&#8220; box_shadow_color=&#8220;rgba(0,0,0,0.12)&#8220; global_colors_info=&#8220;{}&#8220;][\/et_pb_image][\/et_pb_column][et_pb_column type=&#8220;1_2&#8243; _builder_version=&#8220;4.16&#8243; _module_preset=&#8220;73121f80-a3ef-4484-8763-c3f18e3c56d2&#8243; global_colors_info=&#8220;{}&#8220;][et_pb_text _builder_version=&#8220;4.27.4&#8243; _module_preset=&#8220;default&#8220; header_3_font=&#8220;|600|||||||&#8220; header_3_text_color=&#8220;#fe5000&#8243; header_3_line_height=&#8220;1.2em&#8220; global_colors_info=&#8220;{}&#8220;]<\/p>\n<h3 class=\"u-align-left u-text u-text-palette-2-base u-text-3\">Ausgangspunkt ist der Kanuverleih Kanatu in Priepert<\/h3>\n<ul class=\"u-align-left u-text u-text-4\">\n<li>Speisem\u00f6glichkeit im Restaurant\u00a0Zum Yachthafen in Priepert<\/li>\n<li>Feste Unterkunft auf dem Campingplatz Havelperle<\/li>\n<li>Feste Unterkunft in der Ferienwohnung Kanatu in Priepert<\/li>\n<li>Campingm\u00f6glichkeit auf dem Campingplatz Havelperle<\/li>\n<li>Imbiss und Kiosk auf dem Campingplatz Havelperle und im Yachthafen Priepert<\/li>\n<\/ul>\n<p>[\/et_pb_text][et_pb_text _builder_version=&#8220;4.27.4&#8243; _module_preset=&#8220;default&#8220; header_3_font=&#8220;|600|||||||&#8220; header_3_text_color=&#8220;#fe5000&#8243; header_3_line_height=&#8220;1.2em&#8220; global_colors_info=&#8220;{}&#8220;]<\/p>\n<h3 class=\"u-align-left u-text u-text-palette-2-base u-text-5\">Rast- und Speisem\u00f6glichkeiten w\u00e4hrend der Kanutour<\/h3>\n<ul class=\"u-align-left u-text u-text-6\">\n<li>Fischer in Ahrensberg<\/li>\n<li>Ferienpark Wangnitzsee<\/li>\n<li>Wesenberg<\/li>\n<li>Userin<\/li>\n<li>Blankenf\u00f6rde<\/li>\n<li>An der Umtragestelle Fleether M\u00fchle<\/li>\n<li>Mirow<\/li>\n<li>Granzow<\/li>\n<li>Pension Waldlust in Wustrow<\/li>\n<li>Hotel Johannesruh \u00fcber Kanufarm<\/li>\n<li>Fischer an der Bolter Schleuse<\/li>\n<li>Leppinsee<\/li>\n<li>An der Umtragestelle Fleether M\u00fchle<\/li>\n<li>Hotel Johannesruh \u00fcber Kanufarm<\/li>\n<li>Pension Waldlust in Wustrow<\/li>\n<li>Restaurant Kamin in Wustrow<\/li>\n<\/ul>\n<p>[\/et_pb_text][\/et_pb_column][\/et_pb_row][\/et_pb_section][et_pb_section fb_built=&#8220;1&#8243; admin_label=&#8220;Text &#038; Image&#8220; _builder_version=&#8220;4.27.4&#8243; _module_preset=&#8220;default&#8220; custom_margin=&#8220;0px||||false|false&#8220; custom_margin_tablet=&#8220;-125px||||false|false&#8220; custom_margin_phone=&#8220;-125px||||false|false&#8220; custom_margin_last_edited=&#8220;on|phone&#8220; locked=&#8220;off&#8220; collapsed=&#8220;on&#8220; global_colors_info=&#8220;{}&#8220;][et_pb_row column_structure=&#8220;1_2,1_2&#8243; _builder_version=&#8220;4.17.6&#8243; _module_preset=&#8220;5138c454-be54-4233-bd3b-f8e6a8747976&#8243; global_colors_info=&#8220;{}&#8220;][et_pb_column type=&#8220;1_2&#8243; _builder_version=&#8220;4.16&#8243; _module_preset=&#8220;73121f80-a3ef-4484-8763-c3f18e3c56d2&#8243; global_colors_info=&#8220;{}&#8220;][et_pb_text quote_border_color=&#8220;#0d21a1&#8243; _builder_version=&#8220;4.27.4&#8243; _module_preset=&#8220;2c55a9c4-feed-423b-9edb-ae0b5b365cac&#8220; text_font=&#8220;Arial|Arial_weight|||||||&#8220; text_text_color=&#8220;#000000&#8243; text_line_height=&#8220;1.75em&#8220; link_font=&#8220;|Arial_weight|||||||&#8220; link_text_color=&#8220;#011638&#8243; quote_font=&#8220;Arial|Arial_weight|||||||&#8220; quote_text_color=&#8220;#2d932f&#8220; header_font=&#8220;Arial|Arial_weight|||||||&#8220; header_text_color=&#8220;#2d932f&#8220; header_font_size=&#8220;72px&#8220; header_line_height=&#8220;1.15em&#8220; header_2_font=&#8220;Arial|Arial_weight|||||||&#8220; header_2_text_color=&#8220;#2d932f&#8220; header_2_font_size=&#8220;50px&#8220; header_2_line_height=&#8220;1.2em&#8220; header_3_font=&#8220;Arial|Arial_weight|||||||&#8220; header_3_text_color=&#8220;#fe5000&#8243; header_3_font_size=&#8220;32px&#8220; header_3_line_height=&#8220;1.3em&#8220; header_4_font=&#8220;Arial|Arial_weight|||||||&#8220; header_4_text_color=&#8220;#2d932f&#8220; header_4_font_size=&#8220;24px&#8220; header_4_line_height=&#8220;1.4em&#8220; header_5_font=&#8220;Arial|Arial_weight|||||||&#8220; header_5_text_color=&#8220;#2d932f&#8220; header_5_font_size=&#8220;18px&#8220; header_5_line_height=&#8220;1.4em&#8220; header_6_font=&#8220;Arial|Arial_weight|||||||&#8220; header_6_text_color=&#8220;#2d932f&#8220; header_6_line_height=&#8220;1.5em&#8220; custom_margin=&#8220;||||false|false&#8220; text_font_size_tablet=&#8220;15px&#8220; text_font_size_phone=&#8220;14px&#8220; text_font_size_last_edited=&#8220;on|phone&#8220; header_font_size_tablet=&#8220;40px&#8220; header_font_size_phone=&#8220;24px&#8220; header_font_size_last_edited=&#8220;on|desktop&#8220; header_2_font_size_tablet=&#8220;28px&#8220; header_2_font_size_phone=&#8220;20px&#8220; header_2_font_size_last_edited=&#8220;on|phone&#8220; header_3_font_size_tablet=&#8220;22px&#8220; header_3_font_size_phone=&#8220;17px&#8220; header_3_font_size_last_edited=&#8220;on|phone&#8220; header_4_font_size_tablet=&#8220;18px&#8220; header_4_font_size_phone=&#8220;15px&#8220; header_4_font_size_last_edited=&#8220;on|tablet&#8220; header_5_font_size_tablet=&#8220;15px&#8220; header_5_font_size_phone=&#8220;14px&#8220; header_5_font_size_last_edited=&#8220;on|desktop&#8220; header_6_font_size_tablet=&#8220;13px&#8220; header_6_font_size_phone=&#8220;13px&#8220; header_6_font_size_last_edited=&#8220;on|desktop&#8220; global_colors_info=&#8220;{}&#8220;]<\/p>\n<h3 class=\"u-align-left u-text u-text-palette-2-base u-text-7\">Campingm\u00f6glichkeiten w\u00e4hrend der Tour<\/h3>\n<ul class=\"u-align-left u-text u-text-8\">\n<li>Am Wangnitzsee<\/li>\n<li>Am Drewensee bei Ahrensberg<\/li>\n<li>Am Hafen in Wesenberg<\/li>\n<li>Am Woblitzsee<\/li>\n<li>Am Gro\u00dfen Labussee bei Zwenzow\u00a0<\/li>\n<li>Am Kleinen Labussee<\/li>\n<li>Am Useriner See bei Userin<\/li>\n<li>Am Jamelsee bei Blankenf\u00f6rde<\/li>\n<li>Am Leppinsee bei Schillersdorf<\/li>\n<li>Am Granzower M\u00f6schen in Granzow<\/li>\n<li>Am Mirower See bei Mirow<\/li>\n<li>Am M\u00f6ssensee<\/li>\n<\/ul>\n<p>&nbsp;<\/p>\n<p>[\/et_pb_text][et_pb_text quote_border_color=&#8220;#0d21a1&#8243; _builder_version=&#8220;4.27.4&#8243; _module_preset=&#8220;2c55a9c4-feed-423b-9edb-ae0b5b365cac&#8220; text_font=&#8220;Arial|Arial_weight|||||||&#8220; text_text_color=&#8220;#000000&#8243; text_line_height=&#8220;1.75em&#8220; link_font=&#8220;|Arial_weight|||||||&#8220; link_text_color=&#8220;#011638&#8243; quote_font=&#8220;Arial|Arial_weight|||||||&#8220; quote_text_color=&#8220;#2d932f&#8220; header_font=&#8220;Arial|Arial_weight|||||||&#8220; header_text_color=&#8220;#2d932f&#8220; header_font_size=&#8220;72px&#8220; header_line_height=&#8220;1.15em&#8220; header_2_font=&#8220;Arial|Arial_weight|||||||&#8220; header_2_text_color=&#8220;#2d932f&#8220; header_2_font_size=&#8220;50px&#8220; header_2_line_height=&#8220;1.2em&#8220; header_3_font=&#8220;Arial|Arial_weight|||||||&#8220; header_3_text_color=&#8220;#fe5000&#8243; header_3_font_size=&#8220;32px&#8220; header_3_line_height=&#8220;1.3em&#8220; header_4_font=&#8220;Arial|Arial_weight|||||||&#8220; header_4_text_color=&#8220;#2d932f&#8220; header_4_font_size=&#8220;24px&#8220; header_4_line_height=&#8220;1.4em&#8220; header_5_font=&#8220;Arial|Arial_weight|||||||&#8220; header_5_text_color=&#8220;#2d932f&#8220; header_5_font_size=&#8220;18px&#8220; header_5_line_height=&#8220;1.4em&#8220; header_6_font=&#8220;Arial|Arial_weight|||||||&#8220; header_6_text_color=&#8220;#2d932f&#8220; header_6_line_height=&#8220;1.5em&#8220; custom_margin=&#8220;||||false|false&#8220; text_font_size_tablet=&#8220;15px&#8220; text_font_size_phone=&#8220;14px&#8220; text_font_size_last_edited=&#8220;on|phone&#8220; header_font_size_tablet=&#8220;40px&#8220; header_font_size_phone=&#8220;24px&#8220; header_font_size_last_edited=&#8220;on|desktop&#8220; header_2_font_size_tablet=&#8220;28px&#8220; header_2_font_size_phone=&#8220;20px&#8220; header_2_font_size_last_edited=&#8220;on|phone&#8220; header_3_font_size_tablet=&#8220;22px&#8220; header_3_font_size_phone=&#8220;17px&#8220; header_3_font_size_last_edited=&#8220;on|phone&#8220; header_4_font_size_tablet=&#8220;18px&#8220; header_4_font_size_phone=&#8220;15px&#8220; header_4_font_size_last_edited=&#8220;on|tablet&#8220; header_5_font_size_tablet=&#8220;15px&#8220; header_5_font_size_phone=&#8220;14px&#8220; header_5_font_size_last_edited=&#8220;on|desktop&#8220; header_6_font_size_tablet=&#8220;13px&#8220; header_6_font_size_phone=&#8220;13px&#8220; header_6_font_size_last_edited=&#8220;on|desktop&#8220; global_colors_info=&#8220;{}&#8220;]<\/p>\n<h3 class=\"u-align-center u-text u-text-palette-2-base u-text-1\">Feste Unterk\u00fcnfte w\u00e4hrend der Tour<\/h3>\n<ul class=\"u-align-left u-text u-text-8\">\n<li>Pension Radlhus in Wesenberg<\/li>\n<li>Ferienanlage Ihr Familienpark am Kleinen Labussee<\/li>\n<li>Pension Fischerhaus am G\u00f6rtowsee bei Blankenf\u00f6rde<\/li>\n<li>Hotel und Restaurant Alte Schlossbrauerei in Mirow<\/li>\n<li>Pension Biber Ferienhof in Diemitz<\/li>\n<li>Hotel Johannesruh \u00fcber Kanufarm<\/li>\n<\/ul>\n<p>[\/et_pb_text][\/et_pb_column][et_pb_column type=&#8220;1_2&#8243; _builder_version=&#8220;4.16&#8243; _module_preset=&#8220;73121f80-a3ef-4484-8763-c3f18e3c56d2&#8243; global_colors_info=&#8220;{}&#8220;][et_pb_text _builder_version=&#8220;4.27.4&#8243; _module_preset=&#8220;default&#8220; global_colors_info=&#8220;{}&#8220;]<iframe loading=\"lazy\" src=\"https:\/\/www.google.com\/maps\/d\/embed?mid=1fSHnzhKfJkRWvLv6oqrWdjYpi-E&#038;hl=de&#038;ehbc=2E312F\" width=\"640\" height=\"480\"><\/iframe>[\/et_pb_text][\/et_pb_column][\/et_pb_row][\/et_pb_section][et_pb_section fb_built=&#8220;1&#8243; admin_label=&#8220;Call to Action&#8220; _builder_version=&#8220;4.24.2&#8243; _module_preset=&#8220;default&#8220; background_color=&#8220;#011638&#8243; custom_padding=&#8220;10px||10px||true|false&#8220; locked=&#8220;off&#8220; collapsed=&#8220;on&#8220; global_colors_info=&#8220;{%22#011638%22:%91%22background_color%22%93}&#8220;][et_pb_row column_structure=&#8220;2_3,1_3&#8243; _builder_version=&#8220;4.24.2&#8243; _module_preset=&#8220;5138c454-be54-4233-bd3b-f8e6a8747976&#8243; global_colors_info=&#8220;{}&#8220;][et_pb_column type=&#8220;2_3&#8243; _builder_version=&#8220;4.18.0&#8243; _module_preset=&#8220;73121f80-a3ef-4484-8763-c3f18e3c56d2&#8243; global_colors_info=&#8220;{}&#8220;][et_pb_blurb title=&#8220;Buche deine unvergessliche Tour&#8220; use_icon=&#8220;on&#8220; font_icon=&#8220;&#xf061;||fa||900&#8243; icon_color=&#8220;#FFFFFF&#8220; icon_placement=&#8220;left&#8220; image_icon_width=&#8220;40px&#8220; content_max_width=&#8220;100%&#8220; _builder_version=&#8220;4.27.4&#8243; _module_preset=&#8220;ca79a742-981f-479f-a8a2-3a0292efaff0&#8243; header_font=&#8220;Arial|Arial_weight|||||||&#8220; header_text_color=&#8220;#FFFFFF&#8220; header_font_size=&#8220;18px&#8220; header_line_height=&#8220;1.4em&#8220; body_font=&#8220;Arial|Arial_weight|||||||&#8220; body_text_color=&#8220;#FFFFFF&#8220; body_font_size=&#8220;16px&#8220; body_line_height=&#8220;1.75em&#8220; body_link_font=&#8220;||||on||||&#8220; body_link_text_color=&#8220;#FFFFFF&#8220; body_link_font_size=&#8220;14px&#8220; background_mask_style=&#8220;arch&#8220; animation=&#8220;off&#8220; header_font_size_tablet=&#8220;15px&#8220; header_font_size_phone=&#8220;14px&#8220; header_font_size_last_edited=&#8220;on|phone&#8220; body_font_size_tablet=&#8220;15px&#8220; body_font_size_phone=&#8220;14px&#8220; body_font_size_last_edited=&#8220;on|desktop&#8220; border_radii_image=&#8220;on|6px|6px|6px|6px&#8220; global_colors_info=&#8220;{%22gcid-f2943306-fa6c-45f0-b632-5fc00151366a%22:%91%22button_text_color%22%93,%22gcid-36fd78a7-34bc-404d-873c-dafa34efaae5%22:%91%22button_text_color%22%93}&#8220;]<\/p>\n<p>Entdecke die einzigartige Natur der <strong><span class=\"hover:entity-accent entity-underline inline cursor-pointer align-baseline\"><span class=\"whitespace-normal\">Mecklenburgische Seenplatte<\/span><\/span><\/strong> vom Wasser aus! Buche jetzt dein Wunschboot f\u00fcr deine Tour durch den <strong>M\u00fcritz Nationalpark<\/strong>\u00a0und erlebe ein unvergessliches Abenteuer.<\/p>\n<p>[\/et_pb_blurb][\/et_pb_column][et_pb_column type=&#8220;1_3&#8243; _builder_version=&#8220;4.18.0&#8243; _module_preset=&#8220;73121f80-a3ef-4484-8763-c3f18e3c56d2&#8243; global_colors_info=&#8220;{}&#8220;][et_pb_button button_url=&#8220;https:\/\/kanatu.de\/vermietung\/&#8220; button_text=&#8220;Jetzt buchen&#8220; button_alignment=&#8220;right&#8220; button_alignment_tablet=&#8220;left&#8220; button_alignment_phone=&#8220;left&#8220; button_alignment_last_edited=&#8220;on|tablet&#8220; _builder_version=&#8220;4.27.4&#8243; _module_preset=&#8220;ab15fb74-61a3-43aa-96b3-41e09aeef654&#8243; custom_button=&#8220;on&#8220; button_text_size=&#8220;14px&#8220; button_text_color=&#8220;#0d21a1&#8243; button_bg_color=&#8220;#FFFFFF&#8220; button_border_width=&#8220;0px&#8220; button_border_radius=&#8220;100px&#8220; button_font=&#8220;Arial|700|||||||&#8220; custom_padding=&#8220;12px|24px|12px|24px|true|true&#8220; locked=&#8220;off&#8220; global_colors_info=&#8220;{%22#0d21a1%22:%91%22button_text_color%22%93}&#8220;][\/et_pb_button][\/et_pb_column][\/et_pb_row][\/et_pb_section]<\/p>\n","protected":false},"excerpt":{"rendered":"<p>Erlebe die unber\u00fchrte Sch\u00f6nheit der Mecklenburgischen Seenplatte bei einer Paddeltour durch den Nationalpark. Klare Seen, stille Buchten, artenreiche Tierwelt \u2013 nirgends ist die Wasser- und Waldlandschaft so einzigartig wie hier! Die Tour f\u00fchrt durch gesch\u00fctzte Gebiete des M\u00fcritz-Nationalpark, eines der gr\u00f6\u00dften Naturschutzgebiete Deutschlands, wo Natur noch urspr\u00fcnglich sein darf.Ausgangspunkt ist der Kanuverleih Kanatu in Priepert [&hellip;]<\/p>\n","protected":false},"author":1,"featured_media":0,"parent":0,"menu_order":0,"comment_status":"closed","ping_status":"closed","template":"","meta":{"_et_pb_use_builder":"on","_et_pb_old_content":"","_et_gb_content_width":"","footnotes":""},"class_list":["post-337","page","type-page","status-publish","hentry"],"yoast_head":"<!-- This site is optimized with the Yoast SEO plugin v27.1.1 - https:\/\/yoast.com\/product\/yoast-seo-wordpress\/ -->\n<title>Nationalpark 2 - Kanatu Priepert<\/title>\n<meta name=\"robots\" content=\"index, follow, max-snippet:-1, max-image-preview:large, max-video-preview:-1\" \/>\n<link rel=\"canonical\" href=\"https:\/\/kanatu.de\/en\/nationalpark-2\/\" \/>\n<meta property=\"og:locale\" content=\"en_US\" \/>\n<meta property=\"og:type\" content=\"article\" \/>\n<meta property=\"og:title\" content=\"Nationalpark 2 - Kanatu Priepert\" \/>\n<meta property=\"og:description\" content=\"Erlebe die unber\u00fchrte Sch\u00f6nheit der Mecklenburgischen Seenplatte bei einer Paddeltour durch den Nationalpark. Klare Seen, stille Buchten, artenreiche Tierwelt \u2013 nirgends ist die Wasser- und Waldlandschaft so einzigartig wie hier! Die Tour f\u00fchrt durch gesch\u00fctzte Gebiete des M\u00fcritz-Nationalpark, eines der gr\u00f6\u00dften Naturschutzgebiete Deutschlands, wo Natur noch urspr\u00fcnglich sein darf.Ausgangspunkt ist der Kanuverleih Kanatu in Priepert [&hellip;]\" \/>\n<meta property=\"og:url\" content=\"https:\/\/kanatu.de\/en\/nationalpark-2\/\" \/>\n<meta property=\"og:site_name\" content=\"Kanatu Priepert\" \/>\n<meta property=\"article:modified_time\" content=\"2026-03-26T18:38:01+00:00\" \/>\n<meta name=\"twitter:card\" content=\"summary_large_image\" \/>\n<meta name=\"twitter:label1\" content=\"Est. reading time\" \/>\n\t<meta name=\"twitter:data1\" content=\"10 minutes\" \/>\n<script type=\"application\/ld+json\" class=\"yoast-schema-graph\">{\"@context\":\"https:\/\/schema.org\",\"@graph\":[{\"@type\":\"WebPage\",\"@id\":\"https:\/\/kanatu.de\/nationalpark-2\/\",\"url\":\"https:\/\/kanatu.de\/nationalpark-2\/\",\"name\":\"Nationalpark 2 - Kanatu Priepert\",\"isPartOf\":{\"@id\":\"https:\/\/kanatu.de\/#website\"},\"datePublished\":\"2025-05-03T15:57:48+00:00\",\"dateModified\":\"2026-03-26T18:38:01+00:00\",\"breadcrumb\":{\"@id\":\"https:\/\/kanatu.de\/nationalpark-2\/#breadcrumb\"},\"inLanguage\":\"en-US\",\"potentialAction\":[{\"@type\":\"ReadAction\",\"target\":[\"https:\/\/kanatu.de\/nationalpark-2\/\"]}]},{\"@type\":\"BreadcrumbList\",\"@id\":\"https:\/\/kanatu.de\/nationalpark-2\/#breadcrumb\",\"itemListElement\":[{\"@type\":\"ListItem\",\"position\":1,\"name\":\"Start\",\"item\":\"https:\/\/kanatu.de\/\"},{\"@type\":\"ListItem\",\"position\":2,\"name\":\"Nationalpark 2\"}]},{\"@type\":\"WebSite\",\"@id\":\"https:\/\/kanatu.de\/#website\",\"url\":\"https:\/\/kanatu.de\/\",\"name\":\"Kanatu Priepert\",\"description\":\"Entdecke die Mecklenburgische Seenplatte auf dem Wasser!\",\"potentialAction\":[{\"@type\":\"SearchAction\",\"target\":{\"@type\":\"EntryPoint\",\"urlTemplate\":\"https:\/\/kanatu.de\/?s={search_term_string}\"},\"query-input\":{\"@type\":\"PropertyValueSpecification\",\"valueRequired\":true,\"valueName\":\"search_term_string\"}}],\"inLanguage\":\"en-US\"}]}<\/script>\n<!-- \/ Yoast SEO plugin. -->","yoast_head_json":{"title":"Nationalpark 2 - Kanatu Priepert","robots":{"index":"index","follow":"follow","max-snippet":"max-snippet:-1","max-image-preview":"max-image-preview:large","max-video-preview":"max-video-preview:-1"},"canonical":"https:\/\/kanatu.de\/en\/nationalpark-2\/","og_locale":"en_US","og_type":"article","og_title":"Nationalpark 2 - Kanatu Priepert","og_description":"Erlebe die unber\u00fchrte Sch\u00f6nheit der Mecklenburgischen Seenplatte bei einer Paddeltour durch den Nationalpark. Klare Seen, stille Buchten, artenreiche Tierwelt \u2013 nirgends ist die Wasser- und Waldlandschaft so einzigartig wie hier! Die Tour f\u00fchrt durch gesch\u00fctzte Gebiete des M\u00fcritz-Nationalpark, eines der gr\u00f6\u00dften Naturschutzgebiete Deutschlands, wo Natur noch urspr\u00fcnglich sein darf.Ausgangspunkt ist der Kanuverleih Kanatu in Priepert [&hellip;]","og_url":"https:\/\/kanatu.de\/en\/nationalpark-2\/","og_site_name":"Kanatu Priepert","article_modified_time":"2026-03-26T18:38:01+00:00","twitter_card":"summary_large_image","twitter_misc":{"Est. reading time":"10 minutes"},"schema":{"@context":"https:\/\/schema.org","@graph":[{"@type":"WebPage","@id":"https:\/\/kanatu.de\/nationalpark-2\/","url":"https:\/\/kanatu.de\/nationalpark-2\/","name":"Nationalpark 2 - Kanatu Priepert","isPartOf":{"@id":"https:\/\/kanatu.de\/#website"},"datePublished":"2025-05-03T15:57:48+00:00","dateModified":"2026-03-26T18:38:01+00:00","breadcrumb":{"@id":"https:\/\/kanatu.de\/nationalpark-2\/#breadcrumb"},"inLanguage":"en-US","potentialAction":[{"@type":"ReadAction","target":["https:\/\/kanatu.de\/nationalpark-2\/"]}]},{"@type":"BreadcrumbList","@id":"https:\/\/kanatu.de\/nationalpark-2\/#breadcrumb","itemListElement":[{"@type":"ListItem","position":1,"name":"Start","item":"https:\/\/kanatu.de\/"},{"@type":"ListItem","position":2,"name":"Nationalpark 2"}]},{"@type":"WebSite","@id":"https:\/\/kanatu.de\/#website","url":"https:\/\/kanatu.de\/","name":"Kanatu Priepert","description":"Entdecke die Mecklenburgische Seenplatte auf dem Wasser!","potentialAction":[{"@type":"SearchAction","target":{"@type":"EntryPoint","urlTemplate":"https:\/\/kanatu.de\/?s={search_term_string}"},"query-input":{"@type":"PropertyValueSpecification","valueRequired":true,"valueName":"search_term_string"}}],"inLanguage":"en-US"}]}},"_links":{"self":[{"href":"https:\/\/kanatu.de\/en\/wp-json\/wp\/v2\/pages\/337","targetHints":{"allow":["GET"]}}],"collection":[{"href":"https:\/\/kanatu.de\/en\/wp-json\/wp\/v2\/pages"}],"about":[{"href":"https:\/\/kanatu.de\/en\/wp-json\/wp\/v2\/types\/page"}],"author":[{"embeddable":true,"href":"https:\/\/kanatu.de\/en\/wp-json\/wp\/v2\/users\/1"}],"replies":[{"embeddable":true,"href":"https:\/\/kanatu.de\/en\/wp-json\/wp\/v2\/comments?post=337"}],"version-history":[{"count":8,"href":"https:\/\/kanatu.de\/en\/wp-json\/wp\/v2\/pages\/337\/revisions"}],"predecessor-version":[{"id":71847,"href":"https:\/\/kanatu.de\/en\/wp-json\/wp\/v2\/pages\/337\/revisions\/71847"}],"wp:attachment":[{"href":"https:\/\/kanatu.de\/en\/wp-json\/wp\/v2\/media?parent=337"}],"curies":[{"name":"wp","href":"https:\/\/api.w.org\/{rel}","templated":true}]}}