{"id":315,"date":"2025-05-03T17:23:04","date_gmt":"2025-05-03T15:23:04","guid":{"rendered":"http:\/\/relaunch.kanatu.de\/?page_id=315"},"modified":"2026-03-14T08:58:40","modified_gmt":"2026-03-14T07:58:40","slug":"rheinsberg","status":"publish","type":"page","link":"https:\/\/kanatu.de\/en\/rheinsberg\/","title":{"rendered":"Rheinsberg"},"content":{"rendered":"<p>[et_pb_section fb_built=&#8220;1&#8243; admin_label=&#8220;Hero&#8220; _builder_version=&#8220;4.17.6&#8243; _module_preset=&#8220;default&#8220; locked=&#8220;off&#8220; collapsed=&#8220;on&#8220; global_colors_info=&#8220;{}&#8220;][et_pb_row column_structure=&#8220;3_5,2_5&#8243; _builder_version=&#8220;4.17.6&#8243; _module_preset=&#8220;5138c454-be54-4233-bd3b-f8e6a8747976&#8243; global_colors_info=&#8220;{}&#8220;][et_pb_column type=&#8220;3_5&#8243; _builder_version=&#8220;4.16&#8243; _module_preset=&#8220;73121f80-a3ef-4484-8763-c3f18e3c56d2&#8243; global_colors_info=&#8220;{}&#8220;][et_pb_heading title=&#8220;Unvergessliche Wasserabenteuer nach Rheinsberg&#8220; _builder_version=&#8220;4.27.4&#8243; _module_preset=&#8220;ddeb8c09-9078-4424-bc15-2efb6572e28e&#8220; title_font=&#8220;Arial|Arial_weight|||||||&#8220; title_text_color=&#8220;#fe5000&#8243; title_font_size=&#8220;72px&#8220; title_line_height=&#8220;1.15em&#8220; title_font_size_tablet=&#8220;40px&#8220; title_font_size_phone=&#8220;24px&#8220; title_font_size_last_edited=&#8220;on|phone&#8220; locked=&#8220;off&#8220; global_colors_info=&#8220;{}&#8220;][\/et_pb_heading][\/et_pb_column][et_pb_column type=&#8220;2_5&#8243; _builder_version=&#8220;4.16&#8243; _module_preset=&#8220;73121f80-a3ef-4484-8763-c3f18e3c56d2&#8243; global_colors_info=&#8220;{}&#8220;][et_pb_heading title=&#8220;Tour 2-3 Tage nach Rheinsberg &#8211; eine 21 Km Strecke  &#8220; _builder_version=&#8220;4.27.4&#8243; _module_preset=&#8220;ba4a6336-701f-47b8-bf5c-09da0ce28016&#8243; title_level=&#8220;h3&#8243; title_font=&#8220;Arial|600|||||||&#8220; title_text_color=&#8220;#fe5000&#8243; title_font_size=&#8220;32px&#8220; title_line_height=&#8220;1.3em&#8220; custom_margin=&#8220;||10px||false|false&#8220; title_font_size_tablet=&#8220;22px&#8220; title_font_size_phone=&#8220;17px&#8220; title_font_size_last_edited=&#8220;on|phone&#8220; locked=&#8220;off&#8220; global_colors_info=&#8220;{}&#8220;][\/et_pb_heading][et_pb_text quote_border_color=&#8220;#0d21a1&#8243; _builder_version=&#8220;4.27.4&#8243; _module_preset=&#8220;2c55a9c4-feed-423b-9edb-ae0b5b365cac&#8220; text_font=&#8220;Arial|Arial_weight|||||||&#8220; text_text_color=&#8220;#000000&#8243; text_line_height=&#8220;1.75em&#8220; link_font=&#8220;|Arial_weight|||||||&#8220; link_text_color=&#8220;#011638&#8243; quote_font=&#8220;Arial|Arial_weight|||||||&#8220; quote_text_color=&#8220;#2d932f&#8220; header_font=&#8220;Arial|Arial_weight|||||||&#8220; header_text_color=&#8220;#2d932f&#8220; header_font_size=&#8220;72px&#8220; header_line_height=&#8220;1.15em&#8220; header_2_font=&#8220;Arial|Arial_weight|||||||&#8220; header_2_text_color=&#8220;#2d932f&#8220; header_2_font_size=&#8220;50px&#8220; header_2_line_height=&#8220;1.2em&#8220; header_3_font=&#8220;Arial|Arial_weight|||||||&#8220; header_3_text_color=&#8220;#2d932f&#8220; header_3_font_size=&#8220;32px&#8220; header_3_line_height=&#8220;1.3em&#8220; header_4_font=&#8220;Arial|Arial_weight|||||||&#8220; header_4_text_color=&#8220;#2d932f&#8220; header_4_font_size=&#8220;24px&#8220; header_4_line_height=&#8220;1.4em&#8220; header_5_font=&#8220;Arial|Arial_weight|||||||&#8220; header_5_text_color=&#8220;#2d932f&#8220; header_5_font_size=&#8220;18px&#8220; header_5_line_height=&#8220;1.4em&#8220; header_6_font=&#8220;Arial|Arial_weight|||||||&#8220; header_6_text_color=&#8220;#2d932f&#8220; header_6_line_height=&#8220;1.5em&#8220; custom_margin=&#8220;||||false|false&#8220; hover_enabled=&#8220;0&#8243; text_font_size_tablet=&#8220;15px&#8220; text_font_size_phone=&#8220;14px&#8220; text_font_size_last_edited=&#8220;on|phone&#8220; header_font_size_tablet=&#8220;40px&#8220; header_font_size_phone=&#8220;24px&#8220; header_font_size_last_edited=&#8220;on|desktop&#8220; header_2_font_size_tablet=&#8220;28px&#8220; header_2_font_size_phone=&#8220;20px&#8220; header_2_font_size_last_edited=&#8220;on|phone&#8220; header_3_font_size_tablet=&#8220;22px&#8220; header_3_font_size_phone=&#8220;17px&#8220; header_3_font_size_last_edited=&#8220;on|phone&#8220; header_4_font_size_tablet=&#8220;18px&#8220; header_4_font_size_phone=&#8220;15px&#8220; header_4_font_size_last_edited=&#8220;on|tablet&#8220; header_5_font_size_tablet=&#8220;15px&#8220; header_5_font_size_phone=&#8220;14px&#8220; header_5_font_size_last_edited=&#8220;on|desktop&#8220; header_6_font_size_tablet=&#8220;13px&#8220; header_6_font_size_phone=&#8220;13px&#8220; header_6_font_size_last_edited=&#8220;on|desktop&#8220; locked=&#8220;off&#8220; global_colors_info=&#8220;{}&#8220; sticky_enabled=&#8220;0&#8243;]<\/p>\n<p style=\"text-align: justify;\">Erlebe die Sch\u00f6nheit der <strong>Mecklenburgischen Seenplatte<\/strong> auf einer Bootstour nach <strong>Rheinsberg<\/strong>. Gleite \u00fcber glitzernde Seen, durch stille Kan\u00e4le und atme die Seeluft in einer der sch\u00f6nsten Wasserlandschaften Deutschlands. Ziel ist die Stadt Rheinsberg, mit ihrer romantischen Umgebung, den Schl\u00f6ssern, blumenreichen Ufern und stillen Rastpl\u00e4tzen. Ein idealer Ort f\u00fcr Natur- und Kulturliebhaber.<\/p>\n<p>[\/et_pb_text][\/et_pb_column][\/et_pb_row][et_pb_row column_structure=&#8220;1_2,1_2&#8243; _builder_version=&#8220;4.17.6&#8243; _module_preset=&#8220;5138c454-be54-4233-bd3b-f8e6a8747976&#8243; global_colors_info=&#8220;{}&#8220;][et_pb_column type=&#8220;1_2&#8243; _builder_version=&#8220;4.16&#8243; _module_preset=&#8220;73121f80-a3ef-4484-8763-c3f18e3c56d2&#8243; global_colors_info=&#8220;{}&#8220;][et_pb_image src=&#8220;https:\/\/kanatu.de\/wp-content\/uploads\/2026\/03\/transparent-Photoroom-2-scaled.webp&#8220; alt=&#8220;Zwei Kajaks paddeln durch den Rheinsberger rinn, mit ins Wasser h\u00e4ngenden \u00c4sten und gr\u00fcnen bewachsenen Ufern.&#8220; title_text=&#8220;Rheinsberg&#8220; _builder_version=&#8220;4.27.4&#8243; _module_preset=&#8220;6ed8fd5c-62c5-4100-98c3-7b8b6d2c2ee6&#8243; filter_hue_rotate=&#8220;335deg&#8220; filter_saturate=&#8220;94%&#8220; filter_brightness=&#8220;116%&#8220; filter_contrast=&#8220;85%&#8220; border_radii=&#8220;on|6px|6px|6px|6px&#8220; box_shadow_style=&#8220;preset4&#8243; box_shadow_horizontal=&#8220;0px&#8220; box_shadow_vertical=&#8220;24px&#8220; box_shadow_blur=&#8220;72px&#8220; box_shadow_spread=&#8220;-12px&#8220; box_shadow_color=&#8220;rgba(0,0,0,0.12)&#8220; global_colors_info=&#8220;{}&#8220;][\/et_pb_image][\/et_pb_column][et_pb_column type=&#8220;1_2&#8243; _builder_version=&#8220;4.16&#8243; _module_preset=&#8220;73121f80-a3ef-4484-8763-c3f18e3c56d2&#8243; global_colors_info=&#8220;{}&#8220;][et_pb_text _builder_version=&#8220;4.27.4&#8243; _module_preset=&#8220;default&#8220; header_3_font=&#8220;|600|||||||&#8220; header_3_text_color=&#8220;#fe5000&#8243; header_3_line_height=&#8220;1.2em&#8220; hover_enabled=&#8220;0&#8243; global_colors_info=&#8220;{}&#8220; sticky_enabled=&#8220;0&#8243;]<\/p>\n<h3 class=\"u-align-left u-text u-text-palette-2-base u-text-3\">Ausgangspunkt ist der Kanuverleih Kanatu in Priepert<\/h3>\n<ul class=\"u-align-left u-text u-text-4\">\n<li>Speisem\u00f6glichkeit im Restaurant Zum Yachthafen in Priepert<\/li>\n<li>Feste Unterkunft auf dem Campingplatz Havelperle<\/li>\n<li>Feste Unterkunft in der Ferienwohnung Kanatu in Priepert<\/li>\n<li>Campingm\u00f6glichkeit auf dem Campingplatz Havelperle<\/li>\n<li>Imbiss und Kiosk auf dem Campingplatz Havelperle und im Yachthafen Priepert<\/li>\n<\/ul>\n<p>[\/et_pb_text][et_pb_text _builder_version=&#8220;4.27.4&#8243; _module_preset=&#8220;default&#8220; header_3_font=&#8220;|600|||||||&#8220; header_3_text_color=&#8220;#fe5000&#8243; header_3_line_height=&#8220;1.2em&#8220; global_colors_info=&#8220;{}&#8220;]<\/p>\n<h3 class=\"u-align-left u-text u-text-palette-2-base u-text-5\">Rast- und Speisem\u00f6glichkeiten w\u00e4hrend der Kanutour<\/h3>\n<ul class=\"u-align-left u-text u-text-6\">\n<li>Gasthaus zum L\u00f6wen an der Schleuse Strasen<\/li>\n<li>Fischerei Kruse in Strasen<\/li>\n<li>Pension zur Schleuse in Canow<\/li>\n<li>Gasthaus Peters in Canow<\/li>\n<li>Fischer in Canow<\/li>\n<li>Umtragestelle Fleether M\u00fchle bei Fleeth<\/li>\n<li>Biber Ferienhof am Labussee bei Diemitz<\/li>\n<\/ul>\n<p>[\/et_pb_text][\/et_pb_column][\/et_pb_row][\/et_pb_section][et_pb_section fb_built=&#8220;1&#8243; admin_label=&#8220;Text &#038; Image&#8220; _builder_version=&#8220;4.27.4&#8243; _module_preset=&#8220;default&#8220; custom_margin=&#8220;0px||||false|false&#8220; custom_margin_tablet=&#8220;-125px||||false|false&#8220; custom_margin_phone=&#8220;-125px||||false|false&#8220; custom_margin_last_edited=&#8220;on|phone&#8220; locked=&#8220;off&#8220; collapsed=&#8220;on&#8220; global_colors_info=&#8220;{}&#8220;][et_pb_row column_structure=&#8220;1_2,1_2&#8243; _builder_version=&#8220;4.17.6&#8243; _module_preset=&#8220;5138c454-be54-4233-bd3b-f8e6a8747976&#8243; global_colors_info=&#8220;{}&#8220;][et_pb_column type=&#8220;1_2&#8243; _builder_version=&#8220;4.16&#8243; _module_preset=&#8220;73121f80-a3ef-4484-8763-c3f18e3c56d2&#8243; global_colors_info=&#8220;{}&#8220;][et_pb_text quote_border_color=&#8220;#0d21a1&#8243; _builder_version=&#8220;4.27.4&#8243; _module_preset=&#8220;2c55a9c4-feed-423b-9edb-ae0b5b365cac&#8220; text_font=&#8220;Arial|Arial_weight|||||||&#8220; text_text_color=&#8220;#000000&#8243; text_line_height=&#8220;1.75em&#8220; link_font=&#8220;|Arial_weight|||||||&#8220; link_text_color=&#8220;#011638&#8243; quote_font=&#8220;Arial|Arial_weight|||||||&#8220; quote_text_color=&#8220;#2d932f&#8220; header_font=&#8220;Arial|Arial_weight|||||||&#8220; header_text_color=&#8220;#2d932f&#8220; header_font_size=&#8220;72px&#8220; header_line_height=&#8220;1.15em&#8220; header_2_font=&#8220;Arial|Arial_weight|||||||&#8220; header_2_text_color=&#8220;#2d932f&#8220; header_2_font_size=&#8220;50px&#8220; header_2_line_height=&#8220;1.2em&#8220; header_3_font=&#8220;Arial|Arial_weight|||||||&#8220; header_3_text_color=&#8220;#fe5000&#8243; header_3_font_size=&#8220;32px&#8220; header_3_line_height=&#8220;1.3em&#8220; header_4_font=&#8220;Arial|Arial_weight|||||||&#8220; header_4_text_color=&#8220;#2d932f&#8220; header_4_font_size=&#8220;24px&#8220; header_4_line_height=&#8220;1.4em&#8220; header_5_font=&#8220;Arial|Arial_weight|||||||&#8220; header_5_text_color=&#8220;#2d932f&#8220; header_5_font_size=&#8220;18px&#8220; header_5_line_height=&#8220;1.4em&#8220; header_6_font=&#8220;Arial|Arial_weight|||||||&#8220; header_6_text_color=&#8220;#2d932f&#8220; header_6_line_height=&#8220;1.5em&#8220; custom_margin=&#8220;||||false|false&#8220; text_font_size_tablet=&#8220;15px&#8220; text_font_size_phone=&#8220;14px&#8220; text_font_size_last_edited=&#8220;on|phone&#8220; header_font_size_tablet=&#8220;40px&#8220; header_font_size_phone=&#8220;24px&#8220; header_font_size_last_edited=&#8220;on|desktop&#8220; header_2_font_size_tablet=&#8220;28px&#8220; header_2_font_size_phone=&#8220;20px&#8220; header_2_font_size_last_edited=&#8220;on|phone&#8220; header_3_font_size_tablet=&#8220;22px&#8220; header_3_font_size_phone=&#8220;17px&#8220; header_3_font_size_last_edited=&#8220;on|phone&#8220; header_4_font_size_tablet=&#8220;18px&#8220; header_4_font_size_phone=&#8220;15px&#8220; header_4_font_size_last_edited=&#8220;on|tablet&#8220; header_5_font_size_tablet=&#8220;15px&#8220; header_5_font_size_phone=&#8220;14px&#8220; header_5_font_size_last_edited=&#8220;on|desktop&#8220; header_6_font_size_tablet=&#8220;13px&#8220; header_6_font_size_phone=&#8220;13px&#8220; header_6_font_size_last_edited=&#8220;on|desktop&#8220; global_colors_info=&#8220;{}&#8220;]<\/p>\n<h3 class=\"u-align-left u-text u-text-palette-2-base u-text-7\">Campingm\u00f6glichkeiten w\u00e4hrend der Tour<\/h3>\n<ul class=\"u-align-left u-text u-text-8\">\n<li>Am Kleinen P\u00e4litzsee bei Canow<\/li>\n<li>Am Labussee bei Canow<\/li>\n<li>Campingplatz am Gobenowsee<\/li>\n<li>Am R\u00e4tzsee bei Drosedow<\/li>\n<li>An der Fleether M\u00fchle bei Fleeth<\/li>\n<li>Am Labussee bei Diemitz<\/li>\n<\/ul>\n<p>&nbsp;<\/p>\n<p>[\/et_pb_text][et_pb_text quote_border_color=&#8220;#0d21a1&#8243; _builder_version=&#8220;4.27.4&#8243; _module_preset=&#8220;2c55a9c4-feed-423b-9edb-ae0b5b365cac&#8220; text_font=&#8220;Arial|Arial_weight|||||||&#8220; text_text_color=&#8220;#000000&#8243; text_line_height=&#8220;1.75em&#8220; link_font=&#8220;|Arial_weight|||||||&#8220; link_text_color=&#8220;#011638&#8243; quote_font=&#8220;Arial|Arial_weight|||||||&#8220; quote_text_color=&#8220;#2d932f&#8220; header_font=&#8220;Arial|Arial_weight|||||||&#8220; header_text_color=&#8220;#2d932f&#8220; header_font_size=&#8220;72px&#8220; header_line_height=&#8220;1.15em&#8220; header_2_font=&#8220;Arial|Arial_weight|||||||&#8220; header_2_text_color=&#8220;#2d932f&#8220; header_2_font_size=&#8220;50px&#8220; header_2_line_height=&#8220;1.2em&#8220; header_3_font=&#8220;Arial|Arial_weight|||||||&#8220; header_3_text_color=&#8220;#fe5000&#8243; header_3_font_size=&#8220;32px&#8220; header_3_line_height=&#8220;1.3em&#8220; header_4_font=&#8220;Arial|Arial_weight|||||||&#8220; header_4_text_color=&#8220;#2d932f&#8220; header_4_font_size=&#8220;24px&#8220; header_4_line_height=&#8220;1.4em&#8220; header_5_font=&#8220;Arial|Arial_weight|||||||&#8220; header_5_text_color=&#8220;#2d932f&#8220; header_5_font_size=&#8220;18px&#8220; header_5_line_height=&#8220;1.4em&#8220; header_6_font=&#8220;Arial|Arial_weight|||||||&#8220; header_6_text_color=&#8220;#2d932f&#8220; header_6_line_height=&#8220;1.5em&#8220; custom_margin=&#8220;||||false|false&#8220; text_font_size_tablet=&#8220;15px&#8220; text_font_size_phone=&#8220;14px&#8220; text_font_size_last_edited=&#8220;on|phone&#8220; header_font_size_tablet=&#8220;40px&#8220; header_font_size_phone=&#8220;24px&#8220; header_font_size_last_edited=&#8220;on|desktop&#8220; header_2_font_size_tablet=&#8220;28px&#8220; header_2_font_size_phone=&#8220;20px&#8220; header_2_font_size_last_edited=&#8220;on|phone&#8220; header_3_font_size_tablet=&#8220;22px&#8220; header_3_font_size_phone=&#8220;17px&#8220; header_3_font_size_last_edited=&#8220;on|phone&#8220; header_4_font_size_tablet=&#8220;18px&#8220; header_4_font_size_phone=&#8220;15px&#8220; header_4_font_size_last_edited=&#8220;on|tablet&#8220; header_5_font_size_tablet=&#8220;15px&#8220; header_5_font_size_phone=&#8220;14px&#8220; header_5_font_size_last_edited=&#8220;on|desktop&#8220; header_6_font_size_tablet=&#8220;13px&#8220; header_6_font_size_phone=&#8220;13px&#8220; header_6_font_size_last_edited=&#8220;on|desktop&#8220; global_colors_info=&#8220;{}&#8220;]<\/p>\n<h3 class=\"u-align-center u-text u-text-palette-2-base u-text-1\">Feste Unterk\u00fcnfte w\u00e4hrend der Tour<\/h3>\n<ul class=\"u-align-left u-text u-text-8\">\n<li>Pension zur Schleuse in Canow<\/li>\n<li>Gasthaus Peters in Canow<\/li>\n<li>Biber Tours Campingplatz und Outdoorhotel am Labussee<\/li>\n<li>Biber-Ferienhof in Diemitz<\/li>\n<\/ul>\n<p>[\/et_pb_text][\/et_pb_column][et_pb_column type=&#8220;1_2&#8243; _builder_version=&#8220;4.16&#8243; _module_preset=&#8220;73121f80-a3ef-4484-8763-c3f18e3c56d2&#8243; global_colors_info=&#8220;{}&#8220;][et_pb_text _builder_version=&#8220;4.27.4&#8243; _module_preset=&#8220;default&#8220; global_colors_info=&#8220;{}&#8220;]<iframe loading=\"lazy\" src=\"https:\/\/www.google.com\/maps\/d\/embed?mid=1F3S7N5PWb9-LqBJLYoxhotfyp4o&#038;hl=de&#038;ehbc=2E312F\" width=\"640\" height=\"480\"><\/iframe>[\/et_pb_text][\/et_pb_column][\/et_pb_row][\/et_pb_section][et_pb_section fb_built=&#8220;1&#8243; admin_label=&#8220;Call to Action&#8220; _builder_version=&#8220;4.24.2&#8243; _module_preset=&#8220;default&#8220; background_color=&#8220;#011638&#8243; custom_padding=&#8220;10px||10px||true|false&#8220; locked=&#8220;off&#8220; collapsed=&#8220;on&#8220; global_colors_info=&#8220;{%22#011638%22:%91%22background_color%22%93}&#8220;][et_pb_row column_structure=&#8220;2_3,1_3&#8243; _builder_version=&#8220;4.24.2&#8243; _module_preset=&#8220;5138c454-be54-4233-bd3b-f8e6a8747976&#8243; global_colors_info=&#8220;{}&#8220;][et_pb_column type=&#8220;2_3&#8243; _builder_version=&#8220;4.18.0&#8243; _module_preset=&#8220;73121f80-a3ef-4484-8763-c3f18e3c56d2&#8243; global_colors_info=&#8220;{}&#8220;][et_pb_blurb title=&#8220;Buche deine unvergessliche Tour&#8220; use_icon=&#8220;on&#8220; font_icon=&#8220;&#xf061;||fa||900&#8243; icon_color=&#8220;#FFFFFF&#8220; icon_placement=&#8220;left&#8220; image_icon_width=&#8220;40px&#8220; content_max_width=&#8220;100%&#8220; _builder_version=&#8220;4.27.4&#8243; _module_preset=&#8220;ca79a742-981f-479f-a8a2-3a0292efaff0&#8243; header_font=&#8220;Arial|Arial_weight|||||||&#8220; header_text_color=&#8220;#FFFFFF&#8220; header_font_size=&#8220;18px&#8220; header_line_height=&#8220;1.4em&#8220; body_font=&#8220;Arial|Arial_weight|||||||&#8220; body_text_color=&#8220;#FFFFFF&#8220; body_font_size=&#8220;16px&#8220; body_line_height=&#8220;1.75em&#8220; body_link_font=&#8220;||||on||||&#8220; body_link_text_color=&#8220;#FFFFFF&#8220; body_link_font_size=&#8220;14px&#8220; background_mask_style=&#8220;arch&#8220; animation=&#8220;off&#8220; hover_enabled=&#8220;0&#8243; header_font_size_tablet=&#8220;15px&#8220; header_font_size_phone=&#8220;14px&#8220; header_font_size_last_edited=&#8220;on|phone&#8220; body_font_size_tablet=&#8220;15px&#8220; body_font_size_phone=&#8220;14px&#8220; body_font_size_last_edited=&#8220;on|desktop&#8220; border_radii_image=&#8220;on|6px|6px|6px|6px&#8220; global_colors_info=&#8220;{%22gcid-f2943306-fa6c-45f0-b632-5fc00151366a%22:%91%22button_text_color%22%93,%22gcid-36fd78a7-34bc-404d-873c-dafa34efaae5%22:%91%22button_text_color%22%93}&#8220; sticky_enabled=&#8220;0&#8243;]<\/p>\n<p>Entdecke die einzigartige Natur der <strong>Mecklenburgischen Seenplatte<\/strong> vom Wasser aus! Buche jetzt dein Wunschboot f\u00fcr deine Tour nach\u00a0<strong>Rheinsberg<\/strong> und erlebe ein unvergessliches Abenteuer.<\/p>\n<p>[\/et_pb_blurb][\/et_pb_column][et_pb_column type=&#8220;1_3&#8243; _builder_version=&#8220;4.18.0&#8243; _module_preset=&#8220;73121f80-a3ef-4484-8763-c3f18e3c56d2&#8243; global_colors_info=&#8220;{}&#8220;][et_pb_button button_url=&#8220;https:\/\/kanatu.de\/vermietung\/&#8220; button_text=&#8220;Jetzt buchen&#8220; button_alignment=&#8220;right&#8220; button_alignment_tablet=&#8220;left&#8220; button_alignment_phone=&#8220;left&#8220; button_alignment_last_edited=&#8220;on|tablet&#8220; _builder_version=&#8220;4.27.4&#8243; _module_preset=&#8220;ab15fb74-61a3-43aa-96b3-41e09aeef654&#8243; custom_button=&#8220;on&#8220; button_text_size=&#8220;14px&#8220; button_text_color=&#8220;#0d21a1&#8243; button_bg_color=&#8220;#FFFFFF&#8220; button_border_width=&#8220;0px&#8220; button_border_radius=&#8220;100px&#8220; button_font=&#8220;Arial|700|||||||&#8220; custom_padding=&#8220;12px|24px|12px|24px|true|true&#8220; locked=&#8220;off&#8220; global_colors_info=&#8220;{%22#0d21a1%22:%91%22button_text_color%22%93}&#8220;][\/et_pb_button][\/et_pb_column][\/et_pb_row][\/et_pb_section]<\/p>\n","protected":false},"excerpt":{"rendered":"<p>Erlebe die Sch\u00f6nheit der Mecklenburgischen Seenplatte auf einer Bootstour nach Rheinsberg. Gleite \u00fcber glitzernde Seen, durch stille Kan\u00e4le und atme die Seeluft in einer der sch\u00f6nsten Wasserlandschaften Deutschlands. Ziel ist die Stadt Rheinsberg, mit ihrer romantischen Umgebung, den Schl\u00f6ssern, blumenreichen Ufern und stillen Rastpl\u00e4tzen. Ein idealer Ort f\u00fcr Natur- und Kulturliebhaber.Ausgangspunkt ist der Kanuverleih Kanatu [&hellip;]<\/p>\n","protected":false},"author":1,"featured_media":0,"parent":0,"menu_order":0,"comment_status":"closed","ping_status":"closed","template":"","meta":{"_et_pb_use_builder":"on","_et_pb_old_content":"","_et_gb_content_width":"","footnotes":""},"class_list":["post-315","page","type-page","status-publish","hentry"],"yoast_head":"<!-- This site is optimized with the Yoast SEO plugin v27.1.1 - https:\/\/yoast.com\/product\/yoast-seo-wordpress\/ -->\n<title>Rheinsberg - Kanatu Priepert<\/title>\n<meta name=\"robots\" content=\"index, follow, max-snippet:-1, max-image-preview:large, max-video-preview:-1\" \/>\n<link rel=\"canonical\" href=\"https:\/\/kanatu.de\/en\/rheinsberg\/\" \/>\n<meta property=\"og:locale\" content=\"en_US\" \/>\n<meta property=\"og:type\" content=\"article\" \/>\n<meta property=\"og:title\" content=\"Rheinsberg - Kanatu Priepert\" \/>\n<meta property=\"og:description\" content=\"Erlebe die Sch\u00f6nheit der Mecklenburgischen Seenplatte auf einer Bootstour nach Rheinsberg. Gleite \u00fcber glitzernde Seen, durch stille Kan\u00e4le und atme die Seeluft in einer der sch\u00f6nsten Wasserlandschaften Deutschlands. Ziel ist die Stadt Rheinsberg, mit ihrer romantischen Umgebung, den Schl\u00f6ssern, blumenreichen Ufern und stillen Rastpl\u00e4tzen. Ein idealer Ort f\u00fcr Natur- und Kulturliebhaber.Ausgangspunkt ist der Kanuverleih Kanatu [&hellip;]\" \/>\n<meta property=\"og:url\" content=\"https:\/\/kanatu.de\/en\/rheinsberg\/\" \/>\n<meta property=\"og:site_name\" content=\"Kanatu Priepert\" \/>\n<meta property=\"article:modified_time\" content=\"2026-03-14T07:58:40+00:00\" \/>\n<meta name=\"twitter:card\" content=\"summary_large_image\" \/>\n<meta name=\"twitter:label1\" content=\"Est. reading time\" \/>\n\t<meta name=\"twitter:data1\" content=\"10 minutes\" \/>\n<script type=\"application\/ld+json\" class=\"yoast-schema-graph\">{\"@context\":\"https:\/\/schema.org\",\"@graph\":[{\"@type\":\"WebPage\",\"@id\":\"https:\/\/kanatu.de\/rheinsberg\/\",\"url\":\"https:\/\/kanatu.de\/rheinsberg\/\",\"name\":\"Rheinsberg - Kanatu Priepert\",\"isPartOf\":{\"@id\":\"https:\/\/kanatu.de\/#website\"},\"datePublished\":\"2025-05-03T15:23:04+00:00\",\"dateModified\":\"2026-03-14T07:58:40+00:00\",\"breadcrumb\":{\"@id\":\"https:\/\/kanatu.de\/rheinsberg\/#breadcrumb\"},\"inLanguage\":\"en-US\",\"potentialAction\":[{\"@type\":\"ReadAction\",\"target\":[\"https:\/\/kanatu.de\/rheinsberg\/\"]}]},{\"@type\":\"BreadcrumbList\",\"@id\":\"https:\/\/kanatu.de\/rheinsberg\/#breadcrumb\",\"itemListElement\":[{\"@type\":\"ListItem\",\"position\":1,\"name\":\"Start\",\"item\":\"https:\/\/kanatu.de\/\"},{\"@type\":\"ListItem\",\"position\":2,\"name\":\"Rheinsberg\"}]},{\"@type\":\"WebSite\",\"@id\":\"https:\/\/kanatu.de\/#website\",\"url\":\"https:\/\/kanatu.de\/\",\"name\":\"Kanatu Priepert\",\"description\":\"Entdecke die Mecklenburgische Seenplatte auf dem Wasser!\",\"potentialAction\":[{\"@type\":\"SearchAction\",\"target\":{\"@type\":\"EntryPoint\",\"urlTemplate\":\"https:\/\/kanatu.de\/?s={search_term_string}\"},\"query-input\":{\"@type\":\"PropertyValueSpecification\",\"valueRequired\":true,\"valueName\":\"search_term_string\"}}],\"inLanguage\":\"en-US\"}]}<\/script>\n<!-- \/ Yoast SEO plugin. -->","yoast_head_json":{"title":"Rheinsberg - Kanatu Priepert","robots":{"index":"index","follow":"follow","max-snippet":"max-snippet:-1","max-image-preview":"max-image-preview:large","max-video-preview":"max-video-preview:-1"},"canonical":"https:\/\/kanatu.de\/en\/rheinsberg\/","og_locale":"en_US","og_type":"article","og_title":"Rheinsberg - Kanatu Priepert","og_description":"Erlebe die Sch\u00f6nheit der Mecklenburgischen Seenplatte auf einer Bootstour nach Rheinsberg. Gleite \u00fcber glitzernde Seen, durch stille Kan\u00e4le und atme die Seeluft in einer der sch\u00f6nsten Wasserlandschaften Deutschlands. Ziel ist die Stadt Rheinsberg, mit ihrer romantischen Umgebung, den Schl\u00f6ssern, blumenreichen Ufern und stillen Rastpl\u00e4tzen. Ein idealer Ort f\u00fcr Natur- und Kulturliebhaber.Ausgangspunkt ist der Kanuverleih Kanatu [&hellip;]","og_url":"https:\/\/kanatu.de\/en\/rheinsberg\/","og_site_name":"Kanatu Priepert","article_modified_time":"2026-03-14T07:58:40+00:00","twitter_card":"summary_large_image","twitter_misc":{"Est. reading time":"10 minutes"},"schema":{"@context":"https:\/\/schema.org","@graph":[{"@type":"WebPage","@id":"https:\/\/kanatu.de\/rheinsberg\/","url":"https:\/\/kanatu.de\/rheinsberg\/","name":"Rheinsberg - Kanatu Priepert","isPartOf":{"@id":"https:\/\/kanatu.de\/#website"},"datePublished":"2025-05-03T15:23:04+00:00","dateModified":"2026-03-14T07:58:40+00:00","breadcrumb":{"@id":"https:\/\/kanatu.de\/rheinsberg\/#breadcrumb"},"inLanguage":"en-US","potentialAction":[{"@type":"ReadAction","target":["https:\/\/kanatu.de\/rheinsberg\/"]}]},{"@type":"BreadcrumbList","@id":"https:\/\/kanatu.de\/rheinsberg\/#breadcrumb","itemListElement":[{"@type":"ListItem","position":1,"name":"Start","item":"https:\/\/kanatu.de\/"},{"@type":"ListItem","position":2,"name":"Rheinsberg"}]},{"@type":"WebSite","@id":"https:\/\/kanatu.de\/#website","url":"https:\/\/kanatu.de\/","name":"Kanatu Priepert","description":"Entdecke die Mecklenburgische Seenplatte auf dem Wasser!","potentialAction":[{"@type":"SearchAction","target":{"@type":"EntryPoint","urlTemplate":"https:\/\/kanatu.de\/?s={search_term_string}"},"query-input":{"@type":"PropertyValueSpecification","valueRequired":true,"valueName":"search_term_string"}}],"inLanguage":"en-US"}]}},"_links":{"self":[{"href":"https:\/\/kanatu.de\/en\/wp-json\/wp\/v2\/pages\/315","targetHints":{"allow":["GET"]}}],"collection":[{"href":"https:\/\/kanatu.de\/en\/wp-json\/wp\/v2\/pages"}],"about":[{"href":"https:\/\/kanatu.de\/en\/wp-json\/wp\/v2\/types\/page"}],"author":[{"embeddable":true,"href":"https:\/\/kanatu.de\/en\/wp-json\/wp\/v2\/users\/1"}],"replies":[{"embeddable":true,"href":"https:\/\/kanatu.de\/en\/wp-json\/wp\/v2\/comments?post=315"}],"version-history":[{"count":8,"href":"https:\/\/kanatu.de\/en\/wp-json\/wp\/v2\/pages\/315\/revisions"}],"predecessor-version":[{"id":71837,"href":"https:\/\/kanatu.de\/en\/wp-json\/wp\/v2\/pages\/315\/revisions\/71837"}],"wp:attachment":[{"href":"https:\/\/kanatu.de\/en\/wp-json\/wp\/v2\/media?parent=315"}],"curies":[{"name":"wp","href":"https:\/\/api.w.org\/{rel}","templated":true}]}}